{"id":122832,"date":"2022-08-20T22:44:27","date_gmt":"2022-08-20T20:44:27","guid":{"rendered":"https:\/\/metal-badge.ch\/product\/122832\/couteau-de-chasse-huntshield\/"},"modified":"2022-08-20T22:44:27","modified_gmt":"2022-08-20T20:44:27","slug":"couteau-de-chasse-huntshield","status":"publish","type":"product","link":"https:\/\/metal-badge.ch\/fr\/product\/122832\/couteau-de-chasse-huntshield\/","title":{"rendered":"Couteau de chasse Huntshield"},"content":{"rendered":"<p><span style=\"font-weight: 400;\">Couteau de chasse de haute qualit\u00e9 en ex\u00e9cution massive avec lame continue et solide. Le couteau de <\/span><b>Huntshield<\/b><span style=\"font-weight: 400;\">, d&rsquo;une longueur totale de 23 cm, est livr\u00e9 dans un bel \u00e9tui en cuir. Le manche ergonomique du couteau est en fibre de verre \/ \u00e9poxy de haute qualit\u00e9 et offre une bonne prise en main antid\u00e9rapante. La poign\u00e9e est en outre munie d&rsquo;un support pour les boucles et la s\u00e9curit\u00e9. La lame est en acier inoxydable 440 A.&nbsp;<\/span><\/p>\n<p><b>Informations sur le produit&nbsp;:&nbsp;<\/b><\/p>\n<ul>\n<li><span style=\"font-weight: 400;\">Marque&nbsp;: Huntshield&nbsp;<\/span><\/li>\n<li><span style=\"font-weight: 400;\">R\u00e9f\u00e9rence&nbsp;: LGSS-H310B&nbsp;<\/span><\/li>\n<li><span style=\"font-weight: 400;\">Couleur de la poign\u00e9e&nbsp;: marron&nbsp;<\/span><\/li>\n<li><span style=\"font-weight: 400;\">Mat\u00e9riau de la poign\u00e9e&nbsp;: Fibre de verre \/ Epoxy<\/span><\/li>\n<li><span style=\"font-weight: 400;\">Mat\u00e9riau de la lame&nbsp;: acier inoxydable 440 A&nbsp;<\/span><\/li>\n<li><span style=\"font-weight: 400;\">Longueur de lame&nbsp;: 12 cm<\/span><\/li>\n<li><span style=\"font-weight: 400;\">Longueur de la poign\u00e9e&nbsp;: 11 cm<\/span><\/li>\n<li><span style=\"font-weight: 400;\">Longueur totale&nbsp;: 23 cm<\/span><\/li>\n<li><span style=\"font-weight: 400;\">Poids&nbsp;: 200 gr. <\/span><\/li>\n<\/ul>\n","protected":false},"excerpt":{"rendered":"<p><span style=\"font-weight: 400;\">Couteau de chasse de haute qualit\u00e9 en ex\u00e9cution massive avec lame continue et solide. Le couteau de <\/span><b>Huntshield<\/b><span style=\"font-weight: 400;\">, d&rsquo;une longueur totale de 23 cm, est livr\u00e9 dans un bel \u00e9tui en cuir. Le manche ergonomique du couteau est en fibre de verre \/ \u00e9poxy de haute qualit\u00e9 et offre une bonne prise en main antid\u00e9rapante. La poign\u00e9e est en outre munie d&rsquo;un support pour les boucles et la s\u00e9curit\u00e9. La lame est en acier inoxydable 440 A.&nbsp;<\/span><\/p>\n","protected":false},"featured_media":122812,"comment_status":"closed","ping_status":"closed","template":"","meta":{"inline_featured_image":false},"product_brand":[],"product_cat":[1035,1347],"product_tag":[1769],"class_list":{"0":"post-122832","1":"product","2":"type-product","3":"status-publish","4":"has-post-thumbnail","6":"product_cat-couteaux-machettes","7":"product_cat-accessoires-militaires-de-chasse","8":"product_tag-army-survival-fr","10":"first","11":"instock","12":"taxable","13":"shipping-taxable","14":"purchasable","15":"product-type-simple"},"_links":{"self":[{"href":"https:\/\/metal-badge.ch\/fr\/wp-json\/wp\/v2\/product\/122832","targetHints":{"allow":["GET"]}}],"collection":[{"href":"https:\/\/metal-badge.ch\/fr\/wp-json\/wp\/v2\/product"}],"about":[{"href":"https:\/\/metal-badge.ch\/fr\/wp-json\/wp\/v2\/types\/product"}],"replies":[{"embeddable":true,"href":"https:\/\/metal-badge.ch\/fr\/wp-json\/wp\/v2\/comments?post=122832"}],"wp:featuredmedia":[{"embeddable":true,"href":"https:\/\/metal-badge.ch\/fr\/wp-json\/wp\/v2\/media\/122812"}],"wp:attachment":[{"href":"https:\/\/metal-badge.ch\/fr\/wp-json\/wp\/v2\/media?parent=122832"}],"wp:term":[{"taxonomy":"product_brand","embeddable":true,"href":"https:\/\/metal-badge.ch\/fr\/wp-json\/wp\/v2\/product_brand?post=122832"},{"taxonomy":"product_cat","embeddable":true,"href":"https:\/\/metal-badge.ch\/fr\/wp-json\/wp\/v2\/product_cat?post=122832"},{"taxonomy":"product_tag","embeddable":true,"href":"https:\/\/metal-badge.ch\/fr\/wp-json\/wp\/v2\/product_tag?post=122832"}],"curies":[{"name":"wp","href":"https:\/\/api.w.org\/{rel}","templated":true}]}}