{"id":122806,"date":"2022-08-20T22:15:29","date_gmt":"2022-08-20T20:15:29","guid":{"rendered":"https:\/\/metal-badge.ch\/product\/122806\/couteau-de-chasse-outbound-a-une-main\/"},"modified":"2022-08-20T22:15:29","modified_gmt":"2022-08-20T20:15:29","slug":"couteau-de-chasse-outbound-a-une-main","status":"publish","type":"product","link":"https:\/\/metal-badge.ch\/fr\/product\/122806\/couteau-de-chasse-outbound-a-une-main\/","title":{"rendered":"Couteau de chasse Outbound \u00e0 une main"},"content":{"rendered":"<p><span style=\"font-weight: 400;\">Le couteau \u00e0 une main classique d&rsquo;Outbound est tr\u00e8s robuste et dispose d&rsquo;un trou de poign\u00e9e pour la fixation d&rsquo;une dragonne et d&rsquo;un cran de s\u00fbret\u00e9. La poign\u00e9e TacHide, tr\u00e8s ergonomique, offre une bonne prise \u00e0 la main de travail. Des ergots de pouce sont mont\u00e9s des deux c\u00f4t\u00e9s pour permettre de manipuler la lame d&rsquo;une seule main. La lame est en acier inoxydable 420ss et en alliage de titane.&nbsp;<\/span><\/p>\n<p><span style=\"font-weight: 400;\">Le manche du couteau est en plastique caoutchout\u00e9 et offre ainsi une bonne prise en main antid\u00e9rapante. Les encoches dans le manche et le mat\u00e9riau rugueux garantissent \u00e9galement une bonne prise en main lorsque les mains sont mouill\u00e9es. Le couteau est \u00e9quip\u00e9 d&rsquo;un clip de ceinture en m\u00e9tal.&nbsp;<\/span><\/p>\n<p><b>Informations sur le produit&nbsp;:&nbsp;<\/b><\/p>\n<ul>\n<li><span style=\"font-weight: 400;\">Marque&nbsp;: Outbound&nbsp;<\/span><\/li>\n<li><span style=\"font-weight: 400;\">D\u00e9signation&nbsp;: LGSS-E913 Chasse&nbsp;<\/span><\/li>\n<li><span style=\"font-weight: 400;\">Couleur de la poign\u00e9e&nbsp;: noir \/ orange&nbsp;<\/span><\/li>\n<li><span style=\"font-weight: 400;\">Mat\u00e9riau de la lame&nbsp;: acier inoxydable 420 ss avec alliage de titane&nbsp;<\/span><\/li>\n<li><span style=\"font-weight: 400;\">Longueur de la lame&nbsp;: 10 cm<\/span><\/li>\n<li><span style=\"font-weight: 400;\">Longueur de la poign\u00e9e&nbsp;: 12 cm<\/span><\/li>\n<li><span style=\"font-weight: 400;\">Longueur totale&nbsp;: 22 cm<\/span><\/li>\n<li><span style=\"font-weight: 400;\">Poids&nbsp;: 175 gr. <\/span><\/li>\n<\/ul>\n","protected":false},"excerpt":{"rendered":"<p><span style=\"font-weight: 400;\">Le couteau \u00e0 une main classique d&rsquo;Outbound est tr\u00e8s robuste et dispose d&rsquo;un trou de poign\u00e9e pour la fixation d&rsquo;une dragonne et d&rsquo;un cran de s\u00fbret\u00e9. La poign\u00e9e TacHide, tr\u00e8s ergonomique, offre une bonne prise \u00e0 la main de travail. Des ergots de pouce sont mont\u00e9s des deux c\u00f4t\u00e9s pour permettre de manipuler la lame d&rsquo;une seule main. La lame est en acier inoxydable 420ss et en alliage de titane.&nbsp;<\/span><\/p>\n","protected":false},"featured_media":122775,"comment_status":"closed","ping_status":"closed","template":"","meta":{"inline_featured_image":false},"product_brand":[],"product_cat":[1035,1347],"product_tag":[1769],"class_list":{"0":"post-122806","1":"product","2":"type-product","3":"status-publish","4":"has-post-thumbnail","6":"product_cat-couteaux-machettes","7":"product_cat-accessoires-militaires-de-chasse","8":"product_tag-army-survival-fr","10":"first","11":"instock","12":"taxable","13":"shipping-taxable","14":"purchasable","15":"product-type-simple"},"_links":{"self":[{"href":"https:\/\/metal-badge.ch\/fr\/wp-json\/wp\/v2\/product\/122806","targetHints":{"allow":["GET"]}}],"collection":[{"href":"https:\/\/metal-badge.ch\/fr\/wp-json\/wp\/v2\/product"}],"about":[{"href":"https:\/\/metal-badge.ch\/fr\/wp-json\/wp\/v2\/types\/product"}],"replies":[{"embeddable":true,"href":"https:\/\/metal-badge.ch\/fr\/wp-json\/wp\/v2\/comments?post=122806"}],"wp:featuredmedia":[{"embeddable":true,"href":"https:\/\/metal-badge.ch\/fr\/wp-json\/wp\/v2\/media\/122775"}],"wp:attachment":[{"href":"https:\/\/metal-badge.ch\/fr\/wp-json\/wp\/v2\/media?parent=122806"}],"wp:term":[{"taxonomy":"product_brand","embeddable":true,"href":"https:\/\/metal-badge.ch\/fr\/wp-json\/wp\/v2\/product_brand?post=122806"},{"taxonomy":"product_cat","embeddable":true,"href":"https:\/\/metal-badge.ch\/fr\/wp-json\/wp\/v2\/product_cat?post=122806"},{"taxonomy":"product_tag","embeddable":true,"href":"https:\/\/metal-badge.ch\/fr\/wp-json\/wp\/v2\/product_tag?post=122806"}],"curies":[{"name":"wp","href":"https:\/\/api.w.org\/{rel}","templated":true}]}}