{"id":122706,"date":"2022-08-19T23:52:33","date_gmt":"2022-08-19T21:52:34","guid":{"rendered":"https:\/\/metal-badge.ch\/?post_type=product&#038;p=122706"},"modified":"2023-04-01T13:53:30","modified_gmt":"2023-04-01T11:53:30","slug":"gilet-fonctionnel-de-signalisation-orange-gris","status":"publish","type":"product","link":"https:\/\/metal-badge.ch\/fr\/product\/122706\/gilet-fonctionnel-de-signalisation-orange-gris\/","title":{"rendered":"Gilet fonctionnel de signalisation orange \/ gris"},"content":{"rendered":"<p><span style=\"font-weight: 400;\">Gilet fonctionnel l\u00e9ger en orange \/ gris avec des bandes r\u00e9fl\u00e9chissantes transversales et verticales qui sont bien visibles m\u00eame dans l&rsquo;obscurit\u00e9 et par mauvaise visibilit\u00e9. Avec seulement 140 g, le gilet se glisse dans presque toutes les poches de pantalon. Le gilet est facile d&rsquo;entretien et lavable. Le gilet fonctionnel est \u00e9quip\u00e9 de deux grandes poches velcro, d&rsquo;une poche poitrine pour mobile et d&rsquo;une poche pour stylo. Le gilet est en outre \u00e9quip\u00e9 d&rsquo;une fen\u00eatre ID et d&rsquo;un anneau en plastique.&nbsp;&nbsp;<\/span><\/p>\n<p><b>Informations sur le produit :<\/b><span style=\"font-weight: 400;\"><br \/>\n<\/span><\/p>\n<ul>\n<li><span style=\"font-weight: 400;\">Couleur : orange \/ gris<\/span><span style=\"font-weight: 400;\"><br \/>\n<\/span><\/li>\n<li><span style=\"font-weight: 400;\">Bandes r\u00e9fl\u00e9chissantes: Bandes Hi-Viz tout autour de 5 cm de large en largeur et en hauteur<\/span><span style=\"font-weight: 400;\"><br \/>\n<\/span><\/li>\n<li><span style=\"font-weight: 400;\">Mat\u00e9riel : 100 % polyester<\/span><span style=\"font-weight: 400;\"><br \/>\n<\/span><\/li>\n<li><span style=\"font-weight: 400;\">Poids : 140 gr.<\/span><span style=\"font-weight: 400;\"><br \/>\n<\/span><\/li>\n<li><span style=\"font-weight: 400;\">Certifi\u00e9 CE Norme EN : 20471<\/span><span style=\"font-weight: 400;\"><br \/>\n<\/span><\/li>\n<li><span style=\"font-weight: 400;\">2x grandes poches avec fermeture \u00e9clair et suffisamment d&rsquo;espace de rangement<\/span><span style=\"font-weight: 400;\"><br \/>\n<\/span><\/li>\n<li><span style=\"font-weight: 400;\">1x poche de poitrine pour radio ou poche pour portable avec fermeture velcro<\/span><\/li>\n<li><span style=\"font-weight: 400;\">1x fen\u00eatre ID<\/span><\/li>\n<li><span style=\"font-weight: 400;\">1x compartiment pour stylos&nbsp;<\/span><\/li>\n<li><span style=\"font-weight: 400;\">1x anneau plastique <\/span><span style=\"font-weight: 400;\"><br \/>\n<\/span><\/li>\n<li><span style=\"font-weight: 400;\">fermeture \u00e9clair<\/span><span style=\"font-weight: 400;\"><br \/>\n<\/span><\/li>\n<li><span style=\"font-weight: 400;\">Lavable : 40&nbsp; degr\u00e9s<\/span><span style=\"font-weight: 400;\"><br \/>\n<\/span><\/li>\n<li><span style=\"font-weight: 400;\">Taille : S, M, L, XL, 2XL<\/span><\/li>\n<\/ul>\n<p><span style=\"font-weight: 400;\">Ces gilets fonctionnels sont \u00e9galement livrables avec votre inscription moyennant un suppl\u00e9ment \u00e0 partir de 50 pi\u00e8ces.<\/span><\/p>\n","protected":false},"excerpt":{"rendered":"<p><span style=\"font-weight: 400;\">Gilet fonctionnel l\u00e9ger en orange \/ gris avec des bandes r\u00e9fl\u00e9chissantes transversales et verticales qui sont bien visibles m\u00eame dans l&rsquo;obscurit\u00e9 et par mauvaise visibilit\u00e9. Avec seulement 140 g, le gilet se glisse dans presque toutes les poches de pantalon. Le gilet est facile d&rsquo;entretien et lavable. Le gilet fonctionnel est \u00e9quip\u00e9 de deux grandes poches velcro, d&rsquo;une poche poitrine pour mobile et d&rsquo;une poche pour stylo. Le gilet est en outre \u00e9quip\u00e9 d&rsquo;une fen\u00eatre ID et d&rsquo;un anneau en plastique.&nbsp;&nbsp;<\/span><\/p>\n","protected":false},"featured_media":122754,"comment_status":"closed","ping_status":"closed","template":"","meta":{"inline_featured_image":false},"product_brand":[],"product_cat":[1606,2215,1650],"product_tag":[],"class_list":{"0":"post-122706","1":"product","2":"type-product","3":"status-publish","4":"has-post-thumbnail","6":"product_cat-vetements-haute-visibilite-et-lumineux","7":"product_cat-vestes_tactiques","8":"product_cat-sacs-dintervention","10":"first","11":"instock","12":"taxable","13":"shipping-taxable","14":"purchasable","15":"product-type-simple"},"_links":{"self":[{"href":"https:\/\/metal-badge.ch\/fr\/wp-json\/wp\/v2\/product\/122706","targetHints":{"allow":["GET"]}}],"collection":[{"href":"https:\/\/metal-badge.ch\/fr\/wp-json\/wp\/v2\/product"}],"about":[{"href":"https:\/\/metal-badge.ch\/fr\/wp-json\/wp\/v2\/types\/product"}],"replies":[{"embeddable":true,"href":"https:\/\/metal-badge.ch\/fr\/wp-json\/wp\/v2\/comments?post=122706"}],"wp:featuredmedia":[{"embeddable":true,"href":"https:\/\/metal-badge.ch\/fr\/wp-json\/wp\/v2\/media\/122754"}],"wp:attachment":[{"href":"https:\/\/metal-badge.ch\/fr\/wp-json\/wp\/v2\/media?parent=122706"}],"wp:term":[{"taxonomy":"product_brand","embeddable":true,"href":"https:\/\/metal-badge.ch\/fr\/wp-json\/wp\/v2\/product_brand?post=122706"},{"taxonomy":"product_cat","embeddable":true,"href":"https:\/\/metal-badge.ch\/fr\/wp-json\/wp\/v2\/product_cat?post=122706"},{"taxonomy":"product_tag","embeddable":true,"href":"https:\/\/metal-badge.ch\/fr\/wp-json\/wp\/v2\/product_tag?post=122706"}],"curies":[{"name":"wp","href":"https:\/\/api.w.org\/{rel}","templated":true}]}}