{"id":122584,"date":"2022-08-19T21:38:20","date_gmt":"2022-08-19T19:38:20","guid":{"rendered":"https:\/\/metal-badge.ch\/product\/122584\/machette-noire-avec-poignee-abs\/"},"modified":"2022-08-19T21:38:20","modified_gmt":"2022-08-19T19:38:20","slug":"machette-noire-avec-poignee-abs","status":"publish","type":"product","link":"https:\/\/metal-badge.ch\/fr\/product\/122584\/machette-noire-avec-poignee-abs\/","title":{"rendered":"Machette noire avec poign\u00e9e ABS"},"content":{"rendered":"<p>Cette machette dispose d&rsquo;une lame de 42 cm en acier inoxydable 420 ss et d&rsquo;un rev\u00eatement par pulv\u00e9risation noir. La poign\u00e9e est fabriqu\u00e9e en plastique ABS et tient tr\u00e8s bien dans la main.&nbsp;<\/p>\n<p>La machette est livr\u00e9e avec une gaine en nylon avec attache pour la ceinture. La machette offre de nombreuses possibilit\u00e9s d&rsquo;utilisation. Que ce soit dans la brousse, pour couper un chemin \u00e0 travers les fourr\u00e9s ou pour travailler sur des branches, cette machette est indispensable.&nbsp;&nbsp;<\/p>\n<p><strong>Informations sur le produit&nbsp;:&nbsp;<\/strong><\/p>\n<ul>\n<li>R\u00e9f\u00e9rence : Machette LGSS-E804-A&nbsp;<\/li>\n<li>Poign\u00e9e&nbsp;: plastique ABS&nbsp;<\/li>\n<li>Mat\u00e9riau de la lame : acier inoxydable 420 ss avec rev\u00eatement par poudre<\/li>\n<li>Longueur de la lame&nbsp;: 42 cm<\/li>\n<li>Longueur de la poign\u00e9e&nbsp;: 17 cm<\/li>\n<li>Longueur totale&nbsp;: 59 cm<\/li>\n<li>Poids&nbsp;: 520 gr.<\/li>\n<\/ul>\n","protected":false},"excerpt":{"rendered":"<p>Cette machette dispose d&rsquo;une lame de 42 cm en acier inoxydable 420 ss et d&rsquo;un rev\u00eatement par pulv\u00e9risation noir. La poign\u00e9e est fabriqu\u00e9e en plastique ABS et tient tr\u00e8s bien dans la main.&nbsp;<\/p>\n","protected":false},"featured_media":122569,"comment_status":"closed","ping_status":"closed","template":"","meta":{"inline_featured_image":false},"product_brand":[],"product_cat":[1035],"product_tag":[1769,1773],"class_list":{"0":"post-122584","1":"product","2":"type-product","3":"status-publish","4":"has-post-thumbnail","6":"product_cat-couteaux-machettes","7":"product_tag-army-survival-fr","8":"product_tag-chasse-peche","10":"first","11":"instock","12":"taxable","13":"shipping-taxable","14":"purchasable","15":"product-type-simple"},"_links":{"self":[{"href":"https:\/\/metal-badge.ch\/fr\/wp-json\/wp\/v2\/product\/122584","targetHints":{"allow":["GET"]}}],"collection":[{"href":"https:\/\/metal-badge.ch\/fr\/wp-json\/wp\/v2\/product"}],"about":[{"href":"https:\/\/metal-badge.ch\/fr\/wp-json\/wp\/v2\/types\/product"}],"replies":[{"embeddable":true,"href":"https:\/\/metal-badge.ch\/fr\/wp-json\/wp\/v2\/comments?post=122584"}],"wp:featuredmedia":[{"embeddable":true,"href":"https:\/\/metal-badge.ch\/fr\/wp-json\/wp\/v2\/media\/122569"}],"wp:attachment":[{"href":"https:\/\/metal-badge.ch\/fr\/wp-json\/wp\/v2\/media?parent=122584"}],"wp:term":[{"taxonomy":"product_brand","embeddable":true,"href":"https:\/\/metal-badge.ch\/fr\/wp-json\/wp\/v2\/product_brand?post=122584"},{"taxonomy":"product_cat","embeddable":true,"href":"https:\/\/metal-badge.ch\/fr\/wp-json\/wp\/v2\/product_cat?post=122584"},{"taxonomy":"product_tag","embeddable":true,"href":"https:\/\/metal-badge.ch\/fr\/wp-json\/wp\/v2\/product_tag?post=122584"}],"curies":[{"name":"wp","href":"https:\/\/api.w.org\/{rel}","templated":true}]}}