{"id":122562,"date":"2022-08-19T17:33:35","date_gmt":"2022-08-19T15:33:35","guid":{"rendered":"https:\/\/metal-badge.ch\/product\/122562\/strobolight-beacon-sans-fil-et-avec-telecommande-8-couleurs\/"},"modified":"2022-08-19T17:58:38","modified_gmt":"2022-08-19T15:58:38","slug":"strobolight-beacon-sans-fil-et-avec-telecommande-8-couleurs","status":"publish","type":"product","link":"https:\/\/metal-badge.ch\/fr\/product\/122562\/strobolight-beacon-sans-fil-et-avec-telecommande-8-couleurs\/","title":{"rendered":"Strobolight \u00ab\u00a0BEACON\u00a0\u00bb Sans fil et avec t\u00e9l\u00e9commande 8 couleurs"},"content":{"rendered":"<p><span style=\"font-weight: 400;\">La lumi\u00e8re stroboscopique magn\u00e9tique et sans fil en 8 couleurs interchangeables est livr\u00e9e pr\u00eate \u00e0 l&#8217;emploi avec une t\u00e9l\u00e9commande. Pour recharger la batterie, un c\u00e2ble USB et un c\u00e2ble pour allume-cigare de voiture sont inclus dans la livraison.&nbsp;<\/span><\/p>\n<p><span style=\"font-weight: 400;\">Technique robuste, BEACON pr\u00eat \u00e0 brancher avec effet stroboscopique. Le flash d&rsquo;identification, aliment\u00e9 par un tube \u00e0 courant U, produit environ 120 \u00e9clairs \/ min avec une intensit\u00e9 lumineuse \u00e9lev\u00e9e. Comme notre flash, contrairement \u00e0 un gyrophare classique, ne fonctionne pas avec une ampoule mais avec un tube stroboscopique en U tr\u00e8s lumineux, on obtient des effets lumineux nettement meilleurs<\/span><span style=\"font-weight: 400;\"><br \/>\n<\/span><span style=\"font-weight: 400;\">L&rsquo; appareil fonctionne sur 12V, ou sur 230 V via un bloc d&rsquo;alimentation adapt\u00e9.&nbsp;<\/span><\/p>\n<p><span style=\"font-weight: 400;\">La t\u00e9l\u00e9commande permet de s\u00e9lectionner facilement la couleur et le mode souhait\u00e9s et d&rsquo;ajuster la luminosit\u00e9 des couleurs. Diff\u00e9rentes couleurs et modes peuvent s&rsquo;appliquer \u00e0 chaque situation. Convient pour les \u00e9quipes de secours, les v\u00e9hicules de chantier, les alertes de s\u00e9curit\u00e9 et autres situations d&rsquo;urgence.&nbsp;<\/span><\/p>\n<p><b>Caract\u00e9ristiques du produit :<\/b><\/p>\n<ul>\n<li><span style=\"font-weight: 400;\">Lumi\u00e8re stroboscopique \u00ab&nbsp;BEACON&nbsp;\u00bb Sans fil avec t\u00e9l\u00e9commande<\/span><\/li>\n<li><span style=\"font-weight: 400;\">fixation au v\u00e9hicule, etc.&nbsp;: au moyen d&rsquo;un pied magn\u00e9tique puissant<\/span><\/li>\n<li><span style=\"font-weight: 400;\">Fonctionnement&nbsp;: Sans fil avec t\u00e9l\u00e9commande&nbsp;<\/span><\/li>\n<li><span style=\"font-weight: 400;\">Couleurs&nbsp;: 8x couleurs au choix et 8x modes diff\u00e9rents<\/span><\/li>\n<li><span style=\"font-weight: 400;\">Couleurs : bleu, jaune, orange, rouge, vert, blanc, violet, mauve<\/span><span style=\"font-weight: 400;\"><br \/>\n<\/span><\/li>\n<li><span style=\"font-weight: 400;\">Tension : DC 12V-80V&nbsp;<\/span><\/li>\n<li><span style=\"font-weight: 400;\">Source lumineuse&nbsp;: LED&nbsp;<\/span><\/li>\n<li><span style=\"font-weight: 400;\">Autonomie&nbsp;: jusqu&rsquo;\u00e0 8 heures sans rechargement<\/span><span style=\"font-weight: 400;\"><br \/>\n<\/span><\/li>\n<li><span style=\"font-weight: 400;\">test\u00e9pour l&rsquo;utilisation en ext\u00e9rieur<\/span><span style=\"font-weight: 400;\"><br \/>\n<\/span><\/li>\n<li><span style=\"font-weight: 400;\">Tube stroboscopique en U avec 120 \u00e9clairs \/min<\/span><span style=\"font-weight: 400;\"><br \/>\n<\/span><\/li>\n<li><span style=\"font-weight: 400;\">Hauteur 95 mm<\/span><span style=\"font-weight: 400;\"><br \/>\n<\/span><\/li>\n<li><span style=\"font-weight: 400;\">Diam\u00e8tre du pied : 120 mm<\/span><span style=\"font-weight: 400;\"><br \/>\n<\/span><\/li>\n<li><span style=\"font-weight: 400;\">Diam\u00e8tre de la t\u00eate : 85 mm<\/span><span style=\"font-weight: 400;\"><br \/>\n<\/span><\/li>\n<li><span style=\"font-weight: 400;\">Poids : 280 gr.&nbsp;<\/span><\/li>\n<li><span style=\"font-weight: 400;\">Mat\u00e9riau&nbsp;: ABS, bo\u00eetier en plastique r\u00e9sistant aux chocs en polycarbonate<\/span><\/li>\n<\/ul>\n<p><b>Contenu de la livraison&nbsp;:<\/b><\/p>\n<p><span style=\"font-weight: 400;\">1 lampe stroboscopique avec t\u00e9l\u00e9commande et c\u00e2ble USB ainsi que c\u00e2ble de connexion pour voiture pour recharger la batterie<\/span><\/p>\n","protected":false},"excerpt":{"rendered":"<p><span style=\"font-weight: 400;\">La lumi\u00e8re stroboscopique magn\u00e9tique et sans fil en 8 couleurs interchangeables est livr\u00e9e pr\u00eate \u00e0 l&#8217;emploi avec une t\u00e9l\u00e9commande. Pour recharger la batterie, un c\u00e2ble USB et un c\u00e2ble pour allume-cigare de voiture sont inclus dans la livraison.&nbsp;<\/span><\/p>\n","protected":false},"featured_media":122531,"comment_status":"closed","ping_status":"closed","template":"","meta":{"inline_featured_image":false},"product_brand":[],"product_cat":[1343,1887],"product_tag":[],"class_list":{"0":"post-122562","1":"product","2":"type-product","3":"status-publish","4":"has-post-thumbnail","6":"product_cat-lampes-lampes-de-poche","7":"product_cat-vehicule-route","9":"first","10":"instock","11":"taxable","12":"shipping-taxable","13":"purchasable","14":"product-type-simple"},"_links":{"self":[{"href":"https:\/\/metal-badge.ch\/fr\/wp-json\/wp\/v2\/product\/122562","targetHints":{"allow":["GET"]}}],"collection":[{"href":"https:\/\/metal-badge.ch\/fr\/wp-json\/wp\/v2\/product"}],"about":[{"href":"https:\/\/metal-badge.ch\/fr\/wp-json\/wp\/v2\/types\/product"}],"replies":[{"embeddable":true,"href":"https:\/\/metal-badge.ch\/fr\/wp-json\/wp\/v2\/comments?post=122562"}],"wp:featuredmedia":[{"embeddable":true,"href":"https:\/\/metal-badge.ch\/fr\/wp-json\/wp\/v2\/media\/122531"}],"wp:attachment":[{"href":"https:\/\/metal-badge.ch\/fr\/wp-json\/wp\/v2\/media?parent=122562"}],"wp:term":[{"taxonomy":"product_brand","embeddable":true,"href":"https:\/\/metal-badge.ch\/fr\/wp-json\/wp\/v2\/product_brand?post=122562"},{"taxonomy":"product_cat","embeddable":true,"href":"https:\/\/metal-badge.ch\/fr\/wp-json\/wp\/v2\/product_cat?post=122562"},{"taxonomy":"product_tag","embeddable":true,"href":"https:\/\/metal-badge.ch\/fr\/wp-json\/wp\/v2\/product_tag?post=122562"}],"curies":[{"name":"wp","href":"https:\/\/api.w.org\/{rel}","templated":true}]}}