{"id":122524,"date":"2022-08-19T16:50:17","date_gmt":"2022-08-19T14:50:17","guid":{"rendered":"https:\/\/metal-badge.ch\/product\/122524\/set-de-9-couteaux-de-cuisine-avec-boite\/"},"modified":"2022-08-19T16:50:17","modified_gmt":"2022-08-19T14:50:17","slug":"set-de-9-couteaux-de-cuisine-avec-boite","status":"publish","type":"product","link":"https:\/\/metal-badge.ch\/fr\/product\/122524\/set-de-9-couteaux-de-cuisine-avec-boite\/","title":{"rendered":"Set de 9 couteaux de cuisine avec bo\u00eete"},"content":{"rendered":"<p><span style=\"font-weight: 400;\">Le set complet de 9 couteaux est pr\u00e9sent\u00e9 dans une \u00e9l\u00e9gante bo\u00eete cadeau noire et fait de ces couteaux de cuisine une excellente id\u00e9e de cadeau pour les amis, la famille lors d&rsquo;occasions sp\u00e9ciales comme les anniversaires &amp; les jubil\u00e9s.<\/span><\/p>\n<p><span style=\"font-weight: 400;\">Chaque couteau de notre nouveau set de couteaux de cuisine est dot\u00e9 d&rsquo;un manche ergonomique en bois de pakka aux courbes discr\u00e8tes. Chaque couteau est fabriqu\u00e9 en acier inoxydable \u00e0 haute teneur en carbone. Avec motif damass\u00e9 grav\u00e9. Le motif en acier damass\u00e9 grav\u00e9 au laser a donn\u00e9 \u00e0 ce set de couteaux de cuisine un aspect tout simplement \u00e9poustouflant.<\/span><\/p>\n<p><span style=\"font-weight: 400;\">Les manches sont en beau bois de pakka et conf\u00e8rent \u00e0 ces couteaux un look raffin\u00e9.&nbsp;<\/span><\/p>\n<p><span style=\"font-weight: 400;\">La bo\u00eete cadeau avec des inserts en mousse d\u00e9coup\u00e9s au laser permet un rangement facile et s\u00fbr.<\/span><\/p>\n<p><b>Informations sur le produit&nbsp;:<\/b><\/p>\n<ul>\n<li><span style=\"font-weight: 400;\">D\u00e9signation&nbsp;: Ensemble de couteaux de cuisine 9 pi\u00e8ces&nbsp;<\/span><\/li>\n<li><span style=\"font-weight: 400;\">Mat\u00e9riau de la lame&nbsp;: acier inoxydable 5Cr15&nbsp;<\/span><\/li>\n<li><span style=\"font-weight: 400;\">Motif en acier damass\u00e9 grav\u00e9 au laser<\/span><\/li>\n<li><span style=\"font-weight: 400;\">Couleur&nbsp;: Lame argent\u00e9e<\/span><\/li>\n<li><span style=\"font-weight: 400;\">Poign\u00e9e&nbsp;: Poign\u00e9e en bois de Pakka<\/span><\/li>\n<li><span style=\"font-weight: 400;\">Couteau de chef &nbsp; &nbsp; 32 cm de longueur&nbsp;&nbsp;&nbsp;<\/span><\/li>\n<li><span style=\"font-weight: 400;\">Couteau \u00e0 pain&nbsp; &nbsp; &nbsp; 32 cm de longueur<\/span><\/li>\n<li><span style=\"font-weight: 400;\">Couteau \u00e0 sculpter &nbsp; 32 cm de longueur<\/span><\/li>\n<li><span style=\"font-weight: 400;\">Couteau nakiri&nbsp; &nbsp; &nbsp; 30 cm de longueur&nbsp;<\/span><\/li>\n<li><span style=\"font-weight: 400;\">Couteau santoku &nbsp; &nbsp; 30 cm de longueur&nbsp;<\/span><\/li>\n<li><span style=\"font-weight: 400;\">Couteau \u00e0 d\u00e9sosser&nbsp; 27 cm de longueur&nbsp;<\/span><\/li>\n<li><span style=\"font-weight: 400;\">Couteau tout usage 24 cm de longueur<\/span><\/li>\n<li><span style=\"font-weight: 400;\">Couteau \u00e0 l\u00e9gumes&nbsp; 24 cm de longueur&nbsp;<\/span><\/li>\n<li><span style=\"font-weight: 400;\">Couteau d&rsquo;office &nbsp; &nbsp; longueur 21 cm<\/span><\/li>\n<li><span style=\"font-weight: 400;\">Poids total avec bo\u00eete&nbsp;: 2130 gr. <\/span><span style=\"font-weight: 400;\"><br \/>\n<\/span><span style=\"font-weight: 400;\">Prix du lot de 9 avec bo\u00eete<\/span><\/li>\n<\/ul>\n","protected":false},"excerpt":{"rendered":"<p><span style=\"font-weight: 400;\">Le set complet de 9 couteaux est pr\u00e9sent\u00e9 dans une \u00e9l\u00e9gante bo\u00eete cadeau noire et fait de ces couteaux de cuisine une excellente id\u00e9e de cadeau pour les amis, la famille lors d&rsquo;occasions sp\u00e9ciales comme les anniversaires &amp; les jubil\u00e9s.<\/span><\/p>\n","protected":false},"featured_media":122444,"comment_status":"closed","ping_status":"closed","template":"","meta":{"inline_featured_image":false},"product_brand":[],"product_cat":[1035],"product_tag":[1773],"class_list":{"0":"post-122524","1":"product","2":"type-product","3":"status-publish","4":"has-post-thumbnail","6":"product_cat-couteaux-machettes","7":"product_tag-chasse-peche","9":"first","10":"instock","11":"taxable","12":"shipping-taxable","13":"purchasable","14":"product-type-simple"},"_links":{"self":[{"href":"https:\/\/metal-badge.ch\/fr\/wp-json\/wp\/v2\/product\/122524","targetHints":{"allow":["GET"]}}],"collection":[{"href":"https:\/\/metal-badge.ch\/fr\/wp-json\/wp\/v2\/product"}],"about":[{"href":"https:\/\/metal-badge.ch\/fr\/wp-json\/wp\/v2\/types\/product"}],"replies":[{"embeddable":true,"href":"https:\/\/metal-badge.ch\/fr\/wp-json\/wp\/v2\/comments?post=122524"}],"wp:featuredmedia":[{"embeddable":true,"href":"https:\/\/metal-badge.ch\/fr\/wp-json\/wp\/v2\/media\/122444"}],"wp:attachment":[{"href":"https:\/\/metal-badge.ch\/fr\/wp-json\/wp\/v2\/media?parent=122524"}],"wp:term":[{"taxonomy":"product_brand","embeddable":true,"href":"https:\/\/metal-badge.ch\/fr\/wp-json\/wp\/v2\/product_brand?post=122524"},{"taxonomy":"product_cat","embeddable":true,"href":"https:\/\/metal-badge.ch\/fr\/wp-json\/wp\/v2\/product_cat?post=122524"},{"taxonomy":"product_tag","embeddable":true,"href":"https:\/\/metal-badge.ch\/fr\/wp-json\/wp\/v2\/product_tag?post=122524"}],"curies":[{"name":"wp","href":"https:\/\/api.w.org\/{rel}","templated":true}]}}