{"id":122272,"date":"2022-08-18T16:56:11","date_gmt":"2022-08-18T14:56:12","guid":{"rendered":"https:\/\/metal-badge.ch\/?post_type=product&#038;p=122272"},"modified":"2022-08-18T17:13:08","modified_gmt":"2022-08-18T15:13:08","slug":"sacoche-modulaire-molle-system-sacoche-multi-usages-vert","status":"publish","type":"product","link":"https:\/\/metal-badge.ch\/fr\/product\/122272\/sacoche-modulaire-molle-system-sacoche-multi-usages-vert\/","title":{"rendered":"Sacoche modulaire Molle System \/ Sacoche multi-usages &#8211; vert"},"content":{"rendered":"<p><span style=\"font-weight: 400;\">Pochettes pratiques pour la ceinture, disponibles en plusieurs couleurs et tailles. <\/span><span style=\"font-weight: 400;\"><br \/>\n<\/span><span style=\"font-weight: 400;\">Syst\u00e8me de fixation Molle \u00e0 l&rsquo;avant et \u00e0 l&rsquo;arri\u00e8re, et fermeture \u00e0 glissi\u00e8re \u00e0 double sens. Les poches sont toutes munies de velcro \u00e0 l&rsquo;ext\u00e9rieur pour y fixer des patchs. \u00c0 l&rsquo;int\u00e9rieur, les sacs sont \u00e9quip\u00e9s de divers compartiments et d&rsquo;\u00e9lasthanne, offrant ainsi un espace de rangement spacieux.&nbsp;<\/span><\/p>\n<p><span style=\"font-weight: 400;\">Les sacoches modulaires robustes avec syst\u00e8me Molle se fixent facilement \u00e0 la ceinture, au sac \u00e0 dos ou \u00e0 nos gilets avec syst\u00e8me de fixation Molle. Nous proposons les sacs modulaires dans diverses couleurs telles que le noir, le brun, le vert, le jaune vif et l&rsquo;orange. Les sacs multi-usages sont disponibles en diff\u00e9rentes tailles et finitions.&nbsp;<\/span><\/p>\n<p><b>Informations sur le produit&nbsp;:&nbsp;<\/b><\/p>\n<ul>\n<li><span style=\"font-weight: 400;\">Description : sacoches modulaires Molle System \/ sacoches multi-usages<\/span><\/li>\n<li><span style=\"font-weight: 400;\">Mat\u00e9riau&nbsp;: en polyester 1000D robuste<\/span><\/li>\n<li><span style=\"font-weight: 400;\">Fermeture \u00e9clair \u00e0 double sens<\/span><\/li>\n<li><span style=\"font-weight: 400;\">Imperm\u00e9able&nbsp;<\/span><\/li>\n<li><span style=\"font-weight: 400;\">Avec velcro \u00e0 l&rsquo;ext\u00e9rieur pour les patchs<\/span><\/li>\n<li><span style=\"font-weight: 400;\">Int\u00e9rieur avec divers compartiments et \u00e9lasthanne&nbsp;<\/span><\/li>\n<li><span style=\"font-weight: 400;\">Couleurs&nbsp;: marron, noir, vert autres couleurs sur demande comme : jaune vif et orange&nbsp;<\/span><\/li>\n<li><span style=\"font-weight: 400;\">Poids&nbsp;: entre 130 gr. et 200 gr. selon la taille<\/span><\/li>\n<\/ul>\n","protected":false},"excerpt":{"rendered":"<p><span style=\"font-weight: 400;\">Pochettes pratiques pour la ceinture, disponibles en plusieurs couleurs et tailles. <\/span><span style=\"font-weight: 400;\"><br \/>\n<\/span><span style=\"font-weight: 400;\">Syst\u00e8me de fixation Molle \u00e0 l&rsquo;avant et \u00e0 l&rsquo;arri\u00e8re, et fermeture \u00e0 glissi\u00e8re \u00e0 double sens. Les poches sont toutes munies de velcro \u00e0 l&rsquo;ext\u00e9rieur pour y fixer des patchs. \u00c0 l&rsquo;int\u00e9rieur, les sacs sont \u00e9quip\u00e9s de divers compartiments et d&rsquo;\u00e9lasthanne, offrant ainsi un espace de rangement spacieux.&nbsp;<\/span><\/p>\n","protected":false},"featured_media":122352,"comment_status":"closed","ping_status":"closed","template":"","meta":{"inline_featured_image":false},"product_brand":[],"product_cat":[2291,1059],"product_tag":[1781,1765],"class_list":{"0":"post-122272","1":"product","2":"type-product","3":"status-publish","4":"has-post-thumbnail","6":"product_cat-sacs-modulaires","7":"product_cat-sacs","8":"product_tag-police-securite","9":"product_tag-sport-outdoor-fr","11":"first","12":"instock","13":"taxable","14":"shipping-taxable","15":"purchasable","16":"product-type-simple"},"_links":{"self":[{"href":"https:\/\/metal-badge.ch\/fr\/wp-json\/wp\/v2\/product\/122272","targetHints":{"allow":["GET"]}}],"collection":[{"href":"https:\/\/metal-badge.ch\/fr\/wp-json\/wp\/v2\/product"}],"about":[{"href":"https:\/\/metal-badge.ch\/fr\/wp-json\/wp\/v2\/types\/product"}],"replies":[{"embeddable":true,"href":"https:\/\/metal-badge.ch\/fr\/wp-json\/wp\/v2\/comments?post=122272"}],"wp:featuredmedia":[{"embeddable":true,"href":"https:\/\/metal-badge.ch\/fr\/wp-json\/wp\/v2\/media\/122352"}],"wp:attachment":[{"href":"https:\/\/metal-badge.ch\/fr\/wp-json\/wp\/v2\/media?parent=122272"}],"wp:term":[{"taxonomy":"product_brand","embeddable":true,"href":"https:\/\/metal-badge.ch\/fr\/wp-json\/wp\/v2\/product_brand?post=122272"},{"taxonomy":"product_cat","embeddable":true,"href":"https:\/\/metal-badge.ch\/fr\/wp-json\/wp\/v2\/product_cat?post=122272"},{"taxonomy":"product_tag","embeddable":true,"href":"https:\/\/metal-badge.ch\/fr\/wp-json\/wp\/v2\/product_tag?post=122272"}],"curies":[{"name":"wp","href":"https:\/\/api.w.org\/{rel}","templated":true}]}}