{"id":122227,"date":"2022-08-18T16:08:35","date_gmt":"2022-08-18T14:08:35","guid":{"rendered":"https:\/\/metal-badge.ch\/?post_type=product&#038;p=122227"},"modified":"2024-08-02T23:19:58","modified_gmt":"2024-08-02T21:19:58","slug":"gilet-dintervention-tactique-jaune-avec-reflecteurs-et-velcro","status":"publish","type":"product","link":"https:\/\/metal-badge.ch\/fr\/product\/122227\/gilet-dintervention-tactique-jaune-avec-reflecteurs-et-velcro\/","title":{"rendered":"Gilet d&rsquo;intervention tactique jaune avec r\u00e9flecteurs et velcro"},"content":{"rendered":"<p><span style=\"font-weight: 400;\">Ce gilet d&rsquo;intervention l\u00e9ger et fonctionnel en jaune avec des bandes r\u00e9fl\u00e9chissantes 3M sur tout le pourtour garantit que le porteur est bien identifi\u00e9 m\u00eame en cas de mauvaise visibilit\u00e9 ou dans l&rsquo;obscurit\u00e9. Fabriqu\u00e9 en filet respirant \u00ab\u00a0Polyster Mesh 425 GSM\u00a0\u00bb et en tissu polyester Oxford.<\/span><\/p>\n<p><span style=\"font-weight: 400;\">Le gilet est disponible en plusieurs tailles et peut \u00eatre ferm\u00e9 \u00e0 l&rsquo;avant par une fermeture \u00e9clair. En outre, le gilet peut \u00eatre ajust\u00e9 sur le c\u00f4t\u00e9 \u00e0 l&rsquo;aide d&rsquo;une fermeture velcro. Le dos du gilet est muni d&rsquo;un grand velcro, ce qui permet d&rsquo;enlever ou d&rsquo;appliquer facilement les diverses inscriptions r\u00e9fl\u00e9chissantes. Les dimensions du velcro \u00e0 l&rsquo;arri\u00e8re sont de 30 cm x 10 cm. Le gilet est \u00e9quip\u00e9 \u00e0 l&rsquo;avant de deux grandes poches \u00e0 double fermeture \u00e9clair et d&rsquo;une poche \u00e0 rabat avec fermeture velcro.&nbsp;<\/span><\/p>\n<p><span style=\"font-weight: 400;\">Une autre poche velcro pour la radio ou le t\u00e9l\u00e9phone portable se trouve \u00e0 l&rsquo;avant, \u00e0 la hauteur de la poitrine, \u00e0 droite.<\/span><\/p>\n<p><span style=\"font-weight: 400;\">Une fen\u00eatre d&rsquo;identification pour les cartes d&rsquo;identit\u00e9 se trouve \u00e0 droite, au-dessus du compartiment velcro.&nbsp;<\/span><\/p>\n<p><span style=\"font-weight: 400;\">Une poche velcro avec fen\u00eatre d&rsquo;identification se trouve \u00e9galement \u00e0 la hauteur de la poitrine, \u00e0 gauche.&nbsp;<\/span><\/p>\n<p><span style=\"font-weight: 400;\">De plus, le gilet est \u00e9quip\u00e9 \u00e0 l&rsquo;avant de 2 anneaux m\u00e9talliques pour les cl\u00e9s, etc.<\/span><\/p>\n<p><span style=\"font-weight: 400;\">Pour les \u00e9tiquettes velcro, un velcro est \u00e9galement plac\u00e9 au-dessus de la fen\u00eatre ID.&nbsp;<\/span><\/p>\n<p><b>Informations sur le produit&nbsp;:<\/b><\/p>\n<ul>\n<li style=\"font-weight: 400;\" aria-level=\"1\"><span style=\"font-weight: 400;\">D\u00e9signation&nbsp;: gilet tactique&nbsp;&nbsp;<\/span><\/li>\n<li style=\"font-weight: 400;\" aria-level=\"1\"><span style=\"font-weight: 400;\">Mat\u00e9riau&nbsp;: Fabriqu\u00e9 en filet respirant \u00ab\u00a0Polyster Mesh 425 GSM\u00a0\u00bb et en tissu polyester Oxford.<\/span><\/li>\n<li style=\"font-weight: 400;\" aria-level=\"1\"><span style=\"font-weight: 400;\">Couleur&nbsp;: jaune&nbsp;<\/span><\/li>\n<li style=\"font-weight: 400;\" aria-level=\"1\"><span style=\"font-weight: 400;\">Robuste et durable&nbsp;<\/span><\/li>\n<li style=\"font-weight: 400;\" aria-level=\"1\"><span style=\"font-weight: 400;\">Le gilet peut \u00eatre ajust\u00e9 sur le c\u00f4t\u00e9 \u00e0 l&rsquo;aide de velcro pour mieux s&rsquo;adapter au porteur<\/span><\/li>\n<li style=\"font-weight: 400;\" aria-level=\"1\"><span style=\"font-weight: 400;\">Equip\u00e9 d&rsquo;une fen\u00eatre d&rsquo;identification, d&rsquo;un anneau m\u00e9tallique, d&rsquo;un velcro pour le nom et d&rsquo;un velcro pour la d\u00e9signation.<\/span><\/li>\n<li style=\"font-weight: 400;\" aria-level=\"1\"><span style=\"font-weight: 400;\">2x grands compartiments zipp\u00e9s avec poche ext\u00e9rieure de 21cm de large x 15cm de haut<\/span><\/li>\n<li style=\"font-weight: 400;\" aria-level=\"1\"><span style=\"font-weight: 400;\">1x poche radio ou poche pour t\u00e9l\u00e9phone portable \u00e0 droite largeur 10 cm x hauteur 16cm<\/span><\/li>\n<li style=\"font-weight: 400;\" aria-level=\"1\"><span style=\"font-weight: 400;\">1x poche pour carte d&rsquo;identit\u00e9 \u00e0 hauteur de la poitrine, \u00e0 gauche, largeur 10cm x hauteur 15 cm.<\/span><\/li>\n<li style=\"font-weight: 400;\" aria-level=\"1\"><span style=\"font-weight: 400;\">Tout autour, bandes r\u00e9fl\u00e9chissantes 3M \u00e0 l&rsquo;arri\u00e8re 3x r\u00e9fl\u00e9chissantes 3M \u00e0 l&rsquo;avant 1x &nbsp;<\/span><\/li>\n<li style=\"font-weight: 400;\" aria-level=\"1\"><span style=\"font-weight: 400;\">\u00c9tiquettes en velcro&nbsp;: Velcro interchangeable div. Inscriptions \u00e9galement sur demande<\/span><\/li>\n<li style=\"font-weight: 400;\" aria-level=\"1\"><span style=\"font-weight: 400;\">Poids&nbsp;: 750 gr.&nbsp;<\/span><\/li>\n<li style=\"font-weight: 400;\" aria-level=\"1\"><span style=\"font-weight: 400;\">Tailles : S, M, L, XL, 2XL \u00e9galement sur mesure sur demande&nbsp;<\/span><\/li>\n<\/ul>\n<p><b>Prix r\u00e9duit pour les commandes de 40 pi\u00e8ces ou plus, contactez-nous.<\/b><\/p>\n","protected":false},"excerpt":{"rendered":"<p><span style=\"font-weight: 400;\">Ce gilet d&rsquo;intervention l\u00e9ger et fonctionnel en jaune avec des bandes r\u00e9fl\u00e9chissantes 3M sur tout le pourtour garantit que le porteur est bien identifi\u00e9 m\u00eame en cas de mauvaise visibilit\u00e9 ou dans l&rsquo;obscurit\u00e9. Fabriqu\u00e9 en filet respirant \u00ab\u00a0Polyster Mesh 425 GSM\u00a0\u00bb et en tissu polyester Oxford.<\/span><\/p>\n","protected":false},"featured_media":122231,"comment_status":"open","ping_status":"closed","template":"","meta":{"inline_featured_image":false},"product_brand":[],"product_cat":[2215,1606],"product_tag":[1765],"class_list":{"0":"post-122227","1":"product","2":"type-product","3":"status-publish","4":"has-post-thumbnail","6":"product_cat-vestes_tactiques","7":"product_cat-vetements-haute-visibilite-et-lumineux","8":"product_tag-sport-outdoor-fr","10":"first","11":"instock","12":"taxable","13":"shipping-taxable","14":"purchasable","15":"product-type-simple"},"_links":{"self":[{"href":"https:\/\/metal-badge.ch\/fr\/wp-json\/wp\/v2\/product\/122227","targetHints":{"allow":["GET"]}}],"collection":[{"href":"https:\/\/metal-badge.ch\/fr\/wp-json\/wp\/v2\/product"}],"about":[{"href":"https:\/\/metal-badge.ch\/fr\/wp-json\/wp\/v2\/types\/product"}],"replies":[{"embeddable":true,"href":"https:\/\/metal-badge.ch\/fr\/wp-json\/wp\/v2\/comments?post=122227"}],"wp:featuredmedia":[{"embeddable":true,"href":"https:\/\/metal-badge.ch\/fr\/wp-json\/wp\/v2\/media\/122231"}],"wp:attachment":[{"href":"https:\/\/metal-badge.ch\/fr\/wp-json\/wp\/v2\/media?parent=122227"}],"wp:term":[{"taxonomy":"product_brand","embeddable":true,"href":"https:\/\/metal-badge.ch\/fr\/wp-json\/wp\/v2\/product_brand?post=122227"},{"taxonomy":"product_cat","embeddable":true,"href":"https:\/\/metal-badge.ch\/fr\/wp-json\/wp\/v2\/product_cat?post=122227"},{"taxonomy":"product_tag","embeddable":true,"href":"https:\/\/metal-badge.ch\/fr\/wp-json\/wp\/v2\/product_tag?post=122227"}],"curies":[{"name":"wp","href":"https:\/\/api.w.org\/{rel}","templated":true}]}}