{"id":122174,"date":"2022-08-18T13:12:30","date_gmt":"2022-08-18T11:12:31","guid":{"rendered":"https:\/\/metal-badge.ch\/?post_type=product&#038;p=122174"},"modified":"2022-08-18T15:52:23","modified_gmt":"2022-08-18T13:52:23","slug":"sac-dintervention-tactique-pour-les-organisations-durgence-avec-bande-reflechissante-jaune-vif","status":"publish","type":"product","link":"https:\/\/metal-badge.ch\/fr\/product\/122174\/sac-dintervention-tactique-pour-les-organisations-durgence-avec-bande-reflechissante-jaune-vif\/","title":{"rendered":"Sac d&rsquo;intervention tactique pour les organisations d&rsquo;urgence avec bande r\u00e9fl\u00e9chissante jaune vif"},"content":{"rendered":"<p><span style=\"font-weight: 400;\">Sac d&rsquo;intervention r\u00e9sistant et imperm\u00e9able, sp\u00e9cialement con\u00e7u pour la police et les forces de s\u00e9curit\u00e9. Ce sac fonctionnel est \u00e9quip\u00e9 d&rsquo;une fermeture \u00e9clair \u00e0 double curseur et d&rsquo;un rembourrage int\u00e9rieur. Le sac est disponible avec des bandes r\u00e9fl\u00e9chissantes sur tout le pourtour en jaune ou en orange, ou sans bandes r\u00e9fl\u00e9chissantes. Ce sac d&rsquo;intervention est \u00e9quip\u00e9 d&rsquo;une poign\u00e9e de transport robuste en plastique et d&rsquo;une bandouli\u00e8re r\u00e9glable, antid\u00e9rapante et rembourr\u00e9e. La ceinture peut \u00e9galement \u00eatre retir\u00e9e au moyen d&rsquo;une fermeture rapide.&nbsp;<\/span><\/p>\n<p><span style=\"font-weight: 400;\">La sacoche d&rsquo;intervention est munie \u00e0 l&rsquo;avant et \u00e0 l&rsquo;arri\u00e8re d&rsquo;un grand velcro de 30 cm x 10 cm pour les \u00e9tiquettes d&rsquo;identification. Nous proposons \u00e9galement une large gamme de plaques signal\u00e9tiques dans notre gamme. Posez-nous vos questions.<\/span><\/p>\n<p><span style=\"font-weight: 400;\">Une fen\u00eatre d&rsquo;identification pour les adresses est \u00e9galement pr\u00e9vue \u00e0 l&rsquo;ext\u00e9rieur. Pour prot\u00e9ger le sac de l&rsquo;eau et de la salet\u00e9, il est \u00e9quip\u00e9 de 4 pieds en plastique de 1 cm de haut. Les 3 poches suppl\u00e9mentaires amovibles \u00e0 l&rsquo;ext\u00e9rieur, qui se fixent \u00e0 l&rsquo;aide de velcro et d&rsquo;un syst\u00e8me de mollet, sont un atout suppl\u00e9mentaire. Ces trois poches ext\u00e9rieures s&rsquo;ouvrent avec une fermeture rapide \u00e0 clic et offrent, dans les dimensions 20 cm x 20 cm, beaucoup d&rsquo;espace de rangement suppl\u00e9mentaire pour les petits objets et les outils, qui sont ainsi toujours \u00e0 port\u00e9e de main.&nbsp;<\/span><\/p>\n<p><span style=\"font-weight: 400;\">En ouvrant le sac \u00e0 fermeture \u00e9clair, on d\u00e9couvre \u00e0 l&rsquo;int\u00e9rieur un grand compartiment en mesh avec deux poches zipp\u00e9es s\u00e9par\u00e9es. Les deux compartiments mesurent 28 cm x 28 cm.<\/span><\/p>\n<p><span style=\"font-weight: 400;\">L&rsquo;int\u00e9rieur du sac est divis\u00e9 par 3x s\u00e9parateurs, ceux-ci peuvent \u00eatre enlev\u00e9s par velcro et ainsi transformer le sac en un seul grand compartiment. Qu&rsquo;il soit divis\u00e9 en 3x compartiments ou transform\u00e9 en un seul grand compartiment, ce sac spacieux d&rsquo;un volume de 75 litres offre beaucoup de place.&nbsp;<\/span><\/p>\n<p><span style=\"font-weight: 400;\">Les fermetures \u00e0 glissi\u00e8re peuvent \u00eatre ferm\u00e9es au moyen d&rsquo;un cadenas.&nbsp;<\/span><\/p>\n<p><b>Informations sur le produit&nbsp;:&nbsp;<\/b><\/p>\n<ul>\n<li><span style=\"font-weight: 400;\">D\u00e9signation&nbsp;: HI-5572&nbsp;<\/span><\/li>\n<li><span style=\"font-weight: 400;\">Volume&nbsp;: 75 litres&nbsp;<\/span><\/li>\n<li><span style=\"font-weight: 400;\">Taille Dimensions ext\u00e9rieures&nbsp;: largeur 28 cm \/ longueur&nbsp;: 66 cm \/ hauteur&nbsp;: 35 cm<\/span><\/li>\n<li><span style=\"font-weight: 400;\">Fermeture \u00e0 glissi\u00e8re robuste sur tout le pourtour&nbsp;<\/span><\/li>\n<li><span style=\"font-weight: 400;\">3x poches ext\u00e9rieures amovibles de 20cm x 20cm<\/span><\/li>\n<li><span style=\"font-weight: 400;\">Divers anneaux et attaches Molle System&nbsp;<\/span><\/li>\n<li><span style=\"font-weight: 400;\">Poign\u00e9e de transport robuste&nbsp;<\/span><\/li>\n<li><span style=\"font-weight: 400;\">Bandouli\u00e8re amovible r\u00e9glable avec rembourrage&nbsp;<\/span><\/li>\n<li><span style=\"font-weight: 400;\">R\u00e9flecteurs tout autour en orange ou jaune au choix&nbsp;<\/span><\/li>\n<li><span style=\"font-weight: 400;\">Compartiments int\u00e9rieurs amovibles<\/span><\/li>\n<li><span style=\"font-weight: 400;\">Fen\u00eatre ID<\/span><\/li>\n<li><span style=\"font-weight: 400;\">Velcro ext\u00e9rieur pour inscriptions 30 cm x 10 cm<\/span><span style=\"font-weight: 400;\"><br \/>\n<\/span><span style=\"font-weight: 400;\">Poids&nbsp;: 2.5 kg<\/span><span style=\"font-weight: 400;\"><br \/>\n<\/span><span style=\"font-weight: 400;\">Couleur&nbsp;: noir<\/span><span style=\"font-weight: 400;\"><br \/>\n<\/span><span style=\"font-weight: 400;\">Mat\u00e9riau&nbsp;: 1000 D-Polyester<\/span><\/li>\n<li><span style=\"font-weight: 400;\">hydrofuge, r\u00e9sistant \u00e0 la d\u00e9chirure et robuste<\/span><\/li>\n<\/ul>\n","protected":false},"excerpt":{"rendered":"<p><span style=\"font-weight: 400;\">Sac d&rsquo;intervention r\u00e9sistant et imperm\u00e9able, sp\u00e9cialement con\u00e7u pour la police et les forces de s\u00e9curit\u00e9. Ce sac fonctionnel est \u00e9quip\u00e9 d&rsquo;une fermeture \u00e9clair \u00e0 double curseur et d&rsquo;un rembourrage int\u00e9rieur. Le sac est disponible avec des bandes r\u00e9fl\u00e9chissantes sur tout le pourtour en jaune ou en orange, ou sans bandes r\u00e9fl\u00e9chissantes.<\/span><\/p>\n","protected":false},"featured_media":122178,"comment_status":"closed","ping_status":"closed","template":"","meta":{"inline_featured_image":false},"product_brand":[],"product_cat":[1059],"product_tag":[1781],"class_list":{"0":"post-122174","1":"product","2":"type-product","3":"status-publish","4":"has-post-thumbnail","6":"product_cat-sacs","7":"product_tag-police-securite","9":"first","10":"instock","11":"taxable","12":"shipping-taxable","13":"purchasable","14":"product-type-simple"},"_links":{"self":[{"href":"https:\/\/metal-badge.ch\/fr\/wp-json\/wp\/v2\/product\/122174","targetHints":{"allow":["GET"]}}],"collection":[{"href":"https:\/\/metal-badge.ch\/fr\/wp-json\/wp\/v2\/product"}],"about":[{"href":"https:\/\/metal-badge.ch\/fr\/wp-json\/wp\/v2\/types\/product"}],"replies":[{"embeddable":true,"href":"https:\/\/metal-badge.ch\/fr\/wp-json\/wp\/v2\/comments?post=122174"}],"wp:featuredmedia":[{"embeddable":true,"href":"https:\/\/metal-badge.ch\/fr\/wp-json\/wp\/v2\/media\/122178"}],"wp:attachment":[{"href":"https:\/\/metal-badge.ch\/fr\/wp-json\/wp\/v2\/media?parent=122174"}],"wp:term":[{"taxonomy":"product_brand","embeddable":true,"href":"https:\/\/metal-badge.ch\/fr\/wp-json\/wp\/v2\/product_brand?post=122174"},{"taxonomy":"product_cat","embeddable":true,"href":"https:\/\/metal-badge.ch\/fr\/wp-json\/wp\/v2\/product_cat?post=122174"},{"taxonomy":"product_tag","embeddable":true,"href":"https:\/\/metal-badge.ch\/fr\/wp-json\/wp\/v2\/product_tag?post=122174"}],"curies":[{"name":"wp","href":"https:\/\/api.w.org\/{rel}","templated":true}]}}