{"id":121977,"date":"2022-08-18T10:07:29","date_gmt":"2022-08-18T08:07:30","guid":{"rendered":"https:\/\/metal-badge.ch\/?post_type=product&#038;p=121977"},"modified":"2024-08-03T03:49:04","modified_gmt":"2024-08-03T01:49:04","slug":"gilet-tactique-brun-avec-elements-reflechissants-et-velcro","status":"publish","type":"product","link":"https:\/\/metal-badge.ch\/fr\/product\/121977\/gilet-tactique-brun-avec-elements-reflechissants-et-velcro\/","title":{"rendered":"Gilet tactique brun avec \u00e9l\u00e9ments r\u00e9fl\u00e9chissants et velcro"},"content":{"rendered":"<p><span style=\"font-weight: 400;\">Ce gilet tactique l\u00e9ger et fonctionnel brun avec des bandes r\u00e9fl\u00e9chissantes 3M tout autour garantit que le porteur est facilement perceptible, m\u00eame en cas de mauvaise visibilit\u00e9 ou dans l\u2019obscurit\u00e9. Fabriqu\u00e9 en maille respirante \u00ab Polyster Mesh 425 GSM \u00bb et Polyester-Oxford Tissu.<\/span><\/p>\n<p><span style=\"font-weight: 400;\">Le gilet est disponible en plusieurs tailles et peut \u00eatre ferm\u00e9 \u00e0 l\u2019avant par une fermeture \u00e9clair. En outre, il peut \u00eatre ouvert sur les c\u00f4t\u00e9s \u00e0 l\u2019aide de velcro et \u00eatre ajust\u00e9 \u00e0 son porteur.&nbsp;<\/span><\/p>\n<p><span style=\"font-weight: 400;\">Le dos du gilet est \u00e9quip\u00e9 d\u2019une large bande velcro, de sorte que les diff\u00e9rentes inscriptions r\u00e9fl\u00e9chissantes peuvent \u00eatre facilement enlev\u00e9es ou appos\u00e9es. La dimension du velcro au dos est de 30 x 10 cm.<\/span><\/p>\n<p><span style=\"font-weight: 400;\">Il y a \u00e9galement un velcro attach\u00e9 \u00e0 l\u2019avant, sur la poitrine \u00e0 gauche, mesurant 12 x 4 cm pour y fixer diverses inscriptions que nous proposons, comme par exemple : SECURITY \/ POLICE, etc.<\/span><\/p>\n<p><span style=\"font-weight: 400;\">Le gilet est \u00e9quip\u00e9 de deux grandes poches \u00e0 double fermeture \u00e9clair \u00e0 l\u2019avant. Les deux poches sont \u00e9quip\u00e9es de supports \u00e9lastiques et d\u2019une poche int\u00e9rieure, ainsi que d\u2019une poche suppl\u00e9mentaire en velcro \u00e0 l\u2019ext\u00e9rieur. Une autre poche en velcro pour la radio ou le t\u00e9l\u00e9phone portable est situ\u00e9e \u00e0 l\u2019avant, \u00e0 hauteur de la poitrine, \u00e0 gauche. En outre, le gilet est \u00e9quip\u00e9 d\u2019un compartiment pour 4 stylos et d\u2019un anneau m\u00e9tallique robuste. Bien s\u00fbr, il y a aussi une fen\u00eatre d\u2019identification avec velcro pour les noms.&nbsp;<\/span><\/p>\n<p><b>Informations sur le produit :&nbsp;<\/b><\/p>\n<ul>\n<li><span style=\"font-weight: 400;\">D\u00e9signation : Gilet tactique&nbsp;&nbsp;<\/span><\/li>\n<li><span style=\"font-weight: 400;\">Mati\u00e8re : Fabriqu\u00e9 en maille respirante \u00ab Polyster Mesh 425 GSM \u00bb et en Polyester-Oxford Tissu.<\/span><\/li>\n<li><span style=\"font-weight: 400;\">Couleur : brun<\/span><\/li>\n<li><span style=\"font-weight: 400;\">Robuste et durable&nbsp;<\/span><\/li>\n<li><span style=\"font-weight: 400;\">Le gilet peut \u00eatre ajust\u00e9 pour s\u2019adapter encore mieux \u00e0 son porteur gr\u00e2ce \u00e0 des velcros sur les c\u00f4t\u00e9s.<\/span><\/li>\n<li><span style=\"font-weight: 400;\">\u00c9quip\u00e9 d\u2019une fen\u00eatre d\u2019identification, d\u2019un anneau m\u00e9tallique, d\u2019une fixation pour velcro pour le nom et d\u2019un velcro pour la d\u00e9signation.<\/span><\/li>\n<li><span style=\"font-weight: 400;\">2 grands compartiments zipp\u00e9s avec poche ext\u00e9rieure de 21 cm de largeur pour 15 cm de hauteur<\/span><\/li>\n<li><span style=\"font-weight: 400;\">1 poche radio ou t\u00e9l\u00e9phone portable de 9 cm de largeur pour 14 cm de hauteur<\/span><\/li>\n<li><span style=\"font-weight: 400;\">1 compartiment \u00e0 stylos pour 4 stylos&nbsp;<\/span><\/li>\n<li><span style=\"font-weight: 400;\">Bandes r\u00e9fl\u00e9chissantes 3M tout autour&nbsp;<\/span><\/li>\n<li><span style=\"font-weight: 400;\">Inscriptions en velcro : Inscriptions vari\u00e9es interchangeables par velcro selon les besoins.<\/span><\/li>\n<li><span style=\"font-weight: 400;\">Poids : 750 g.&nbsp;<\/span><\/li>\n<li><span style=\"font-weight: 400;\">Tailles : S, M, L, XL, 2XL, peut \u00e9galement \u00eatre r\u00e9alis\u00e9 sur mesure, sur simple demande&nbsp;<\/span><\/li>\n<\/ul>\n<p><b>Prix r\u00e9duit pour les commandes de 40 unit\u00e9s ou plus, contactez-nous.<\/b><\/p>\n","protected":false},"excerpt":{"rendered":"<p><span style=\"font-weight: 400;\">Ce gilet tactique l\u00e9ger et fonctionnel brun avec des bandes r\u00e9fl\u00e9chissantes 3M tout autour garantit que le porteur est facilement perceptible, m\u00eame en cas de mauvaise visibilit\u00e9 ou dans l\u2019obscurit\u00e9. Fabriqu\u00e9 en maille respirante \u00ab Polyster Mesh 425 GSM \u00bb et Polyester-Oxford Tissu.<\/span><\/p>\n","protected":false},"featured_media":121981,"comment_status":"open","ping_status":"closed","template":"","meta":{"inline_featured_image":false},"product_brand":[],"product_cat":[2215,1606],"product_tag":[1765],"class_list":{"0":"post-121977","1":"product","2":"type-product","3":"status-publish","4":"has-post-thumbnail","6":"product_cat-vestes_tactiques","7":"product_cat-vetements-haute-visibilite-et-lumineux","8":"product_tag-sport-outdoor-fr","10":"first","11":"instock","12":"taxable","13":"shipping-taxable","14":"purchasable","15":"product-type-simple"},"_links":{"self":[{"href":"https:\/\/metal-badge.ch\/fr\/wp-json\/wp\/v2\/product\/121977","targetHints":{"allow":["GET"]}}],"collection":[{"href":"https:\/\/metal-badge.ch\/fr\/wp-json\/wp\/v2\/product"}],"about":[{"href":"https:\/\/metal-badge.ch\/fr\/wp-json\/wp\/v2\/types\/product"}],"replies":[{"embeddable":true,"href":"https:\/\/metal-badge.ch\/fr\/wp-json\/wp\/v2\/comments?post=121977"}],"wp:featuredmedia":[{"embeddable":true,"href":"https:\/\/metal-badge.ch\/fr\/wp-json\/wp\/v2\/media\/121981"}],"wp:attachment":[{"href":"https:\/\/metal-badge.ch\/fr\/wp-json\/wp\/v2\/media?parent=121977"}],"wp:term":[{"taxonomy":"product_brand","embeddable":true,"href":"https:\/\/metal-badge.ch\/fr\/wp-json\/wp\/v2\/product_brand?post=121977"},{"taxonomy":"product_cat","embeddable":true,"href":"https:\/\/metal-badge.ch\/fr\/wp-json\/wp\/v2\/product_cat?post=121977"},{"taxonomy":"product_tag","embeddable":true,"href":"https:\/\/metal-badge.ch\/fr\/wp-json\/wp\/v2\/product_tag?post=121977"}],"curies":[{"name":"wp","href":"https:\/\/api.w.org\/{rel}","templated":true}]}}