{"id":121878,"date":"2022-08-16T13:14:08","date_gmt":"2022-08-16T11:14:10","guid":{"rendered":"https:\/\/metal-badge.ch\/?post_type=product&#038;p=121878"},"modified":"2022-08-16T13:23:47","modified_gmt":"2022-08-16T11:23:47","slug":"blouson-en-polyester-leger-beige","status":"publish","type":"product","link":"https:\/\/metal-badge.ch\/fr\/product\/121878\/blouson-en-polyester-leger-beige\/","title":{"rendered":"Blouson en polyester l\u00e9ger Beige"},"content":{"rendered":"<p><span style=\"font-weight: 400;\">La veste sp\u00e9ciale. Tendance et agr\u00e9ablement l\u00e9g\u00e8re, avec une finition soign\u00e9e, cette veste sera votre bijou. Avec une fermeture \u00e9clair sur toute la longueur, des coutures d\u00e9coratives \u00e9labor\u00e9es et une doublure int\u00e9rieure de qualit\u00e9. La veste est \u00e9quip\u00e9e de 2 poches ext\u00e9rieures lat\u00e9rales avec fermeture \u00e9clair, d&rsquo;une poche de poitrine avec fermeture \u00e9clair et d&rsquo;une poche int\u00e9rieure avec fermeture \u00e9clair.<\/span> <span style=\"font-weight: 400;\">Le col zipp\u00e9 \u00e0 fermeture haute a les m\u00eames bordures c\u00f4tel\u00e9es \u00e0 l&rsquo;int\u00e9rieur qu&rsquo;aux manches et \u00e0 l&rsquo;ourlet. Les contrastes subtils sur les empi\u00e8cements \u00e9lastiques du col ainsi que sur les manches et l&rsquo;ourlet apportent une touche de modernit\u00e9. R\u00e9sistant \u00e0 la salet\u00e9 et \u00e0 l&rsquo;eau. 100 % polyester.&nbsp;<\/span><\/p>\n<p><b>Informations sur le produit&nbsp;:&nbsp;<\/b><\/p>\n<ul>\n<li><span style=\"font-weight: 400;\">Veste l\u00e9g\u00e8re pour l&rsquo;\u00e9t\u00e9, l&rsquo;automne et le printemps<\/span><\/li>\n<li><span style=\"font-weight: 400;\">Veste adapt\u00e9e \u00e0 la vie quotidienne pour toutes les occasions, comme le sport, le plein air, la randonn\u00e9e, le safari, la p\u00eache, le trekking, le golf, les loisirs, le travail<\/span><\/li>\n<li><span style=\"font-weight: 400;\">Col, poignets et taille c\u00f4tel\u00e9s avec des rayures pour un look d\u00e9contract\u00e9 et sportif<\/span><\/li>\n<li><span style=\"font-weight: 400;\">Forme du col : col montant<\/span><\/li>\n<li><span style=\"font-weight: 400;\">Fermeture&nbsp;: fermeture \u00e9clair sur toute la longueur<\/span><\/li>\n<li><span style=\"font-weight: 400;\">2x grandes poches lat\u00e9rales avec fermeture \u00e9clair&nbsp;<\/span><\/li>\n<li><span style=\"font-weight: 400;\">1x poche poitrine avec fermeture \u00e9clair<\/span><\/li>\n<li><span style=\"font-weight: 400;\">1x poche int\u00e9rieure avec fermeture \u00e9clair&nbsp;<\/span><\/li>\n<li><span style=\"font-weight: 400;\">Composition&nbsp;: 100&nbsp;% polyester.<\/span><\/li>\n<li><span style=\"font-weight: 400;\">Lavage en machine 30\u00b0C<\/span><\/li>\n<li><span style=\"font-weight: 400;\">Infroissable&nbsp;<\/span><\/li>\n<li><span style=\"font-weight: 400;\">Couleur : Beige &nbsp;<\/span><\/li>\n<li><span style=\"font-weight: 400;\">Taille&nbsp;: S, M, L, XL <\/span><\/li>\n<\/ul>\n","protected":false},"excerpt":{"rendered":"<p><span style=\"font-weight: 400;\">La veste sp\u00e9ciale. Tendance et agr\u00e9ablement l\u00e9g\u00e8re, avec une finition soign\u00e9e, cette veste sera votre bijou. Avec une fermeture \u00e9clair sur toute la longueur, des coutures d\u00e9coratives \u00e9labor\u00e9es et une doublure int\u00e9rieure de qualit\u00e9. <\/span><\/p>\n","protected":false},"featured_media":121882,"comment_status":"closed","ping_status":"closed","template":"","meta":{"inline_featured_image":false},"product_brand":[],"product_cat":[2189],"product_tag":[1765],"class_list":{"0":"post-121878","1":"product","2":"type-product","3":"status-publish","4":"has-post-thumbnail","6":"product_cat-vetementsdeloisirs","7":"product_tag-sport-outdoor-fr","9":"first","10":"instock","11":"taxable","12":"shipping-taxable","13":"purchasable","14":"product-type-simple"},"_links":{"self":[{"href":"https:\/\/metal-badge.ch\/fr\/wp-json\/wp\/v2\/product\/121878","targetHints":{"allow":["GET"]}}],"collection":[{"href":"https:\/\/metal-badge.ch\/fr\/wp-json\/wp\/v2\/product"}],"about":[{"href":"https:\/\/metal-badge.ch\/fr\/wp-json\/wp\/v2\/types\/product"}],"replies":[{"embeddable":true,"href":"https:\/\/metal-badge.ch\/fr\/wp-json\/wp\/v2\/comments?post=121878"}],"wp:featuredmedia":[{"embeddable":true,"href":"https:\/\/metal-badge.ch\/fr\/wp-json\/wp\/v2\/media\/121882"}],"wp:attachment":[{"href":"https:\/\/metal-badge.ch\/fr\/wp-json\/wp\/v2\/media?parent=121878"}],"wp:term":[{"taxonomy":"product_brand","embeddable":true,"href":"https:\/\/metal-badge.ch\/fr\/wp-json\/wp\/v2\/product_brand?post=121878"},{"taxonomy":"product_cat","embeddable":true,"href":"https:\/\/metal-badge.ch\/fr\/wp-json\/wp\/v2\/product_cat?post=121878"},{"taxonomy":"product_tag","embeddable":true,"href":"https:\/\/metal-badge.ch\/fr\/wp-json\/wp\/v2\/product_tag?post=121878"}],"curies":[{"name":"wp","href":"https:\/\/api.w.org\/{rel}","templated":true}]}}