{"id":121681,"date":"2022-08-13T01:49:30","date_gmt":"2022-08-12T23:49:37","guid":{"rendered":"https:\/\/metal-badge.ch\/?post_type=product&#038;p=121681"},"modified":"2022-08-13T02:15:47","modified_gmt":"2022-08-13T00:15:47","slug":"pantalon-de-randonnee-trekking-kaki-2088","status":"publish","type":"product","link":"https:\/\/metal-badge.ch\/fr\/product\/121681\/pantalon-de-randonnee-trekking-kaki-2088\/","title":{"rendered":"Pantalon de randonn\u00e9e \/ trekking kaki 2088"},"content":{"rendered":"<p><span style=\"font-weight: 400;\">Pantalon de randonn\u00e9e tr\u00e8s robuste, r\u00e9sistant aux intemp\u00e9ries et extr\u00eamement respirant, avec une coupe parfaite. Un pantalon long pour les journ\u00e9es chaudes. Toutes ses caract\u00e9ristiques sont con\u00e7ues pour rendre votre prochaine randonn\u00e9e au sommet aussi confortable que possible. Le pantalon se transforme rapidement en short gr\u00e2ce \u00e0 la jambe de pantalon d\u00e9zippable. Ce pantalon est \u00e9quip\u00e9 de 2x poches lat\u00e9rales ainsi que de 1x poche arri\u00e8re avec fermeture \u00e9clair et de 2x poches sur la jambe avec fermeture \u00e9clair et velcro. Une ceinture en nylon noir est \u00e9galement incluse dans le prix.&nbsp;<\/span><\/p>\n<p><b>Informations sur le produit&nbsp;:&nbsp;<\/b><\/p>\n<ul>\n<li><span style=\"font-weight: 400;\">Domaine d&rsquo;application&nbsp;: trekking, randonn\u00e9e, sports de montagne&nbsp;<\/span><\/li>\n<li><span style=\"font-weight: 400;\">Mat\u00e9riel&nbsp;: 100% polyester.&nbsp;<\/span><\/li>\n<li><span style=\"font-weight: 400;\">Poches&nbsp;: 2x poches lat\u00e9rales&nbsp;<\/span><\/li>\n<li><span style=\"font-weight: 400;\">Poches&nbsp;: 2x poches sur les jambes avec fermeture \u00e9clair et velcro<\/span><\/li>\n<li><span style=\"font-weight: 400;\">Poches&nbsp;: 1x poche arri\u00e8re avec fermeture \u00e9clair&nbsp;<\/span><\/li>\n<li><span style=\"font-weight: 400;\">Fermeture&nbsp;: patte de boutonnage<\/span><\/li>\n<li><span style=\"font-weight: 400;\">Pantalon d\u00e9zippable pour la randonn\u00e9e&nbsp;: facile d&rsquo;entretien et \u00e0 s\u00e9chage rapide&nbsp;<\/span><\/li>\n<li><span style=\"font-weight: 400;\">Mod\u00e8le&nbsp;: 2088<\/span><\/li>\n<li><span style=\"font-weight: 400;\">Poids&nbsp;: 330 g<\/span><\/li>\n<li><span style=\"font-weight: 400;\">Inclus&nbsp;: sangle en nylon amovible<\/span><\/li>\n<li><span style=\"font-weight: 400;\">Couleur&nbsp;: kaki.&nbsp;<\/span><\/li>\n<li><span style=\"font-weight: 400;\">Tailles&nbsp;: S, M, L, XL, 2XL <\/span><\/li>\n<\/ul>\n","protected":false},"excerpt":{"rendered":"<p><span style=\"font-weight: 400;\">Pantalon de randonn\u00e9e tr\u00e8s robuste, r\u00e9sistant aux intemp\u00e9ries et extr\u00eamement respirant, avec une coupe parfaite. Un pantalon long pour les journ\u00e9es chaudes. Toutes ses caract\u00e9ristiques sont con\u00e7ues pour rendre votre prochaine randonn\u00e9e au sommet aussi confortable que possible.<\/span><\/p>\n","protected":false},"featured_media":121685,"comment_status":"closed","ping_status":"closed","template":"","meta":{"inline_featured_image":false},"product_brand":[],"product_cat":[1614,2189],"product_tag":[],"class_list":{"0":"post-121681","1":"product","2":"type-product","3":"status-publish","4":"has-post-thumbnail","6":"product_cat-pantalons-et-shorts","7":"product_cat-vetementsdeloisirs","9":"first","10":"instock","11":"taxable","12":"shipping-taxable","13":"purchasable","14":"product-type-simple"},"_links":{"self":[{"href":"https:\/\/metal-badge.ch\/fr\/wp-json\/wp\/v2\/product\/121681","targetHints":{"allow":["GET"]}}],"collection":[{"href":"https:\/\/metal-badge.ch\/fr\/wp-json\/wp\/v2\/product"}],"about":[{"href":"https:\/\/metal-badge.ch\/fr\/wp-json\/wp\/v2\/types\/product"}],"replies":[{"embeddable":true,"href":"https:\/\/metal-badge.ch\/fr\/wp-json\/wp\/v2\/comments?post=121681"}],"wp:featuredmedia":[{"embeddable":true,"href":"https:\/\/metal-badge.ch\/fr\/wp-json\/wp\/v2\/media\/121685"}],"wp:attachment":[{"href":"https:\/\/metal-badge.ch\/fr\/wp-json\/wp\/v2\/media?parent=121681"}],"wp:term":[{"taxonomy":"product_brand","embeddable":true,"href":"https:\/\/metal-badge.ch\/fr\/wp-json\/wp\/v2\/product_brand?post=121681"},{"taxonomy":"product_cat","embeddable":true,"href":"https:\/\/metal-badge.ch\/fr\/wp-json\/wp\/v2\/product_cat?post=121681"},{"taxonomy":"product_tag","embeddable":true,"href":"https:\/\/metal-badge.ch\/fr\/wp-json\/wp\/v2\/product_tag?post=121681"}],"curies":[{"name":"wp","href":"https:\/\/api.w.org\/{rel}","templated":true}]}}