{"id":121559,"date":"2022-07-20T00:26:02","date_gmt":"2022-07-19T22:26:11","guid":{"rendered":"https:\/\/metal-badge.ch\/?post_type=product&#038;p=121559"},"modified":"2024-11-07T02:18:22","modified_gmt":"2024-11-07T01:18:22","slug":"edifice-bluetooth-eqb-1100xdc-1aer","status":"publish","type":"product","link":"https:\/\/metal-badge.ch\/fr\/product\/121559\/edifice-bluetooth-eqb-1100xdc-1aer\/","title":{"rendered":"EDIFICE Bluetooth EQB-1100XDC-1AER"},"content":{"rendered":"<div><b>SPECIFICATION<\/b><b><\/b><\/div>\n<ul>\n<li>Cat\u00e9gorie:&nbsp;Montres<\/li>\n<li>Collection:&nbsp;EDIFICE Bluetooth<\/li>\n<li>Genre:&nbsp;Hommes<\/li>\n<li>Mouvement:&nbsp;5639<\/li>\n<li>Affichage:&nbsp;Analog<\/li>\n<li>Couleur du cadran:&nbsp;Noir<\/li>\n<li>\u00c9tanch\u00e9it\u00e9 \u00e0 l\u2019eau:&nbsp;100<\/li>\n<li>L\u2019exactitude:&nbsp;Smartphone Link<\/li>\n<li>Verre:&nbsp;Verre saphire<\/li>\n<li>Mati\u00e8re du bo\u00eetier:&nbsp;Acier<\/li>\n<li>Couleur du bo\u00eetier:&nbsp;Vert<\/li>\n<li>Hauteur du bo\u00eetier:&nbsp;51.1<\/li>\n<li>\u00c9paisseur du bo\u00eetier:&nbsp;8.9<\/li>\n<li>Largeur du Bo\u00eetier:&nbsp;44.6<\/li>\n<li>Mati\u00e8re du bracelet:&nbsp;Acier massif<\/li>\n<li>Poids (gramme):&nbsp;124<\/li>\n<li>Couleur du bracelet:&nbsp;Noir<\/li>\n<li>Longueur du bracelet:&nbsp;205<\/li>\n<li>Largeur du bracelet:&nbsp;25<\/li>\n<li>Fermoir:&nbsp;Femoir de s\u00e9curit\u00e9<\/li>\n<li>Batterie:&nbsp;CTL920<\/li>\n<li>Chronom\u00e8tre:&nbsp;Oui<\/li>\n<\/ul>\n<div><b>INFORMATIONS TECHNIQUE<\/b><\/div>\n<div><b>&nbsp;<\/b><\/div>\n<div>Fonctionnement solaire, Neobrite :, Fonction d&rsquo;heure universelle, Affichage d&rsquo;un second fuseau horaire, Affichage date et jour de la semaine, Lap Memory 200, Alarme quotidienne, Fonction, Calendrier automatique<\/div>\n","protected":false},"excerpt":{"rendered":"<p>Fonctionnement solaire, Neobrite :, Fonction d&rsquo;heure universelle, Affichage d&rsquo;un second fuseau horaire, Affichage date et jour de la semaine, Lap Memory 200, Alarme quotidienne, Fonction, Calendrier automatique<\/p>\n","protected":false},"featured_media":121563,"comment_status":"open","ping_status":"closed","template":"","meta":{"inline_featured_image":false},"product_brand":[],"product_cat":[967,2299,2303],"product_tag":[1800,1938,1765],"class_list":{"0":"post-121559","1":"product","2":"type-product","3":"status-publish","4":"has-post-thumbnail","6":"product_cat-montres","7":"product_cat-casio-fr","8":"product_cat-edifice-fr","9":"product_tag-casio-fr","10":"product_tag-edifice-fr","11":"product_tag-sport-outdoor-fr","13":"first","14":"instock","15":"taxable","16":"shipping-taxable","17":"purchasable","18":"product-type-simple"},"_links":{"self":[{"href":"https:\/\/metal-badge.ch\/fr\/wp-json\/wp\/v2\/product\/121559","targetHints":{"allow":["GET"]}}],"collection":[{"href":"https:\/\/metal-badge.ch\/fr\/wp-json\/wp\/v2\/product"}],"about":[{"href":"https:\/\/metal-badge.ch\/fr\/wp-json\/wp\/v2\/types\/product"}],"replies":[{"embeddable":true,"href":"https:\/\/metal-badge.ch\/fr\/wp-json\/wp\/v2\/comments?post=121559"}],"wp:featuredmedia":[{"embeddable":true,"href":"https:\/\/metal-badge.ch\/fr\/wp-json\/wp\/v2\/media\/121563"}],"wp:attachment":[{"href":"https:\/\/metal-badge.ch\/fr\/wp-json\/wp\/v2\/media?parent=121559"}],"wp:term":[{"taxonomy":"product_brand","embeddable":true,"href":"https:\/\/metal-badge.ch\/fr\/wp-json\/wp\/v2\/product_brand?post=121559"},{"taxonomy":"product_cat","embeddable":true,"href":"https:\/\/metal-badge.ch\/fr\/wp-json\/wp\/v2\/product_cat?post=121559"},{"taxonomy":"product_tag","embeddable":true,"href":"https:\/\/metal-badge.ch\/fr\/wp-json\/wp\/v2\/product_tag?post=121559"}],"curies":[{"name":"wp","href":"https:\/\/api.w.org\/{rel}","templated":true}]}}