{"id":121518,"date":"2022-07-19T19:14:56","date_gmt":"2022-07-19T17:15:05","guid":{"rendered":"https:\/\/metal-badge.ch\/?post_type=product&#038;p=121518"},"modified":"2024-11-07T19:16:27","modified_gmt":"2024-11-07T18:16:27","slug":"edifice-premium-efs-s590d-1avuef","status":"publish","type":"product","link":"https:\/\/metal-badge.ch\/fr\/product\/121518\/edifice-premium-efs-s590d-1avuef\/","title":{"rendered":"EDIFICE Premium EFS-S590D-1AVUEF"},"content":{"rendered":"<div><b>SPECIFICATION<\/b><b><\/b><\/div>\n<ul>\n<li>Cat\u00e9gorie:&nbsp;Montres<\/li>\n<li>Collection:&nbsp;EDIFICE Premium<\/li>\n<li>Genre:&nbsp;Hommes<\/li>\n<li>Mouvement:&nbsp;5633<\/li>\n<li>Affichage:&nbsp;Analog<\/li>\n<li>Couleur du cadran:&nbsp;Rouge<\/li>\n<li>\u00c9tanch\u00e9it\u00e9 \u00e0 l\u2019eau:&nbsp;100<\/li>\n<li>L\u2019exactitude:&nbsp;+\/- 15 sec<\/li>\n<li>Verre:&nbsp;Verre saphire<\/li>\n<li>Mati\u00e8re du bo\u00eetier:&nbsp;Acier<\/li>\n<li>Couleur du bo\u00eetier:&nbsp;Noir<\/li>\n<li>Hauteur du bo\u00eetier:&nbsp;50<\/li>\n<li>\u00c9paisseur du bo\u00eetier:&nbsp;9.9<\/li>\n<li>Largeur du Bo\u00eetier:&nbsp;45.3<\/li>\n<li>Mati\u00e8re du bracelet:&nbsp;Acier massif<\/li>\n<li>Poids (gramme):&nbsp;128<\/li>\n<li>Couleur du bracelet:&nbsp;Argent\u00e9<\/li>\n<li>Longueur du bracelet:&nbsp;205<\/li>\n<li>Largeur du bracelet:&nbsp;26<\/li>\n<li>Fermoir:&nbsp;Femoir de s\u00e9curit\u00e9<\/li>\n<li>Batterie:&nbsp;MT920S<\/li>\n<li>Chronom\u00e8tre:&nbsp;Oui<\/li>\n<\/ul>\n<div><b>INFORMATIONS TECHNIQUE<\/b><\/div>\n<div><b>&nbsp;<\/b><\/div>\n<div>Fonctionnement solaire, Neobrite :, Indication de la date, Fonction de chronom\u00e9trage &#8211; 1\/1 sec &#8211; 30 min, Indicateur de niveau des batteries<\/div>\n","protected":false},"excerpt":{"rendered":"<p>Fonctionnement solaire, Neobrite :, Indication de la date, Fonction de chronom\u00e9trage &#8211; 1\/1 sec &#8211; 30 min, Indicateur de niveau des batteries<\/p>\n","protected":false},"featured_media":121522,"comment_status":"open","ping_status":"closed","template":"","meta":{"inline_featured_image":false},"product_brand":[],"product_cat":[967,2299,2303],"product_tag":[1800,1938,1765],"class_list":{"0":"post-121518","1":"product","2":"type-product","3":"status-publish","4":"has-post-thumbnail","6":"product_cat-montres","7":"product_cat-casio-fr","8":"product_cat-edifice-fr","9":"product_tag-casio-fr","10":"product_tag-edifice-fr","11":"product_tag-sport-outdoor-fr","13":"first","14":"instock","15":"taxable","16":"shipping-taxable","17":"purchasable","18":"product-type-simple"},"_links":{"self":[{"href":"https:\/\/metal-badge.ch\/fr\/wp-json\/wp\/v2\/product\/121518","targetHints":{"allow":["GET"]}}],"collection":[{"href":"https:\/\/metal-badge.ch\/fr\/wp-json\/wp\/v2\/product"}],"about":[{"href":"https:\/\/metal-badge.ch\/fr\/wp-json\/wp\/v2\/types\/product"}],"replies":[{"embeddable":true,"href":"https:\/\/metal-badge.ch\/fr\/wp-json\/wp\/v2\/comments?post=121518"}],"wp:featuredmedia":[{"embeddable":true,"href":"https:\/\/metal-badge.ch\/fr\/wp-json\/wp\/v2\/media\/121522"}],"wp:attachment":[{"href":"https:\/\/metal-badge.ch\/fr\/wp-json\/wp\/v2\/media?parent=121518"}],"wp:term":[{"taxonomy":"product_brand","embeddable":true,"href":"https:\/\/metal-badge.ch\/fr\/wp-json\/wp\/v2\/product_brand?post=121518"},{"taxonomy":"product_cat","embeddable":true,"href":"https:\/\/metal-badge.ch\/fr\/wp-json\/wp\/v2\/product_cat?post=121518"},{"taxonomy":"product_tag","embeddable":true,"href":"https:\/\/metal-badge.ch\/fr\/wp-json\/wp\/v2\/product_tag?post=121518"}],"curies":[{"name":"wp","href":"https:\/\/api.w.org\/{rel}","templated":true}]}}