{"id":121466,"date":"2022-07-19T01:00:43","date_gmt":"2022-07-18T23:00:43","guid":{"rendered":"https:\/\/metal-badge.ch\/?post_type=product&#038;p=121466"},"modified":"2024-11-07T16:10:19","modified_gmt":"2024-11-07T15:10:19","slug":"edifice-premium-ecb-10pb-1aef","status":"publish","type":"product","link":"https:\/\/metal-badge.ch\/fr\/product\/121466\/edifice-premium-ecb-10pb-1aef\/","title":{"rendered":"EDIFICE Premium ECB-10PB-1AEF"},"content":{"rendered":"<div><b>SPECIFICATION<\/b><b><\/b><\/div>\n<ul>\n<li>Cat\u00e9gorie:&nbsp;Montres<\/li>\n<li>Collection:&nbsp;EDIFICE Premium<\/li>\n<li>Genre:&nbsp;Hommes<\/li>\n<li>Mouvement:&nbsp;5618<\/li>\n<li>Affichage:&nbsp;Analog<\/li>\n<li>Couleur du cadran:&nbsp;Noir<\/li>\n<li>\u00c9tanch\u00e9it\u00e9 \u00e0 l\u2019eau:&nbsp;100<\/li>\n<li>L\u2019exactitude:&nbsp;Smartphone Link<\/li>\n<li>Verre:&nbsp;Verre min\u00e9ral<\/li>\n<li>Mati\u00e8re du bo\u00eetier:&nbsp;Acier<\/li>\n<li>Couleur du bo\u00eetier:&nbsp;Noir<\/li>\n<li>Mati\u00e8re du bracelet:&nbsp;R\u00e9sine<\/li>\n<li>Couleur du bracelet:&nbsp;Noir<\/li>\n<li>Fermoir:&nbsp;Boucle ardillon<\/li>\n<li>Batterie:&nbsp;CR1616<\/li>\n<li>Chronom\u00e8tre:&nbsp;Oui<\/li>\n<\/ul>\n<div><b>INFORMATIONS TECHNIQUE<\/b><\/div>\n<div><b>&nbsp;<\/b><\/div>\n<div>Super Illuminator, Neobrite :, Fonction d&rsquo;heure universelle, Chronom\u00e8tre 1\/100 s &#8211; 24 heures, Comptes \u00e0 rebours &#8211; 1\/1 sec &#8211; 24 heures, Fonction, Calendrier automatique, Format de l&rsquo;heure 12\/24 heures<\/div>\n","protected":false},"excerpt":{"rendered":"<p>Super Illuminator, Neobrite :, Fonction d&rsquo;heure universelle, Chronom\u00e8tre 1\/100 s &#8211; 24 heures, Comptes \u00e0 rebours &#8211; 1\/1 sec &#8211; 24 heures, Fonction, Calendrier automatique, Format de l&rsquo;heure 12\/24 heures<\/p>\n","protected":false},"featured_media":121470,"comment_status":"open","ping_status":"closed","template":"","meta":{"inline_featured_image":false},"product_brand":[],"product_cat":[967,2299,2303],"product_tag":[1800,1938,1765],"class_list":{"0":"post-121466","1":"product","2":"type-product","3":"status-publish","4":"has-post-thumbnail","6":"product_cat-montres","7":"product_cat-casio-fr","8":"product_cat-edifice-fr","9":"product_tag-casio-fr","10":"product_tag-edifice-fr","11":"product_tag-sport-outdoor-fr","13":"first","14":"instock","15":"taxable","16":"shipping-taxable","17":"purchasable","18":"product-type-simple"},"_links":{"self":[{"href":"https:\/\/metal-badge.ch\/fr\/wp-json\/wp\/v2\/product\/121466","targetHints":{"allow":["GET"]}}],"collection":[{"href":"https:\/\/metal-badge.ch\/fr\/wp-json\/wp\/v2\/product"}],"about":[{"href":"https:\/\/metal-badge.ch\/fr\/wp-json\/wp\/v2\/types\/product"}],"replies":[{"embeddable":true,"href":"https:\/\/metal-badge.ch\/fr\/wp-json\/wp\/v2\/comments?post=121466"}],"wp:featuredmedia":[{"embeddable":true,"href":"https:\/\/metal-badge.ch\/fr\/wp-json\/wp\/v2\/media\/121470"}],"wp:attachment":[{"href":"https:\/\/metal-badge.ch\/fr\/wp-json\/wp\/v2\/media?parent=121466"}],"wp:term":[{"taxonomy":"product_brand","embeddable":true,"href":"https:\/\/metal-badge.ch\/fr\/wp-json\/wp\/v2\/product_brand?post=121466"},{"taxonomy":"product_cat","embeddable":true,"href":"https:\/\/metal-badge.ch\/fr\/wp-json\/wp\/v2\/product_cat?post=121466"},{"taxonomy":"product_tag","embeddable":true,"href":"https:\/\/metal-badge.ch\/fr\/wp-json\/wp\/v2\/product_tag?post=121466"}],"curies":[{"name":"wp","href":"https:\/\/api.w.org\/{rel}","templated":true}]}}