{"id":120920,"date":"2022-06-10T14:48:08","date_gmt":"2022-06-10T12:48:13","guid":{"rendered":"https:\/\/metal-badge.ch\/?post_type=product&#038;p=120920"},"modified":"2022-06-10T14:57:14","modified_gmt":"2022-06-10T12:57:14","slug":"g-shock-classic-casio-ga-b2100-1aer","status":"publish","type":"product","link":"https:\/\/metal-badge.ch\/fr\/product\/120920\/g-shock-classic-casio-ga-b2100-1aer\/","title":{"rendered":"G-SHOCK CLASSIC (CASIO) GA-B2100-1AER"},"content":{"rendered":"<p><b>SPECIFICATION<\/b><\/p>\n<ul>\n<li>Cat\u00e9gorie: Montres<\/li>\n<li>Collection: G-SHOCK Classic<\/li>\n<li>Genre: Hommes<\/li>\n<li>Mouvement: 5689<\/li>\n<li>Affichage: Analog + Digital<\/li>\n<li>Couleur du cadran: Noir<\/li>\n<li>\u00c9tanch\u00e9it\u00e9 \u00e0 l&rsquo;eau :200<\/li>\n<li>L&rsquo;exactitude: Smartphone Link<\/li>\n<li>Verre: Verre min\u00e9ral<\/li>\n<li>Couleur du bo\u00eetier: Noir<\/li>\n<li>Hauteur du bo\u00eetier: 48.6<\/li>\n<li>\u00c9paisseur du bo\u00eetier: 11.9<\/li>\n<li>Largeur du Bo\u00eetier: 45.5<\/li>\n<li>Mati\u00e8re du bracelet: R\u00e9sine<\/li>\n<li>Poids (gramme): 52<\/li>\n<li>Couleur du bracelet: Noir<\/li>\n<li>Fermoir: Boucle ardillon<\/li>\n<li>Batterie: CTL920<\/li>\n<li>Chronom\u00e8tre: Oui<\/li>\n<\/ul>\n<p><b>INFORMATIONS TECHNIQUE<\/b><\/p>\n<p>Super Illuminator, R\u00e9sistance aux chocs, Neobrite :, Fonction d&rsquo;heure universelle, Chronom\u00e8tre 1\/100 s &#8211; 24 heures, Comptes \u00e0 rebours &#8211; 1\/1 sec &#8211; 24 heures, Alarme quotidienne, Affichage du jour de la semaine en plusieurs langues, Marche\/Arr\u00eat bip sonore des touches, Fonction d\u00e9placement des aiguilles, Fonction, Calendrier automatique, Format de l&rsquo;heure 12\/24 heures<\/p>\n","protected":false},"excerpt":{"rendered":"<p>Super Illuminator, R\u00e9sistance aux chocs, Neobrite :, Fonction d&rsquo;heure universelle, Chronom\u00e8tre 1\/100 s &#8211; 24 heures, Comptes \u00e0 rebours &#8211; 1\/1 sec &#8211; 24 heures, Alarme quotidienne, Affichage du jour de la semaine en plusieurs langues, Marche\/Arr\u00eat bip sonore des touches, Fonction d\u00e9placement des aiguilles, Fonction, Calendrier automatique, Format de l&rsquo;heure 12\/24 heures<\/p>\n","protected":false},"featured_media":120924,"comment_status":"open","ping_status":"closed","template":"","meta":{"inline_featured_image":false},"product_brand":[],"product_cat":[2299,2387,967],"product_tag":[1800,1765],"class_list":{"0":"post-120920","1":"product","2":"type-product","3":"status-publish","4":"has-post-thumbnail","6":"product_cat-casio-fr","7":"product_cat-g-shock-fr","8":"product_cat-montres","9":"product_tag-casio-fr","10":"product_tag-sport-outdoor-fr","12":"first","13":"instock","14":"taxable","15":"shipping-taxable","16":"purchasable","17":"product-type-simple"},"_links":{"self":[{"href":"https:\/\/metal-badge.ch\/fr\/wp-json\/wp\/v2\/product\/120920","targetHints":{"allow":["GET"]}}],"collection":[{"href":"https:\/\/metal-badge.ch\/fr\/wp-json\/wp\/v2\/product"}],"about":[{"href":"https:\/\/metal-badge.ch\/fr\/wp-json\/wp\/v2\/types\/product"}],"replies":[{"embeddable":true,"href":"https:\/\/metal-badge.ch\/fr\/wp-json\/wp\/v2\/comments?post=120920"}],"wp:featuredmedia":[{"embeddable":true,"href":"https:\/\/metal-badge.ch\/fr\/wp-json\/wp\/v2\/media\/120924"}],"wp:attachment":[{"href":"https:\/\/metal-badge.ch\/fr\/wp-json\/wp\/v2\/media?parent=120920"}],"wp:term":[{"taxonomy":"product_brand","embeddable":true,"href":"https:\/\/metal-badge.ch\/fr\/wp-json\/wp\/v2\/product_brand?post=120920"},{"taxonomy":"product_cat","embeddable":true,"href":"https:\/\/metal-badge.ch\/fr\/wp-json\/wp\/v2\/product_cat?post=120920"},{"taxonomy":"product_tag","embeddable":true,"href":"https:\/\/metal-badge.ch\/fr\/wp-json\/wp\/v2\/product_tag?post=120920"}],"curies":[{"name":"wp","href":"https:\/\/api.w.org\/{rel}","templated":true}]}}