{"id":120501,"date":"2022-04-27T20:47:18","date_gmt":"2022-04-27T18:47:18","guid":{"rendered":"https:\/\/metal-badge.ch\/product\/120501\/verre-pare-balles-protecteur-decran-screen-protector-pour-apple-telephones-mobiles\/"},"modified":"2022-04-30T02:42:57","modified_gmt":"2022-04-30T00:42:57","slug":"verre-pare-balles-screen-protector-pour-apple-telephones-mobiles","status":"publish","type":"product","link":"https:\/\/metal-badge.ch\/fr\/product\/120501\/verre-pare-balles-screen-protector-pour-apple-telephones-mobiles\/","title":{"rendered":"Verre pare-balles \/ screen protector pour Apple t\u00e9l\u00e9phones mobiles"},"content":{"rendered":"<p><span style=\"font-weight: 400;\">Le verre de protection tremp\u00e9 de 0,3 mm est r\u00e9sistant \u00e0 l&rsquo;huile, incassable et constitue une protection optimale de l&rsquo;\u00e9cran contre les rayures, les chocs et les dommages caus\u00e9s par des objets pointus, tranchants ou durs. Il emp\u00eache le verre de l&rsquo;\u00e9cran tactile de se briser gr\u00e2ce \u00e0 son degr\u00e9 de duret\u00e9 (9H), par exemple en cas de coup ou de chute. Le verre de protection tremp\u00e9 couvre toute la surface de l&rsquo;\u00e9cran. Le rev\u00eatement nanom\u00e9trique suppl\u00e9mentaire du verre de protection repousse la salet\u00e9 et ne laisse pas de traces de doigts, de sorte que vous avez toujours une vue claire et nette de l&rsquo;\u00e9cran. La fonction de l&rsquo;\u00e9cran tactile n&rsquo;est pas affect\u00e9e par le verre de protection. Pour l&rsquo;installation, il suffit de retirer le film du protecteur d&rsquo;\u00e9cran. Installation sans bulles garantie. Gr\u00e2ce \u00e0 la technologie d&rsquo;adh\u00e9rence statique, le film de protection en verre adh\u00e8re fermement \u00e0 l&rsquo;\u00e9cran du smartphone comme un film de protection normal. Le verre de protection peut \u00eatre remplac\u00e9 \u00e0 tout moment.&nbsp;&nbsp;<\/span><\/p>\n<p><b>Informations sur le produit :&nbsp;<\/b><\/p>\n<ul>\n<li><span style=\"font-weight: 400;\">Verre de protection tremp\u00e9 pour t\u00e9l\u00e9phones mobiles<\/span><\/li>\n<li><span style=\"font-weight: 400;\">\u00c9paisseur : 0,3 mm \/ Degr\u00e9 de duret\u00e9 9H<\/span><\/li>\n<li><span style=\"font-weight: 400;\">Prot\u00e8ge l&rsquo;ensemble de l&rsquo;\u00e9cran&nbsp;<\/span><\/li>\n<li><span style=\"font-weight: 400;\">Surface lisse<\/span><\/li>\n<li><span style=\"font-weight: 400;\">Protection d&rsquo;\u00e9cran auto-adh\u00e9sive de haute qualit\u00e9&nbsp;<\/span><\/li>\n<li><span style=\"font-weight: 400;\">Enlevable sans r\u00e9sidu<\/span><\/li>\n<li><span style=\"font-weight: 400;\">Installation facile et sans bulles<\/span><\/li>\n<li><span style=\"font-weight: 400;\">R\u00e9sistant aux chocs, r\u00e9sistant aux rayures &#8211; protection contre les chocs<\/span><\/li>\n<li><span style=\"font-weight: 400;\">Compatible avec les \u00e9crans tactiles<\/span><\/li>\n<li><span style=\"font-weight: 400;\">Tampon alcoolis\u00e9, chiffon de nettoyage inclus<\/span><\/li>\n<li><span style=\"font-weight: 400;\">Rev\u00eatement anti-empreintes digitales<\/span><\/li>\n<li><span style=\"font-weight: 400;\">Contenu 1 pi\u00e8ce<\/span><\/li>\n<\/ul>\n<p><b>Nous r\u00e9alisons des verres de protection pour les \u00e9crans des marques suivantes :<\/b><\/p>\n<ul>\n<li><a href=\"https:\/\/metal-badge.ch\/fr\/product\/120501\/verre-pare-balles-screen-protector-pour-apple-telephones-mobiles\/?v=772de803edb4\"><b>Apple Iphone <\/b><\/a><\/li>\n<li><a href=\"https:\/\/metal-badge.ch\/fr\/product\/120510\/verre-pare-balles-screen-protector-pour-samsung-telephones-mobiles\/?v=772de803edb4\"><b>Samsung <\/b><\/a><\/li>\n<li><a href=\"https:\/\/metal-badge.ch\/fr\/product\/120505\/verre-pare-balles-screen-protector-pour-huawei-telephones-mobiles\/?v=772de803edb4\"><b>Huawei&nbsp;<\/b><\/a><\/li>\n<\/ul>\n<p><br style=\"font-weight: 400;\" \/><br style=\"font-weight: 400;\" \/><\/p>\n","protected":false},"excerpt":{"rendered":"<p><span style=\"font-weight: 400;\">Le verre de protection tremp\u00e9 de 0,3 mm est r\u00e9sistant \u00e0 l&rsquo;huile, incassable et constitue une protection optimale de l&rsquo;\u00e9cran contre les rayures, les chocs et les dommages caus\u00e9s par des objets pointus, tranchants ou durs. Il emp\u00eache le verre de l&rsquo;\u00e9cran tactile de se briser gr\u00e2ce \u00e0 son degr\u00e9 de duret\u00e9 (9H), par exemple en cas de coup ou de chute. Le verre de protection tremp\u00e9 couvre toute la surface de l&rsquo;\u00e9cran. Le rev\u00eatement nanom\u00e9trique suppl\u00e9mentaire du verre de protection repousse la salet\u00e9 et ne laisse pas de traces de doigts, de sorte que vous avez toujours une vue claire et nette de l&rsquo;\u00e9cran. La fonction de l&rsquo;\u00e9cran tactile n&rsquo;est pas affect\u00e9e par le verre de protection. <\/span><\/p>\n","protected":false},"featured_media":120490,"comment_status":"closed","ping_status":"closed","template":"","meta":{"inline_featured_image":false},"product_brand":[],"product_cat":[887,1435],"product_tag":[1781],"class_list":{"0":"post-120501","1":"product","2":"type-product","3":"status-publish","4":"has-post-thumbnail","6":"product_cat-accessoires","7":"product_cat-camping-voyage","8":"product_tag-police-securite","10":"first","11":"instock","12":"taxable","13":"shipping-taxable","14":"purchasable","15":"product-type-simple"},"_links":{"self":[{"href":"https:\/\/metal-badge.ch\/fr\/wp-json\/wp\/v2\/product\/120501","targetHints":{"allow":["GET"]}}],"collection":[{"href":"https:\/\/metal-badge.ch\/fr\/wp-json\/wp\/v2\/product"}],"about":[{"href":"https:\/\/metal-badge.ch\/fr\/wp-json\/wp\/v2\/types\/product"}],"replies":[{"embeddable":true,"href":"https:\/\/metal-badge.ch\/fr\/wp-json\/wp\/v2\/comments?post=120501"}],"wp:featuredmedia":[{"embeddable":true,"href":"https:\/\/metal-badge.ch\/fr\/wp-json\/wp\/v2\/media\/120490"}],"wp:attachment":[{"href":"https:\/\/metal-badge.ch\/fr\/wp-json\/wp\/v2\/media?parent=120501"}],"wp:term":[{"taxonomy":"product_brand","embeddable":true,"href":"https:\/\/metal-badge.ch\/fr\/wp-json\/wp\/v2\/product_brand?post=120501"},{"taxonomy":"product_cat","embeddable":true,"href":"https:\/\/metal-badge.ch\/fr\/wp-json\/wp\/v2\/product_cat?post=120501"},{"taxonomy":"product_tag","embeddable":true,"href":"https:\/\/metal-badge.ch\/fr\/wp-json\/wp\/v2\/product_tag?post=120501"}],"curies":[{"name":"wp","href":"https:\/\/api.w.org\/{rel}","templated":true}]}}