{"id":120194,"date":"2022-03-20T02:24:20","date_gmt":"2022-03-20T01:24:20","guid":{"rendered":"https:\/\/metal-badge.ch\/?post_type=product&#038;p=120194"},"modified":"2022-05-30T19:17:30","modified_gmt":"2022-05-30T17:17:30","slug":"g-shock-the-origin-casio-gw-m5610u-1ber","status":"publish","type":"product","link":"https:\/\/metal-badge.ch\/fr\/product\/120194\/g-shock-the-origin-casio-gw-m5610u-1ber\/","title":{"rendered":"G-SHOCK THE ORIGIN (CASIO) GW-M5610U-1BER"},"content":{"rendered":"<p class=\"p1\"><strong>SPECIFICATION<\/strong><\/p>\n<ul>\n<li class=\"p1\">Cat\u00e9gorie: Montres<\/li>\n<li class=\"p1\">Collection: G-SHOCK The Origin<\/li>\n<li class=\"p1\">Genre: Hommes<\/li>\n<li class=\"p1\">Mouvement: 3495<\/li>\n<li class=\"p1\">Affichage: Digital<\/li>\n<li class=\"p1\">Couleur du cadran: Noir<\/li>\n<li class=\"p1\">\u00c9tanch\u00e9it\u00e9 \u00e0 l&rsquo;eau: 200<\/li>\n<li class=\"p1\">L&rsquo;exactitude: radio-controlled<\/li>\n<li class=\"p1\">Verre: Verre min\u00e9ral<\/li>\n<li class=\"p1\">Mati\u00e8re du bo\u00eetier: R\u00e9sine<\/li>\n<li class=\"p1\">Couleur du bo\u00eetier: Noir<\/li>\n<li class=\"p1\">Hauteur du bo\u00eetier: 46.7<\/li>\n<li class=\"p1\">\u00c9paisseur du bo\u00eetier: 12.7<\/li>\n<li class=\"p1\">Largeur du Bo\u00eetier: 43.2<\/li>\n<li class=\"p1\">Mati\u00e8re du bracelet: R\u00e9sine<\/li>\n<li class=\"p1\">Poids (gramme): 51.7<\/li>\n<li class=\"p1\">Couleur du bracelet: Noir<\/li>\n<li class=\"p1\">Longueur du bracelet: 205<\/li>\n<li class=\"p1\">Largeur du bracelet: 26.3<\/li>\n<li class=\"p1\">Fermoir: Boucle ardillon<\/li>\n<li class=\"p1\">Batterie: CTL1616<\/li>\n<li class=\"p1\">Chronom\u00e8tre: Oui<\/li>\n<\/ul>\n<p class=\"p1\"><strong>INFORMATIONS TECHNIQUE<\/strong><\/p>\n<p class=\"p1\">Full Auto Illuminator, R\u00e9sistance aux chocs, Fonction d&rsquo;heure universelle, Chronom\u00e8tre 1\/100 s &#8211; 24 heures, Comptes \u00e0 rebours &#8211; 1\/1 min &#8211; 24 heures, Alarme quotidienne, Fonction Snooze, Marche\/Arr\u00eat bip sonore des touches, Calendrier automatique, Format de l&rsquo;heure 12\/24 heures, Indicateur de niveau des batteries<\/p>\n","protected":false},"excerpt":{"rendered":"<p class=\"p1\">Full Auto Illuminator, R\u00e9sistance aux chocs, Fonction d&rsquo;heure universelle, Chronom\u00e8tre 1\/100 s &#8211; 24 heures, Comptes \u00e0 rebours &#8211; 1\/1 min &#8211; 24 heures, Alarme quotidienne, Fonction Snooze, Marche\/Arr\u00eat bip sonore des touches, Calendrier automatique, Format de l&rsquo;heure 12\/24 heures, Indicateur de niveau des batteries<\/p>\n","protected":false},"featured_media":120198,"comment_status":"open","ping_status":"closed","template":"","meta":{"inline_featured_image":false},"product_brand":[],"product_cat":[2299,2387,967],"product_tag":[1800,1765],"class_list":{"0":"post-120194","1":"product","2":"type-product","3":"status-publish","4":"has-post-thumbnail","6":"product_cat-casio-fr","7":"product_cat-g-shock-fr","8":"product_cat-montres","9":"product_tag-casio-fr","10":"product_tag-sport-outdoor-fr","12":"first","13":"instock","14":"taxable","15":"shipping-taxable","16":"purchasable","17":"product-type-simple"},"_links":{"self":[{"href":"https:\/\/metal-badge.ch\/fr\/wp-json\/wp\/v2\/product\/120194","targetHints":{"allow":["GET"]}}],"collection":[{"href":"https:\/\/metal-badge.ch\/fr\/wp-json\/wp\/v2\/product"}],"about":[{"href":"https:\/\/metal-badge.ch\/fr\/wp-json\/wp\/v2\/types\/product"}],"replies":[{"embeddable":true,"href":"https:\/\/metal-badge.ch\/fr\/wp-json\/wp\/v2\/comments?post=120194"}],"wp:featuredmedia":[{"embeddable":true,"href":"https:\/\/metal-badge.ch\/fr\/wp-json\/wp\/v2\/media\/120198"}],"wp:attachment":[{"href":"https:\/\/metal-badge.ch\/fr\/wp-json\/wp\/v2\/media?parent=120194"}],"wp:term":[{"taxonomy":"product_brand","embeddable":true,"href":"https:\/\/metal-badge.ch\/fr\/wp-json\/wp\/v2\/product_brand?post=120194"},{"taxonomy":"product_cat","embeddable":true,"href":"https:\/\/metal-badge.ch\/fr\/wp-json\/wp\/v2\/product_cat?post=120194"},{"taxonomy":"product_tag","embeddable":true,"href":"https:\/\/metal-badge.ch\/fr\/wp-json\/wp\/v2\/product_tag?post=120194"}],"curies":[{"name":"wp","href":"https:\/\/api.w.org\/{rel}","templated":true}]}}