{"id":120149,"date":"2022-03-18T22:34:29","date_gmt":"2022-03-18T21:34:30","guid":{"rendered":"https:\/\/metal-badge.ch\/?post_type=product&#038;p=120149"},"modified":"2022-06-10T02:45:33","modified_gmt":"2022-06-10T00:45:33","slug":"g-shock-g-steel-casio-gst-b400-1aer","status":"publish","type":"product","link":"https:\/\/metal-badge.ch\/fr\/product\/120149\/g-shock-g-steel-casio-gst-b400-1aer\/","title":{"rendered":"G-SHOCK G-STEEL (CASIO) GST-B400-1AER"},"content":{"rendered":"<p class=\"p1\"><strong>SPECIFICATION<\/strong><\/p>\n<ul>\n<li class=\"p1\">Cat\u00e9gorie: Montres<\/li>\n<li class=\"p1\">Collection: G-SHOCK G-STEEL<\/li>\n<li class=\"p1\">Genre: Hommes<\/li>\n<li class=\"p1\">Mouvement: 5657<\/li>\n<li class=\"p1\">Affichage: Analog + Digital<\/li>\n<li class=\"p1\">Solaire: Oui<\/li>\n<li class=\"p1\">Couleur du cadran: Noir<\/li>\n<li class=\"p1\">\u00c9tanch\u00e9it\u00e9 \u00e0 l&rsquo;eau: 200<\/li>\n<li class=\"p1\">L&rsquo;exactitude: Smartphone Link<\/li>\n<li class=\"p1\">Verre: Verre min\u00e9ral<\/li>\n<li class=\"p1\">Couleur du bo\u00eetier: Argent\u00e9<\/li>\n<li class=\"p1\">Hauteur du bo\u00eetier: 46.6<\/li>\n<li class=\"p1\">\u00c9paisseur du bo\u00eetier: 12.9<\/li>\n<li class=\"p1\">Largeur du Bo\u00eetier: 49.6<\/li>\n<li class=\"p1\">Mati\u00e8re du bracelet: R\u00e9sine<\/li>\n<li class=\"p1\">Poids (gramme): 80<\/li>\n<li class=\"p1\">Couleur du bracelet: Noir<\/li>\n<li class=\"p1\">Longueur du bracelet: 215<\/li>\n<li class=\"p1\">Largeur du bracelet: 28.2<\/li>\n<li class=\"p1\">Fermoir: Boucle ardillon<\/li>\n<li class=\"p1\">Batterie: CTL920<\/li>\n<li class=\"p1\">Chronom\u00e8tre: Oui<\/li>\n<\/ul>\n<p class=\"p1\"><strong>INFORMATIONS TECHNIQUE<\/strong><\/p>\n<p class=\"p1\">Super Illuminator, R\u00e9sistance aux chocs, Neobrite :, Fonction d&rsquo;heure universelle, Chronom\u00e8tre 1\/100 s &#8211; 24 heures, Comptes \u00e0 rebours &#8211; 1\/1 sec &#8211; 1 heure, Alarme quotidienne, Affichage du jour de la semaine en plusieurs langues, Marche\/Arr\u00eat bip sonore des touches, Fonction d\u00e9placement des aiguilles, Fonction, Calendrier automatique, Format de l&rsquo;heure 12\/24 heures, Indicateur de niveau des batteries<\/p>\n","protected":false},"excerpt":{"rendered":"<p class=\"p1\">Super Illuminator, R\u00e9sistance aux chocs, Neobrite :, Fonction d&rsquo;heure universelle, Chronom\u00e8tre 1\/100 s &#8211; 24 heures, Comptes \u00e0 rebours &#8211; 1\/1 sec &#8211; 1 heure, Alarme quotidienne, Affichage du jour de la semaine en plusieurs langues, Marche\/Arr\u00eat bip sonore des touches, Fonction d\u00e9placement des aiguilles, Fonction, Calendrier automatique, Format de l&rsquo;heure 12\/24 heures, Indicateur de niveau des batteries<\/p>\n","protected":false},"featured_media":120153,"comment_status":"open","ping_status":"closed","template":"","meta":{"inline_featured_image":false},"product_brand":[],"product_cat":[2299,2387,967],"product_tag":[1800,1765],"class_list":{"0":"post-120149","1":"product","2":"type-product","3":"status-publish","4":"has-post-thumbnail","6":"product_cat-casio-fr","7":"product_cat-g-shock-fr","8":"product_cat-montres","9":"product_tag-casio-fr","10":"product_tag-sport-outdoor-fr","12":"first","13":"instock","14":"taxable","15":"shipping-taxable","16":"purchasable","17":"product-type-simple"},"_links":{"self":[{"href":"https:\/\/metal-badge.ch\/fr\/wp-json\/wp\/v2\/product\/120149","targetHints":{"allow":["GET"]}}],"collection":[{"href":"https:\/\/metal-badge.ch\/fr\/wp-json\/wp\/v2\/product"}],"about":[{"href":"https:\/\/metal-badge.ch\/fr\/wp-json\/wp\/v2\/types\/product"}],"replies":[{"embeddable":true,"href":"https:\/\/metal-badge.ch\/fr\/wp-json\/wp\/v2\/comments?post=120149"}],"wp:featuredmedia":[{"embeddable":true,"href":"https:\/\/metal-badge.ch\/fr\/wp-json\/wp\/v2\/media\/120153"}],"wp:attachment":[{"href":"https:\/\/metal-badge.ch\/fr\/wp-json\/wp\/v2\/media?parent=120149"}],"wp:term":[{"taxonomy":"product_brand","embeddable":true,"href":"https:\/\/metal-badge.ch\/fr\/wp-json\/wp\/v2\/product_brand?post=120149"},{"taxonomy":"product_cat","embeddable":true,"href":"https:\/\/metal-badge.ch\/fr\/wp-json\/wp\/v2\/product_cat?post=120149"},{"taxonomy":"product_tag","embeddable":true,"href":"https:\/\/metal-badge.ch\/fr\/wp-json\/wp\/v2\/product_tag?post=120149"}],"curies":[{"name":"wp","href":"https:\/\/api.w.org\/{rel}","templated":true}]}}