{"id":119939,"date":"2022-03-14T06:32:01","date_gmt":"2022-03-14T05:32:02","guid":{"rendered":"https:\/\/metal-badge.ch\/?post_type=product&#038;p=119939"},"modified":"2024-11-22T08:10:35","modified_gmt":"2024-11-22T07:10:35","slug":"g-shock-classic-gm-2100b-3aer","status":"publish","type":"product","link":"https:\/\/metal-badge.ch\/fr\/product\/119939\/g-shock-classic-gm-2100b-3aer\/","title":{"rendered":"G-SHOCK Classic GM-2100B-3AER"},"content":{"rendered":"<p class=\"p1\"><strong>SPECIFICATION<\/strong><\/p>\n<ul>\n<li class=\"p1\">Cat\u00e9gorie: Montres<\/li>\n<li class=\"p1\">Collection: G-SHOCK Classic<\/li>\n<li class=\"p1\">Genre: Hommes<\/li>\n<li class=\"p1\">Mouvement: 5611<\/li>\n<li class=\"p1\">Affichage: Analog + Digital<\/li>\n<li class=\"p1\">Couleur du cadran: Vert<\/li>\n<li class=\"p1\">\u00c9tanch\u00e9it\u00e9 \u00e0 l&rsquo;eau: 200<\/li>\n<li class=\"p1\">L&rsquo;exactitude: +\/- 15 sec<\/li>\n<li class=\"p1\">Verre: Verre min\u00e9ral<\/li>\n<li class=\"p1\">Couleur du bo\u00eetier: Noir<\/li>\n<li class=\"p1\">Hauteur du bo\u00eetier: 49.3<\/li>\n<li class=\"p1\">\u00c9paisseur du bo\u00eetier: 11.8<\/li>\n<li class=\"p1\">Largeur du Bo\u00eetier: 44.4<\/li>\n<li class=\"p1\">Mati\u00e8re du bracelet: R\u00e9sine<\/li>\n<li class=\"p1\">Poids (gramme): 72<\/li>\n<li class=\"p1\">Couleur du bracelet: Vert<\/li>\n<li class=\"p1\">Longueur du bracelet: 215<\/li>\n<li class=\"p1\">Largeur du bracelet: 26.1<\/li>\n<li class=\"p1\">Fermoir: Boucle ardillon<\/li>\n<li class=\"p1\">Batterie: SR726W X 2<\/li>\n<li class=\"p1\">Chronom\u00e8tre: Oui<\/li>\n<\/ul>\n<p class=\"p1\"><strong>INFORMATIONS TECHNIQUE<\/strong><\/p>\n<p class=\"p1\">Eclairage LED, R\u00e9sistance aux chocs, Neobrite :, Fonction d&rsquo;heure universelle, Chronom\u00e8tre 1\/100 s &#8211; 24 heures, Comptes \u00e0 rebours &#8211; 1\/1 sec &#8211; 24 heures, Alarme quotidienne, Marche\/Arr\u00eat bip sonore des touches, Fonction d\u00e9placement des aiguilles, Calendrier automatique, Format de l&rsquo;heure 12\/24 heures, 3 ans &#8211; 1 pile<\/p>\n","protected":false},"excerpt":{"rendered":"<p class=\"p1\">Eclairage LED, R\u00e9sistance aux chocs, Neobrite :, Fonction d&rsquo;heure universelle, Chronom\u00e8tre 1\/100 s &#8211; 24 heures, Comptes \u00e0 rebours &#8211; 1\/1 sec &#8211; 24 heures, Alarme quotidienne, Marche\/Arr\u00eat bip sonore des touches, Fonction d\u00e9placement des aiguilles, Calendrier automatique, Format de l&rsquo;heure 12\/24 heures, 3 ans &#8211; 1 pile<\/p>\n","protected":false},"featured_media":119943,"comment_status":"open","ping_status":"closed","template":"","meta":{"inline_featured_image":false},"product_brand":[],"product_cat":[967,2299,2387],"product_tag":[1800,1765],"class_list":{"0":"post-119939","1":"product","2":"type-product","3":"status-publish","4":"has-post-thumbnail","6":"product_cat-montres","7":"product_cat-casio-fr","8":"product_cat-g-shock-fr","9":"product_tag-casio-fr","10":"product_tag-sport-outdoor-fr","12":"first","13":"instock","14":"taxable","15":"shipping-taxable","16":"purchasable","17":"product-type-simple"},"_links":{"self":[{"href":"https:\/\/metal-badge.ch\/fr\/wp-json\/wp\/v2\/product\/119939","targetHints":{"allow":["GET"]}}],"collection":[{"href":"https:\/\/metal-badge.ch\/fr\/wp-json\/wp\/v2\/product"}],"about":[{"href":"https:\/\/metal-badge.ch\/fr\/wp-json\/wp\/v2\/types\/product"}],"replies":[{"embeddable":true,"href":"https:\/\/metal-badge.ch\/fr\/wp-json\/wp\/v2\/comments?post=119939"}],"wp:featuredmedia":[{"embeddable":true,"href":"https:\/\/metal-badge.ch\/fr\/wp-json\/wp\/v2\/media\/119943"}],"wp:attachment":[{"href":"https:\/\/metal-badge.ch\/fr\/wp-json\/wp\/v2\/media?parent=119939"}],"wp:term":[{"taxonomy":"product_brand","embeddable":true,"href":"https:\/\/metal-badge.ch\/fr\/wp-json\/wp\/v2\/product_brand?post=119939"},{"taxonomy":"product_cat","embeddable":true,"href":"https:\/\/metal-badge.ch\/fr\/wp-json\/wp\/v2\/product_cat?post=119939"},{"taxonomy":"product_tag","embeddable":true,"href":"https:\/\/metal-badge.ch\/fr\/wp-json\/wp\/v2\/product_tag?post=119939"}],"curies":[{"name":"wp","href":"https:\/\/api.w.org\/{rel}","templated":true}]}}