{"id":119749,"date":"2022-03-06T00:03:48","date_gmt":"2022-03-05T23:03:53","guid":{"rendered":"https:\/\/metal-badge.ch\/?post_type=product&#038;p=119749"},"modified":"2024-11-28T00:44:26","modified_gmt":"2024-11-27T23:44:26","slug":"g-shock-g-squad-gbd-200-1er","status":"publish","type":"product","link":"https:\/\/metal-badge.ch\/fr\/product\/119749\/g-shock-g-squad-gbd-200-1er\/","title":{"rendered":"G-SHOCK G-SQUAD GBD-200-1ER"},"content":{"rendered":"<p class=\"p1\"><strong>SPECIFICATION<\/strong><\/p>\n<ul>\n<li class=\"p1\">Cat\u00e9gorie: Montres<\/li>\n<li class=\"p1\">Collection: G-SHOCK G-SQUAD<\/li>\n<li class=\"p1\">Genre: Hommes<\/li>\n<li class=\"p1\">Mouvement: 3506<\/li>\n<li class=\"p1\">Affichage: Digital<\/li>\n<li class=\"p1\">Couleur du cadran: Noir<\/li>\n<li class=\"p1\">\u00c9tanch\u00e9it\u00e9 \u00e0 l&rsquo;eau: 200<\/li>\n<li class=\"p1\">L&rsquo;exactitude: Smartphone Link<\/li>\n<li class=\"p1\">Verre: Verre min\u00e9ral<\/li>\n<li class=\"p1\">Mati\u00e8re du bo\u00eetier: R\u00e9sine<\/li>\n<li class=\"p1\">Couleur du bo\u00eetier: Noir<\/li>\n<li class=\"p1\">Hauteur du bo\u00eetier: 49.4<\/li>\n<li class=\"p1\">\u00c9paisseur du bo\u00eetier: 15<\/li>\n<li class=\"p1\">Largeur du Bo\u00eetier: 45.9<\/li>\n<li class=\"p1\">Mati\u00e8re du bracelet: R\u00e9sine<\/li>\n<li class=\"p1\">Poids (gramme): 58<\/li>\n<li class=\"p1\">Couleur du bracelet: Noir<\/li>\n<li class=\"p1\">Longueur du bracelet: 215<\/li>\n<li class=\"p1\">Largeur du bracelet: 26.3<\/li>\n<li class=\"p1\">Fermoir: Boucle ardillon<\/li>\n<li class=\"p1\">Batterie: CR2032<\/li>\n<li class=\"p1\">Chronom\u00e8tre: Oui<\/li>\n<\/ul>\n<p class=\"p1\"><strong>INFORMATIONS TECHNIQUE<\/strong><\/p>\n<p class=\"p1\">SUPER-AUTO-LED Light, R\u00e9sistance aux chocs, Acc\u00e9l\u00e9rom\u00e8tre, Step Tracker, Fonction de chronom\u00e9trage &#8211; 1\/100 sec &#8211; 100 h, Lap Memory 100, Alarme quotidienne 4, Fonction Snooze, Alarme vibrante, Marche\/Arr\u00eat bip sonore des touches, Fonction<\/p>\n","protected":false},"excerpt":{"rendered":"<p class=\"p1\">SUPER-AUTO-LED Light, R\u00e9sistance aux chocs, Acc\u00e9l\u00e9rom\u00e8tre, Step Tracker, Fonction de chronom\u00e9trage &#8211; 1\/100 sec &#8211; 100 h, Lap Memory 100, Alarme quotidienne 4, Fonction Snooze, Alarme vibrante, Marche\/Arr\u00eat bip sonore des touches, Fonction<\/p>\n","protected":false},"featured_media":119753,"comment_status":"open","ping_status":"closed","template":"","meta":{"inline_featured_image":false},"product_brand":[],"product_cat":[967,2299,2387],"product_tag":[1800,1765],"class_list":{"0":"post-119749","1":"product","2":"type-product","3":"status-publish","4":"has-post-thumbnail","6":"product_cat-montres","7":"product_cat-casio-fr","8":"product_cat-g-shock-fr","9":"product_tag-casio-fr","10":"product_tag-sport-outdoor-fr","12":"first","13":"instock","14":"taxable","15":"shipping-taxable","16":"purchasable","17":"product-type-simple"},"_links":{"self":[{"href":"https:\/\/metal-badge.ch\/fr\/wp-json\/wp\/v2\/product\/119749","targetHints":{"allow":["GET"]}}],"collection":[{"href":"https:\/\/metal-badge.ch\/fr\/wp-json\/wp\/v2\/product"}],"about":[{"href":"https:\/\/metal-badge.ch\/fr\/wp-json\/wp\/v2\/types\/product"}],"replies":[{"embeddable":true,"href":"https:\/\/metal-badge.ch\/fr\/wp-json\/wp\/v2\/comments?post=119749"}],"wp:featuredmedia":[{"embeddable":true,"href":"https:\/\/metal-badge.ch\/fr\/wp-json\/wp\/v2\/media\/119753"}],"wp:attachment":[{"href":"https:\/\/metal-badge.ch\/fr\/wp-json\/wp\/v2\/media?parent=119749"}],"wp:term":[{"taxonomy":"product_brand","embeddable":true,"href":"https:\/\/metal-badge.ch\/fr\/wp-json\/wp\/v2\/product_brand?post=119749"},{"taxonomy":"product_cat","embeddable":true,"href":"https:\/\/metal-badge.ch\/fr\/wp-json\/wp\/v2\/product_cat?post=119749"},{"taxonomy":"product_tag","embeddable":true,"href":"https:\/\/metal-badge.ch\/fr\/wp-json\/wp\/v2\/product_tag?post=119749"}],"curies":[{"name":"wp","href":"https:\/\/api.w.org\/{rel}","templated":true}]}}