{"id":118612,"date":"2022-01-01T03:48:14","date_gmt":"2022-01-01T02:48:14","guid":{"rendered":"https:\/\/shop.metal-badge.ch\/?post_type=product&#038;p=118612"},"modified":"2022-01-01T03:56:49","modified_gmt":"2022-01-01T02:56:49","slug":"porte-stylo-ambassador-en-bois-avec-badge-en-metal-et-montre-multifonctions-medecin","status":"publish","type":"product","link":"https:\/\/metal-badge.ch\/fr\/product\/118612\/porte-stylo-ambassador-en-bois-avec-badge-en-metal-et-montre-multifonctions-medecin\/","title":{"rendered":"Porte-stylo \u201cAmbassador\u201d en bois avec badge en m\u00e9tal et montre multifonctions Medecin"},"content":{"rendered":"<p><span style=\"font-weight: 400;\">Le cadeau id\u00e9al : porte-stylo avec badge en m\u00e9tal.&nbsp;&nbsp;<\/span><\/p>\n<p><span style=\"font-weight: 400;\">Porte-stylo en bois avec horloge int\u00e9gr\u00e9e, affichage de la temp\u00e9rature et de la date et badge de votre choix. L&rsquo;horloge num\u00e9rique int\u00e9gr\u00e9e affiche l&rsquo;heure, la temp\u00e9rature et la date en mode altern\u00e9 toutes les 5 secondes. L&rsquo;horloge multifonctionnelle int\u00e9gr\u00e9e avec affichage de la temp\u00e9rature et de la date fonctionne avec 3 piles AAA ou un c\u00e2ble USB.<\/span><\/p>\n<p><b>Informations sur le produit :&nbsp;<\/b><\/p>\n<ul>\n<li><span style=\"font-weight: 400;\">D\u00e9signation : Porte-stylo Ambassador avec montre multifonctions et badge&nbsp;<\/span><\/li>\n<li><span style=\"font-weight: 400;\">Porte-stylo en bois de bambou : Choix de la couleur :&nbsp; Noyer ou noir&nbsp;<\/span><\/li>\n<li><span style=\"font-weight: 400;\">L&rsquo;horloge multifonctionnelle int\u00e9gr\u00e9e avec la temp\u00e9rature et la date peut \u00e9galement fonctionner avec 3 piles AAA.<\/span><\/li>\n<li><span style=\"font-weight: 400;\">Poids : 210 g&nbsp;<\/span><\/li>\n<li><span style=\"font-weight: 400;\">Mat\u00e9riau : Bois de bambou<\/span><\/li>\n<li><span style=\"font-weight: 400;\">Dimensions : hauteur 14 cm \/ largeur et longueur 6,5 cm&nbsp;<\/span><\/li>\n<li><span style=\"font-weight: 400;\">C\u00e2ble USB inclus dans la livraison<\/span><\/li>\n<li><span style=\"font-weight: 400;\">Manipulation simple&nbsp;<\/span><\/li>\n<li><span style=\"font-weight: 400;\">R\u00e9glages : Heure, date et temp\u00e9rature&nbsp;<\/span><\/li>\n<li><span style=\"font-weight: 400;\">Badge dor\u00e9 ou argent\u00e9&nbsp;<\/span><\/li>\n<li><span style=\"font-weight: 400;\">Couleur : Noyer ou noir<\/span><\/li>\n<\/ul>\n","protected":false},"excerpt":{"rendered":"<p><span style=\"font-weight: 400;\">Le cadeau id\u00e9al : porte-stylo avec badge en m\u00e9tal.&nbsp;&nbsp;<\/span><\/p>\n<p><span style=\"font-weight: 400;\">Porte-stylo en bois avec horloge int\u00e9gr\u00e9e, affichage de la temp\u00e9rature et de la date et badge de votre choix. L&rsquo;horloge num\u00e9rique int\u00e9gr\u00e9e affiche l&rsquo;heure, la temp\u00e9rature et la date en mode altern\u00e9 toutes les 5 secondes. L&rsquo;horloge multifonctionnelle int\u00e9gr\u00e9e avec affichage de la temp\u00e9rature et de la date fonctionne avec 3 piles AAA ou un c\u00e2ble USB.<\/span><\/p>\n","protected":false},"featured_media":118616,"comment_status":"open","ping_status":"closed","template":"","meta":{"inline_featured_image":false},"product_brand":[],"product_cat":[1199],"product_tag":[],"class_list":{"0":"post-118612","1":"product","2":"type-product","3":"status-publish","4":"has-post-thumbnail","6":"product_cat-medecin","8":"first","9":"instock","10":"taxable","11":"shipping-taxable","12":"purchasable","13":"product-type-simple"},"_links":{"self":[{"href":"https:\/\/metal-badge.ch\/fr\/wp-json\/wp\/v2\/product\/118612","targetHints":{"allow":["GET"]}}],"collection":[{"href":"https:\/\/metal-badge.ch\/fr\/wp-json\/wp\/v2\/product"}],"about":[{"href":"https:\/\/metal-badge.ch\/fr\/wp-json\/wp\/v2\/types\/product"}],"replies":[{"embeddable":true,"href":"https:\/\/metal-badge.ch\/fr\/wp-json\/wp\/v2\/comments?post=118612"}],"wp:featuredmedia":[{"embeddable":true,"href":"https:\/\/metal-badge.ch\/fr\/wp-json\/wp\/v2\/media\/118616"}],"wp:attachment":[{"href":"https:\/\/metal-badge.ch\/fr\/wp-json\/wp\/v2\/media?parent=118612"}],"wp:term":[{"taxonomy":"product_brand","embeddable":true,"href":"https:\/\/metal-badge.ch\/fr\/wp-json\/wp\/v2\/product_brand?post=118612"},{"taxonomy":"product_cat","embeddable":true,"href":"https:\/\/metal-badge.ch\/fr\/wp-json\/wp\/v2\/product_cat?post=118612"},{"taxonomy":"product_tag","embeddable":true,"href":"https:\/\/metal-badge.ch\/fr\/wp-json\/wp\/v2\/product_tag?post=118612"}],"curies":[{"name":"wp","href":"https:\/\/api.w.org\/{rel}","templated":true}]}}