{"id":117081,"date":"2021-12-05T02:35:24","date_gmt":"2021-12-05T01:35:24","guid":{"rendered":"https:\/\/shop.metal-badge.ch\/?post_type=product&#038;p=117081"},"modified":"2021-12-05T02:43:54","modified_gmt":"2021-12-05T01:43:54","slug":"chaussures-de-trekking-et-de-randonnee-pour-hommes-noir","status":"publish","type":"product","link":"https:\/\/metal-badge.ch\/fr\/product\/117081\/chaussures-de-trekking-et-de-randonnee-pour-hommes-noir\/","title":{"rendered":"Chaussures de trekking et de randonn\u00e9e pour hommes &#8211; noir"},"content":{"rendered":"<p><span style=\"font-weight: 400;\">La randonn\u00e9e confortable : une chaussure de randonn\u00e9e pour homme fiable et robuste avec mat\u00e9riau ext\u00e9rieur en cuir souple impressionne par son confort exceptionnel et sa belle apparence.&nbsp;<\/span><\/p>\n<p><span style=\"font-weight: 400;\">Chaussures de randonn\u00e9e souples avec de bonnes caract\u00e9ristiques de roulement, sa semelle de trail caoutchout\u00e9e assure une bonne adh\u00e9rence lors de vos randonn\u00e9es. Les chaussures de randonn\u00e9e id\u00e9ales pour les trekking en montagne.&nbsp;<\/span><\/p>\n<p><b>Informations sur le produit :<\/b><\/p>\n<ul>\n<li><span style=\"font-weight: 400;\">Type de sport :<\/span> <span style=\"font-weight: 400;\">trekking et randonn\u00e9e<\/span><\/li>\n<li><span style=\"font-weight: 400;\">Marque : ext\u00e9rieur<\/span><\/li>\n<li><span style=\"font-weight: 400;\">Couleur : noir<\/span><\/li>\n<li><span style=\"font-weight: 400;\">Sexe : Homme<\/span><\/li>\n<li><span style=\"font-weight: 400;\">Extr\u00e9mit\u00e9 des orteils caoutchout\u00e9e<\/span><\/li>\n<li><span style=\"font-weight: 400;\">Avec des propri\u00e9t\u00e9s respirantes pour plus de confort au porter<\/span><\/li>\n<li><span style=\"font-weight: 400;\">Mat\u00e9riau sup\u00e9rieur : cuir nubuck pleine fleur, nylon&nbsp;<\/span><\/li>\n<li><span style=\"font-weight: 400;\">La\u00e7age : fermeture \u00e0 lacets<\/span><\/li>\n<li><span style=\"font-weight: 400;\">Bon amortissement<\/span><\/li>\n<li><span style=\"font-weight: 400;\">Tenue s\u00fbre<\/span><\/li>\n<li><span style=\"font-weight: 400;\">Semelle : Caoutchouc&nbsp;<\/span><\/li>\n<li><span style=\"font-weight: 400;\">Mat\u00e9riau int\u00e9rieur : maille respirante<\/span><\/li>\n<li><span style=\"font-weight: 400;\">Semelle int\u00e9rieure amovible<\/span><\/li>\n<li><span style=\"font-weight: 400;\">Poids : env. 820 g \/ paire<\/span><\/li>\n<li><span style=\"font-weight: 400;\">Tailles : 39, 40, 41, 42, 43, 44, 45, 46<\/span><\/li>\n<\/ul>\n","protected":false},"excerpt":{"rendered":"<p><span style=\"font-weight: 400;\">La randonn\u00e9e confortable : une chaussure de randonn\u00e9e pour homme fiable et robuste avec mat\u00e9riau ext\u00e9rieur en cuir souple impressionne par son confort exceptionnel et sa belle apparence.&nbsp;<\/span><\/p>\n<p><span style=\"font-weight: 400;\">Chaussures de randonn\u00e9e souples avec de bonnes caract\u00e9ristiques de roulement, sa semelle de trail caoutchout\u00e9e assure une bonne adh\u00e9rence lors de vos randonn\u00e9es. Les chaussures de randonn\u00e9e id\u00e9ales pour les trekking en montagne.&nbsp;<\/span><\/p>\n<p>&nbsp;<\/p>\n","protected":false},"featured_media":117085,"comment_status":"closed","ping_status":"closed","template":"","meta":{"inline_featured_image":false},"product_brand":[],"product_cat":[2197],"product_tag":[],"class_list":{"0":"post-117081","1":"product","2":"type-product","3":"status-publish","4":"has-post-thumbnail","6":"product_cat-chaussuresetbottes","8":"first","9":"instock","10":"taxable","11":"shipping-taxable","12":"purchasable","13":"product-type-simple"},"_links":{"self":[{"href":"https:\/\/metal-badge.ch\/fr\/wp-json\/wp\/v2\/product\/117081","targetHints":{"allow":["GET"]}}],"collection":[{"href":"https:\/\/metal-badge.ch\/fr\/wp-json\/wp\/v2\/product"}],"about":[{"href":"https:\/\/metal-badge.ch\/fr\/wp-json\/wp\/v2\/types\/product"}],"replies":[{"embeddable":true,"href":"https:\/\/metal-badge.ch\/fr\/wp-json\/wp\/v2\/comments?post=117081"}],"wp:featuredmedia":[{"embeddable":true,"href":"https:\/\/metal-badge.ch\/fr\/wp-json\/wp\/v2\/media\/117085"}],"wp:attachment":[{"href":"https:\/\/metal-badge.ch\/fr\/wp-json\/wp\/v2\/media?parent=117081"}],"wp:term":[{"taxonomy":"product_brand","embeddable":true,"href":"https:\/\/metal-badge.ch\/fr\/wp-json\/wp\/v2\/product_brand?post=117081"},{"taxonomy":"product_cat","embeddable":true,"href":"https:\/\/metal-badge.ch\/fr\/wp-json\/wp\/v2\/product_cat?post=117081"},{"taxonomy":"product_tag","embeddable":true,"href":"https:\/\/metal-badge.ch\/fr\/wp-json\/wp\/v2\/product_tag?post=117081"}],"curies":[{"name":"wp","href":"https:\/\/api.w.org\/{rel}","templated":true}]}}