{"id":116996,"date":"2021-12-03T18:22:48","date_gmt":"2021-12-03T17:22:49","guid":{"rendered":"https:\/\/shop.metal-badge.ch\/?post_type=product&#038;p=116996"},"modified":"2021-12-03T18:45:59","modified_gmt":"2021-12-03T17:45:59","slug":"chaussures-de-trekking-et-de-randonnee-pour-hommes-brun","status":"publish","type":"product","link":"https:\/\/metal-badge.ch\/fr\/product\/116996\/chaussures-de-trekking-et-de-randonnee-pour-hommes-brun\/","title":{"rendered":"Chaussures de trekking et de randonn\u00e9e pour hommes &#8211; brun"},"content":{"rendered":"<p><span style=\"font-weight: 400;\">Chaussure de trekking mi-haute au design classique et moderne. Les capuchons sup\u00e9rieurs et les mat\u00e9riaux en maille de haute qualit\u00e9 assurent une sensation de confort. L&rsquo;extr\u00e9mit\u00e9 des orteils \u00e9labor\u00e9e offre une protection suffisante. Avec le la\u00e7age fonctionnel et la tige renforc\u00e9e, elle vous offre \u00e9galement un soutien optimal sur tous les terrains. L&#8217;embout enduit de PU prot\u00e8ge vos orteils. Avec sa semelle profil\u00e9e et r\u00e9sistante \u00e0 l&rsquo;abrasion, la chaussure de randonn\u00e9e vous offre une adh\u00e9rence optimale. Les chaussures de randonn\u00e9e id\u00e9ales pour les trekking en montagne.&nbsp;<\/span><\/p>\n<p><b>Informations sur le produit :<\/b><\/p>\n<ul>\n<li><span style=\"font-weight: 400;\">Type de sport :<\/span> <span style=\"font-weight: 400;\">trekking et randonn\u00e9e<\/span><\/li>\n<li><span style=\"font-weight: 400;\">Domaine d\u2019utilisation : pr\u00e9-Alpes<\/span><\/li>\n<li><span style=\"font-weight: 400;\">Marque : QI Feng&nbsp;<\/span><\/li>\n<li><span style=\"font-weight: 400;\">Couleur : brun&nbsp;&nbsp;<\/span><\/li>\n<li><span style=\"font-weight: 400;\">Sexe : Homme<\/span><\/li>\n<li><span style=\"font-weight: 400;\">Extr\u00e9mit\u00e9 des orteils caoutchout\u00e9e<\/span><\/li>\n<li><span style=\"font-weight: 400;\">Avec des propri\u00e9t\u00e9s respirantes pour plus de confort au porter<\/span><\/li>\n<li><span style=\"font-weight: 400;\">Mat\u00e9riau sup\u00e9rieur : Daim, nylon&nbsp;<\/span><\/li>\n<li><span style=\"font-weight: 400;\">La\u00e7age : fermeture \u00e0 lacets&nbsp;<\/span><\/li>\n<li><span style=\"font-weight: 400;\">Bon amortissement<\/span><\/li>\n<li><span style=\"font-weight: 400;\">\u00c9tanches, respirantes<\/span><\/li>\n<li><span style=\"font-weight: 400;\">Tenue s\u00fbre<\/span><\/li>\n<li><span style=\"font-weight: 400;\">Semelle : profil\u00e9e, r\u00e9sistante \u00e0 l&rsquo;usure, antid\u00e9rapante.<\/span><\/li>\n<li><span style=\"font-weight: 400;\">Mat\u00e9riau int\u00e9rieur : Maille respirante, textile&nbsp;<\/span><\/li>\n<li><span style=\"font-weight: 400;\">Semelle int\u00e9rieure amovible<\/span><\/li>\n<li><span style=\"font-weight: 400;\">Poids : env. 880 g \/ paire<\/span><\/li>\n<li><span style=\"font-weight: 400;\">Tailles : 40, 41, 42, 43, 44, 45 <\/span><\/li>\n<\/ul>\n","protected":false},"excerpt":{"rendered":"<p><span style=\"font-weight: 400;\">Chaussure de trekking mi-haute au design classique et moderne. Les capuchons sup\u00e9rieurs et les mat\u00e9riaux en maille de haute qualit\u00e9 assurent une sensation de confort. L&rsquo;extr\u00e9mit\u00e9 des orteils \u00e9labor\u00e9e offre une protection suffisante. Avec le la\u00e7age fonctionnel et la tige renforc\u00e9e, elle vous offre \u00e9galement un soutien optimal sur tous les terrains. L&#8217;embout enduit de PU prot\u00e8ge vos orteils. Avec sa semelle profil\u00e9e et r\u00e9sistante \u00e0 l&rsquo;abrasion, la chaussure de randonn\u00e9e vous offre une adh\u00e9rence optimale. Les chaussures de randonn\u00e9e id\u00e9ales pour les trekking en montagne.&nbsp;<\/span><\/p>\n","protected":false},"featured_media":117000,"comment_status":"closed","ping_status":"closed","template":"","meta":{"inline_featured_image":false},"product_brand":[],"product_cat":[2197],"product_tag":[],"class_list":{"0":"post-116996","1":"product","2":"type-product","3":"status-publish","4":"has-post-thumbnail","6":"product_cat-chaussuresetbottes","8":"first","9":"instock","10":"taxable","11":"shipping-taxable","12":"purchasable","13":"product-type-simple"},"_links":{"self":[{"href":"https:\/\/metal-badge.ch\/fr\/wp-json\/wp\/v2\/product\/116996","targetHints":{"allow":["GET"]}}],"collection":[{"href":"https:\/\/metal-badge.ch\/fr\/wp-json\/wp\/v2\/product"}],"about":[{"href":"https:\/\/metal-badge.ch\/fr\/wp-json\/wp\/v2\/types\/product"}],"replies":[{"embeddable":true,"href":"https:\/\/metal-badge.ch\/fr\/wp-json\/wp\/v2\/comments?post=116996"}],"wp:featuredmedia":[{"embeddable":true,"href":"https:\/\/metal-badge.ch\/fr\/wp-json\/wp\/v2\/media\/117000"}],"wp:attachment":[{"href":"https:\/\/metal-badge.ch\/fr\/wp-json\/wp\/v2\/media?parent=116996"}],"wp:term":[{"taxonomy":"product_brand","embeddable":true,"href":"https:\/\/metal-badge.ch\/fr\/wp-json\/wp\/v2\/product_brand?post=116996"},{"taxonomy":"product_cat","embeddable":true,"href":"https:\/\/metal-badge.ch\/fr\/wp-json\/wp\/v2\/product_cat?post=116996"},{"taxonomy":"product_tag","embeddable":true,"href":"https:\/\/metal-badge.ch\/fr\/wp-json\/wp\/v2\/product_tag?post=116996"}],"curies":[{"name":"wp","href":"https:\/\/api.w.org\/{rel}","templated":true}]}}