{"id":116967,"date":"2021-12-03T06:41:18","date_gmt":"2021-12-03T05:41:18","guid":{"rendered":"https:\/\/shop.metal-badge.ch\/?post_type=product&#038;p=116967"},"modified":"2021-12-03T06:53:39","modified_gmt":"2021-12-03T05:53:39","slug":"chaussures-de-trekking-pour-hommes-olive","status":"publish","type":"product","link":"https:\/\/metal-badge.ch\/fr\/product\/116967\/chaussures-de-trekking-pour-hommes-olive\/","title":{"rendered":"Chaussures de trekking pour hommes &#8211; olive"},"content":{"rendered":"<p><span style=\"font-weight: 400;\">Chaussure de trekking mi-haute au design classique et moderne. Le mat\u00e9riau ext\u00e9rieur en maille et en daim offre un ajustement confortable et un bon soutien. Exceptionnellement durable gr\u00e2ce \u00e0 l&#8217;embout moul\u00e9 des orteils et \u00e0 la technologie respirante et d\u00e9perlante int\u00e9gr\u00e9e. L&rsquo;extr\u00e9mit\u00e9 des orteils \u00e9labor\u00e9e offre une protection suffisante. Une semelle robuste aux couleurs contrast\u00e9es assure une d\u00e9marche s\u00fbre. La\u00e7age avec boucle de traction et \u0153illets en m\u00e9tal. <\/span><b>Forme des orteils :<\/b><span style=\"font-weight: 400;\"> Orteils ronds &#8211; Les embouts prot\u00e8gent contre les pierres, les racines et autres obstacles. Cette chaussure d&rsquo;ext\u00e9rieur est id\u00e9ale pour les excursions courtes et longues sur tous les terrains.&nbsp;<\/span><\/p>\n<p><b>Informations sur le produit :&nbsp;<\/b><\/p>\n<ul>\n<li><span style=\"font-weight: 400;\">D\u00e9signation : Chaussures de trekking pour hommes BX202&nbsp;<\/span><\/li>\n<li><span style=\"font-weight: 400;\">Poids : 890 g \/ paire<\/span><\/li>\n<li><span style=\"font-weight: 400;\">Couleur : olive&nbsp;<\/span><\/li>\n<li><span style=\"font-weight: 400;\">Semelle en caoutchouc adh\u00e9rente<\/span><\/li>\n<li><span style=\"font-weight: 400;\">Doublure et assise plantaire en textile<\/span><\/li>\n<li><span style=\"font-weight: 400;\">Semelle interchangeable<\/span><\/li>\n<li><span style=\"font-weight: 400;\">\u00c9tanche<\/span><\/li>\n<li><span style=\"font-weight: 400;\">Design plat<\/span><\/li>\n<li><span style=\"font-weight: 400;\">Respirant&nbsp;<\/span><\/li>\n<li><span style=\"font-weight: 400;\">La\u00e7age avec boucle de traction et \u0153illets en m\u00e9tal<\/span><\/li>\n<li><span style=\"font-weight: 400;\">Semelle ext\u00e9rieure : Caoutchouc TPR&nbsp;<\/span><\/li>\n<li><span style=\"font-weight: 400;\">Mat\u00e9riau sup\u00e9rieur : daim et maille<\/span><\/li>\n<li><span style=\"font-weight: 400;\">Tailles : 41, 42, 43, 44, 45, 46&nbsp;<\/span><\/li>\n<\/ul>\n","protected":false},"excerpt":{"rendered":"<p><span style=\"font-weight: 400;\">Chaussure de trekking mi-haute au design classique et moderne. Le mat\u00e9riau ext\u00e9rieur en maille et en daim offre un ajustement confortable et un bon soutien. Exceptionnellement durable gr\u00e2ce \u00e0 l&#8217;embout moul\u00e9 des orteils et \u00e0 la technologie respirante et d\u00e9perlante int\u00e9gr\u00e9e. L&rsquo;extr\u00e9mit\u00e9 des orteils \u00e9labor\u00e9e offre une protection suffisante. Une semelle robuste aux couleurs contrast\u00e9es assure une d\u00e9marche s\u00fbre. La\u00e7age avec boucle de traction et \u0153illets en m\u00e9tal. <\/span><b>Forme des orteils :<\/b><span style=\"font-weight: 400;\"> Orteils ronds &#8211; Les embouts prot\u00e8gent contre les pierres, les racines et autres obstacles. Cette chaussure d&rsquo;ext\u00e9rieur est id\u00e9ale pour les excursions courtes et longues sur tous les terrains.&nbsp;<\/span><\/p>\n","protected":false},"featured_media":116971,"comment_status":"closed","ping_status":"closed","template":"","meta":{"inline_featured_image":false},"product_brand":[],"product_cat":[2197],"product_tag":[],"class_list":{"0":"post-116967","1":"product","2":"type-product","3":"status-publish","4":"has-post-thumbnail","6":"product_cat-chaussuresetbottes","8":"first","9":"instock","10":"taxable","11":"shipping-taxable","12":"purchasable","13":"product-type-simple"},"_links":{"self":[{"href":"https:\/\/metal-badge.ch\/fr\/wp-json\/wp\/v2\/product\/116967","targetHints":{"allow":["GET"]}}],"collection":[{"href":"https:\/\/metal-badge.ch\/fr\/wp-json\/wp\/v2\/product"}],"about":[{"href":"https:\/\/metal-badge.ch\/fr\/wp-json\/wp\/v2\/types\/product"}],"replies":[{"embeddable":true,"href":"https:\/\/metal-badge.ch\/fr\/wp-json\/wp\/v2\/comments?post=116967"}],"wp:featuredmedia":[{"embeddable":true,"href":"https:\/\/metal-badge.ch\/fr\/wp-json\/wp\/v2\/media\/116971"}],"wp:attachment":[{"href":"https:\/\/metal-badge.ch\/fr\/wp-json\/wp\/v2\/media?parent=116967"}],"wp:term":[{"taxonomy":"product_brand","embeddable":true,"href":"https:\/\/metal-badge.ch\/fr\/wp-json\/wp\/v2\/product_brand?post=116967"},{"taxonomy":"product_cat","embeddable":true,"href":"https:\/\/metal-badge.ch\/fr\/wp-json\/wp\/v2\/product_cat?post=116967"},{"taxonomy":"product_tag","embeddable":true,"href":"https:\/\/metal-badge.ch\/fr\/wp-json\/wp\/v2\/product_tag?post=116967"}],"curies":[{"name":"wp","href":"https:\/\/api.w.org\/{rel}","templated":true}]}}