{"id":116835,"date":"2021-11-30T17:31:45","date_gmt":"2021-11-30T16:31:46","guid":{"rendered":"https:\/\/shop.metal-badge.ch\/?post_type=product&#038;p=116835"},"modified":"2021-11-30T17:40:04","modified_gmt":"2021-11-30T16:40:04","slug":"botte-dintervention-desert-5-aa-unzhuo-make-avec-fermeture-eclair","status":"publish","type":"product","link":"https:\/\/metal-badge.ch\/fr\/product\/116835\/botte-dintervention-desert-5-aa-unzhuo-make-avec-fermeture-eclair\/","title":{"rendered":"Botte d\u2019intervention Desert 5.AA UNZHUO MAKE avec fermeture \u00e9clair"},"content":{"rendered":"<p><span style=\"font-weight: 400;\">Ce nouveau type de botte d&rsquo;intervention couleur sable a \u00e9t\u00e9 sp\u00e9cialement d\u00e9velopp\u00e9 pour les forces d&rsquo;urgence et les services de s\u00e9curit\u00e9. La botte 5.AA offre une protection optimale, un confort extr\u00eame et une excellente tenue. Le mat\u00e9riau ext\u00e9rieur est en cuir.&nbsp;La fermeture \u00e9clair lat\u00e9rale permet de les mettre et de les enlever facilement. Les pieds sont ici particuli\u00e8rement prot\u00e9g\u00e9s par le rembourrage de protection Armour-Gel. Le gel s&rsquo;adapte individuellement \u00e0 la cheville et garantit ainsi la meilleure protection possible. Le renforcement non m\u00e9tallique de l&rsquo;assise plantaire contribue \u00e9galement \u00e0 la s\u00e9curit\u00e9.&nbsp;<\/span><\/p>\n<p><span style=\"font-weight: 400;\">La semelle intercalaire Recoil assure un haut niveau de confort. Les chocs sont ainsi amortis de mani\u00e8re optimale. La semelle antid\u00e9rapante et r\u00e9sistante aux produits huileux offre une adh\u00e9rence maximale, quelle que soit la surface. Le look classique et discret fait de la botte 5.AA UNZHUO MAKE un compagnon id\u00e9al pour toutes les organisations d&rsquo;urgence et dans tous les types d&rsquo;op\u00e9rations.&nbsp;Elles sont aussi parfaites pour travailler sur les chantiers de construction ou simplement pour les activit\u00e9s de plein air.<\/span><\/p>\n<p><b>Informations sur le produit : <\/b><b><br \/>\n<\/b><\/p>\n<ul>\n<li><span style=\"font-weight: 400;\">D\u00e9signation : Botte d\u2019intervention Desert<\/span><\/li>\n<li><span style=\"font-weight: 400;\">Mod\u00e8le : 5.AA UNZHUO MAKE&nbsp;<\/span><\/li>\n<li><span style=\"font-weight: 400;\">Rembourrage de protection Amour-Gel pour les chevilles<\/span><\/li>\n<li><span style=\"font-weight: 400;\">Fermeture \u00e0 glissi\u00e8re lat\u00e9rale pour une mise en place et un retrait faciles, avec fermeture velcro suppl\u00e9mentaire.<\/span><\/li>\n<li><span style=\"font-weight: 400;\">Semelle antid\u00e9rapante et r\u00e9sistante aux produits huileux<\/span><\/li>\n<li><span style=\"font-weight: 400;\">tr\u00e8s l\u00e9ger<\/span><\/li>\n<li><span style=\"font-weight: 400;\">Semelle interm\u00e9diaire Recoil pour une absorption optimale des chocs<\/span><\/li>\n<li><span style=\"font-weight: 400;\">Renfort int\u00e9rieur non m\u00e9tallique de la semelle plantaire<\/span><\/li>\n<li><span style=\"font-weight: 400;\">Mat\u00e9riau sup\u00e9rieur : cuir&nbsp;<\/span><\/li>\n<li><span style=\"font-weight: 400;\">Rembourrage : nylon&nbsp;<\/span><\/li>\n<li><span style=\"font-weight: 400;\">Lacets : noirs&nbsp;<\/span><\/li>\n<li><span style=\"font-weight: 400;\">Manchette sup\u00e9rieure rembourr\u00e9e<\/span><\/li>\n<li><span style=\"font-weight: 400;\">Bords et languette rembourr\u00e9s pour une meilleure protection et une respirabilit\u00e9 accrue.<\/span><\/li>\n<li><span style=\"font-weight: 400;\">Semelle int\u00e9rieure en EVA rempla\u00e7able<\/span><\/li>\n<li><span style=\"font-weight: 400;\">Talon \u00e0 double piq\u00fbre pour la durabilit\u00e9 et la long\u00e9vit\u00e9.<\/span><\/li>\n<li><span style=\"font-weight: 400;\">Semelle ext\u00e9rieure : Caoutchouc<\/span><\/li>\n<li><span style=\"font-weight: 400;\">Couleur : sable<\/span><\/li>\n<li><span style=\"font-weight: 400;\">Poids : 980 g&nbsp;<\/span><\/li>\n<li><span style=\"font-weight: 400;\">Tailles : 39-47<\/span><\/li>\n<\/ul>\n","protected":false},"excerpt":{"rendered":"<p><span style=\"font-weight: 400;\">Ce nouveau type de botte d&rsquo;intervention couleur sable a \u00e9t\u00e9 sp\u00e9cialement d\u00e9velopp\u00e9 pour les forces d&rsquo;urgence et les services de s\u00e9curit\u00e9. La botte 5.AA offre une protection optimale, un confort extr\u00eame et une excellente tenue. Le mat\u00e9riau ext\u00e9rieur est en cuir.&nbsp;La fermeture \u00e9clair lat\u00e9rale permet de les mettre et de les enlever facilement. Les pieds sont ici particuli\u00e8rement prot\u00e9g\u00e9s par le rembourrage de protection Armour-Gel. Le gel s&rsquo;adapte individuellement \u00e0 la cheville et garantit ainsi la meilleure protection possible. Le renforcement non m\u00e9tallique de l&rsquo;assise plantaire contribue \u00e9galement \u00e0 la s\u00e9curit\u00e9.&nbsp;<\/span><\/p>\n","protected":false},"featured_media":116839,"comment_status":"closed","ping_status":"closed","template":"","meta":{"inline_featured_image":false},"product_brand":[],"product_cat":[2197],"product_tag":[],"class_list":{"0":"post-116835","1":"product","2":"type-product","3":"status-publish","4":"has-post-thumbnail","6":"product_cat-chaussuresetbottes","8":"first","9":"instock","10":"taxable","11":"shipping-taxable","12":"purchasable","13":"product-type-simple"},"_links":{"self":[{"href":"https:\/\/metal-badge.ch\/fr\/wp-json\/wp\/v2\/product\/116835","targetHints":{"allow":["GET"]}}],"collection":[{"href":"https:\/\/metal-badge.ch\/fr\/wp-json\/wp\/v2\/product"}],"about":[{"href":"https:\/\/metal-badge.ch\/fr\/wp-json\/wp\/v2\/types\/product"}],"replies":[{"embeddable":true,"href":"https:\/\/metal-badge.ch\/fr\/wp-json\/wp\/v2\/comments?post=116835"}],"wp:featuredmedia":[{"embeddable":true,"href":"https:\/\/metal-badge.ch\/fr\/wp-json\/wp\/v2\/media\/116839"}],"wp:attachment":[{"href":"https:\/\/metal-badge.ch\/fr\/wp-json\/wp\/v2\/media?parent=116835"}],"wp:term":[{"taxonomy":"product_brand","embeddable":true,"href":"https:\/\/metal-badge.ch\/fr\/wp-json\/wp\/v2\/product_brand?post=116835"},{"taxonomy":"product_cat","embeddable":true,"href":"https:\/\/metal-badge.ch\/fr\/wp-json\/wp\/v2\/product_cat?post=116835"},{"taxonomy":"product_tag","embeddable":true,"href":"https:\/\/metal-badge.ch\/fr\/wp-json\/wp\/v2\/product_tag?post=116835"}],"curies":[{"name":"wp","href":"https:\/\/api.w.org\/{rel}","templated":true}]}}