{"id":116773,"date":"2021-11-30T07:40:52","date_gmt":"2021-11-30T06:40:52","guid":{"rendered":"https:\/\/shop.metal-badge.ch\/product\/116773\/forensik-panneau-en-plastique\/"},"modified":"2021-11-30T07:40:52","modified_gmt":"2021-11-30T06:40:52","slug":"forensik-panneau-en-plastique","status":"publish","type":"product","link":"https:\/\/metal-badge.ch\/fr\/product\/116773\/forensik-panneau-en-plastique\/","title":{"rendered":"FORENSIK Panneau en plastique"},"content":{"rendered":"<p><span style=\"font-weight: 400;\">Panneau d\u2019intervention \u00e0 fixer sur le pare-soleil<\/span><\/p>\n<p><span style=\"font-weight: 400;\">Ce panneau en plastique, flexible et souple, peut \u00eatre install\u00e9 sur n\u2019importe quel pare-soleil de v\u00e9hicule gr\u00e2ce \u00e0 sa conception. Est tir\u00e9 sans outil au-dessus du pare-soleil En intervention, il suffit de rabattre le pare-soleil vers le bas pour faire appara\u00eetre le panneau. L\u2019inscription de nos panneaux est r\u00e9fl\u00e9chissante et convient ainsi aux interventions de nuit. Nous proposons les inscriptions suivantes dans divers coloris.<\/span><\/p>\n<p><span style=\"font-weight: 400;\">Sur demande, d\u2019autres inscriptions sont disponibles contre un suppl\u00e9ment.<\/span><\/p>\n<p><b>Description du produit :<\/b><\/p>\n<ul>\n<li><span style=\"font-weight: 400;\">Dimensions : Largeur 33 cm \/ hauteur 12,5 cm<\/span><span style=\"font-weight: 400;\"><br \/>\n<\/span><\/li>\n<li><span style=\"font-weight: 400;\">Mat\u00e9riau : Plastique dans divers coloris<\/span><span style=\"font-weight: 400;\"><br \/>\n<\/span><\/li>\n<li><span style=\"font-weight: 400;\">Inscription r\u00e9fl\u00e9chissante<\/span><span style=\"font-weight: 400;\"><br \/>\n<\/span><\/li>\n<li><span style=\"font-weight: 400;\">Recouvrir tout simplement la fixation sur le pare-soleil sans outil<\/span><span style=\"font-weight: 400;\"><br \/>\n<\/span><\/li>\n<li><span style=\"font-weight: 400;\">Coloris : Selon les photos et la description<\/span><span style=\"font-weight: 400;\"><br \/>\n<\/span><\/li>\n<li><span style=\"font-weight: 400;\">Poids : 200 g.<\/span><\/li>\n<\/ul>\n","protected":false},"excerpt":{"rendered":"<p><span style=\"font-weight: 400;\">Panneau d\u2019intervention \u00e0 fixer sur le pare-soleil<\/span><\/p>\n<p><span style=\"font-weight: 400;\">Ce panneau en plastique, flexible et souple, peut \u00eatre install\u00e9 sur n\u2019importe quel pare-soleil de v\u00e9hicule gr\u00e2ce \u00e0 sa conception. Est tir\u00e9 sans outil au-dessus du pare-soleil En intervention, il suffit de rabattre le pare-soleil vers le bas pour faire appara\u00eetre le panneau. L\u2019inscription de nos panneaux est r\u00e9fl\u00e9chissante et convient ainsi aux interventions de nuit. Nous proposons les inscriptions suivantes dans divers coloris.<\/span><\/p>\n","protected":false},"featured_media":116762,"comment_status":"closed","ping_status":"closed","template":"","meta":{"inline_featured_image":false},"product_brand":[],"product_cat":[887,2295,1671,1887],"product_tag":[1793],"class_list":{"0":"post-116773","1":"product","2":"type-product","3":"status-publish","4":"has-post-thumbnail","6":"product_cat-accessoires","7":"product_cat-panneau-en-plastique-voiture","8":"product_cat-signes-pour-vehicules","9":"product_cat-vehicule-route","10":"product_tag-vehicule-route","12":"first","13":"instock","14":"taxable","15":"shipping-taxable","16":"purchasable","17":"product-type-simple"},"_links":{"self":[{"href":"https:\/\/metal-badge.ch\/fr\/wp-json\/wp\/v2\/product\/116773","targetHints":{"allow":["GET"]}}],"collection":[{"href":"https:\/\/metal-badge.ch\/fr\/wp-json\/wp\/v2\/product"}],"about":[{"href":"https:\/\/metal-badge.ch\/fr\/wp-json\/wp\/v2\/types\/product"}],"replies":[{"embeddable":true,"href":"https:\/\/metal-badge.ch\/fr\/wp-json\/wp\/v2\/comments?post=116773"}],"wp:featuredmedia":[{"embeddable":true,"href":"https:\/\/metal-badge.ch\/fr\/wp-json\/wp\/v2\/media\/116762"}],"wp:attachment":[{"href":"https:\/\/metal-badge.ch\/fr\/wp-json\/wp\/v2\/media?parent=116773"}],"wp:term":[{"taxonomy":"product_brand","embeddable":true,"href":"https:\/\/metal-badge.ch\/fr\/wp-json\/wp\/v2\/product_brand?post=116773"},{"taxonomy":"product_cat","embeddable":true,"href":"https:\/\/metal-badge.ch\/fr\/wp-json\/wp\/v2\/product_cat?post=116773"},{"taxonomy":"product_tag","embeddable":true,"href":"https:\/\/metal-badge.ch\/fr\/wp-json\/wp\/v2\/product_tag?post=116773"}],"curies":[{"name":"wp","href":"https:\/\/api.w.org\/{rel}","templated":true}]}}