{"id":116724,"date":"2021-11-30T06:00:51","date_gmt":"2021-11-30T05:00:51","guid":{"rendered":"https:\/\/shop.metal-badge.ch\/product\/116724\/etui-format-portrait-a-porter-autour-du-cou-avec-inscription-kantonspolizei-sur-un-cote\/"},"modified":"2024-01-04T09:54:55","modified_gmt":"2024-01-04T08:54:55","slug":"etui-format-portrait-a-porter-autour-du-cou-avec-inscription-kantonspolizei-sur-un-cote","status":"publish","type":"product","link":"https:\/\/metal-badge.ch\/fr\/product\/116724\/etui-format-portrait-a-porter-autour-du-cou-avec-inscription-kantonspolizei-sur-un-cote\/","title":{"rendered":"\u00c9tui format portrait \u00e0 porter autour du cou, avec inscription KANTONSPOLIZEI sur un c\u00f4t\u00e9"},"content":{"rendered":"<p><span style=\"font-weight: 400;\">\u00c9tui format portrait KANTONSPOLIZEI avec cha\u00eenette, avec impression d\u2019un c\u00f4t\u00e9 (KANTONSPOLIZEI) en blanc. Avec porte-badge pour deux cartes au format carte de cr\u00e9dit. Un c\u00f4t\u00e9 neutre non marqu\u00e9. Cha\u00eenette en acier inoxydable avec fermoir de s\u00e9curit\u00e9. L&rsquo;\u00e9tui est \u00e9quip\u00e9 d&rsquo;un porte-stylo \u00e9lastique.&nbsp;&nbsp;<\/span><\/p>\n<p><span style=\"font-weight: 400;\">Dimensions de l&rsquo;\u00e9tui : Format portrait, hauteur 12,5 cm x largeur 8,0 cm<\/span><\/p>\n<p><span style=\"font-weight: 400;\">Dimensions fen\u00eatre d&rsquo;identification : hauteur 9,1 cm x largeur 6,1 cm&nbsp;<\/span><\/p>\n<p><strong>Attention : Nous appliquons une remise de 20 % pour les achats et pour les commandes de 100 pi\u00e8ces et plus.<\/strong><\/p>\n<p>&nbsp;<\/p>\n","protected":false},"excerpt":{"rendered":"<p><span style=\"font-weight: 400;\">\u00c9tui format portrait KANTONSPOLIZEI avec cha\u00eenette, avec impression d\u2019un c\u00f4t\u00e9 (KANTONSPOLIZEI) en blanc. Avec porte-badge pour deux cartes au format carte de cr\u00e9dit. Un c\u00f4t\u00e9 neutre non marqu\u00e9. Cha\u00eenette en acier inoxydable avec fermoir de s\u00e9curit\u00e9. L&rsquo;\u00e9tui est \u00e9quip\u00e9 d&rsquo;un porte-stylo \u00e9lastique.&nbsp;&nbsp;<\/span><\/p>\n","protected":false},"featured_media":116701,"comment_status":"closed","ping_status":"closed","template":"","meta":{"inline_featured_image":false},"product_brand":[],"product_cat":[887,1883,907,947],"product_tag":[],"class_list":{"0":"post-116724","1":"product","2":"type-product","3":"status-publish","4":"has-post-thumbnail","6":"product_cat-accessoires","7":"product_cat-equipement","8":"product_cat-etuis-en-cuir-sans-badge","9":"product_cat-portemonnaies-etuis-en-cuir","11":"first","12":"instock","13":"taxable","14":"shipping-taxable","15":"purchasable","16":"product-type-simple"},"_links":{"self":[{"href":"https:\/\/metal-badge.ch\/fr\/wp-json\/wp\/v2\/product\/116724","targetHints":{"allow":["GET"]}}],"collection":[{"href":"https:\/\/metal-badge.ch\/fr\/wp-json\/wp\/v2\/product"}],"about":[{"href":"https:\/\/metal-badge.ch\/fr\/wp-json\/wp\/v2\/types\/product"}],"replies":[{"embeddable":true,"href":"https:\/\/metal-badge.ch\/fr\/wp-json\/wp\/v2\/comments?post=116724"}],"wp:featuredmedia":[{"embeddable":true,"href":"https:\/\/metal-badge.ch\/fr\/wp-json\/wp\/v2\/media\/116701"}],"wp:attachment":[{"href":"https:\/\/metal-badge.ch\/fr\/wp-json\/wp\/v2\/media?parent=116724"}],"wp:term":[{"taxonomy":"product_brand","embeddable":true,"href":"https:\/\/metal-badge.ch\/fr\/wp-json\/wp\/v2\/product_brand?post=116724"},{"taxonomy":"product_cat","embeddable":true,"href":"https:\/\/metal-badge.ch\/fr\/wp-json\/wp\/v2\/product_cat?post=116724"},{"taxonomy":"product_tag","embeddable":true,"href":"https:\/\/metal-badge.ch\/fr\/wp-json\/wp\/v2\/product_tag?post=116724"}],"curies":[{"name":"wp","href":"https:\/\/api.w.org\/{rel}","templated":true}]}}