{"id":116405,"date":"2021-11-18T00:41:12","date_gmt":"2021-11-17T23:41:12","guid":{"rendered":"https:\/\/shop.metal-badge.ch\/product\/116405\/ensemble-de-4-couteaux-a-fileter-avec-lame-flexible-et-manche-en-plastique-vert\/"},"modified":"2025-06-30T17:17:10","modified_gmt":"2025-06-30T15:17:10","slug":"ensemble-de-4-couteaux-a-fileter-avec-lame-flexible-et-manche-en-plastique-vert","status":"publish","type":"product","link":"https:\/\/metal-badge.ch\/fr\/product\/116405\/ensemble-de-4-couteaux-a-fileter-avec-lame-flexible-et-manche-en-plastique-vert\/","title":{"rendered":"Ensemble de 4 couteaux \u00e0 fileter avec lame flexible et manche en plastique vert"},"content":{"rendered":"<p><span style=\"font-weight: 400;\">Le couteau \u00e0 fileter est surtout utilis\u00e9 pour lever les filets de poisson. Mais il peut \u00e9galement \u00eatre utilis\u00e9 pour d\u00e9couper la viande en portions et pour couper les fruits et les l\u00e9gumes. Comme vous pouvez le constater, il s&rsquo;agit d&rsquo;un ustensile de cuisine tr\u00e8s polyvalent qui devrait faire partie de votre \u00e9quipement de base, m\u00eame si vous ne pratiquez la p\u00eache.<\/span><\/p>\n<p><span style=\"font-weight: 400;\">La particularit\u00e9 de ce couteau r\u00e9side dans sa forme longue et fine. De plus, la plupart des couteaux \u00e0 poisson sont \u00e9lastiques. Cela permet de d\u00e9tacher pr\u00e9cis\u00e9ment les filets des os. Cependant, il faut toujours faire preuve de prudence. Les couteaux \u00e0 fileter sont tr\u00e8s tranchants.<\/span><\/p>\n<p><span style=\"font-weight: 400;\">Notre ensemble de couteaux \u00e0 fileter en acier flexible 420ss, avec 4 longueurs diff\u00e9rentes, ne vous d\u00e9cevra jamais. Les couteaux avec leur manche pratique en plastique vert sont livr\u00e9s dans un \u00e9tui en plastique. Les couteaux \u00e0 fileter de diff\u00e9rentes longueurs (26,5 cm, 29 cm, 31 cm et 36 cm) peuvent \u00eatre achet\u00e9s par lot de 4 ou s\u00e9par\u00e9ment.&nbsp;&nbsp;&nbsp;&nbsp;<\/span><\/p>\n<p><b>Informations sur le produit :<\/b><\/p>\n<ul>\n<li><span style=\"font-weight: 400;\">D\u00e9signation : Couteau \u00e0 fileter&nbsp;<\/span><\/li>\n<li><span style=\"font-weight: 400;\">Mat\u00e9riau : Acier inoxydable 420ss&nbsp;<\/span><\/li>\n<li><span style=\"font-weight: 400;\">Lame : flexible&nbsp;<\/span><\/li>\n<li><span style=\"font-weight: 400;\">Couleur de lame : noir&nbsp;<\/span><\/li>\n<li><span style=\"font-weight: 400;\">Mat\u00e9riau poign\u00e9e : plastique TPR&nbsp;<\/span><\/li>\n<li><span style=\"font-weight: 400;\">Couloir de poign\u00e9e : vert<\/span><\/li>\n<li><span style=\"font-weight: 400;\">Duret\u00e9 : HRC53<\/span><\/li>\n<\/ul>\n<p><b>Longueurs totales :&nbsp;<\/b><\/p>\n<ul>\n<li><span style=\"font-weight: 400;\">Longueur n\u00ba 1 : 26,5 cm avec coupe et une scie \u00ab backbone \u00bb sur le dos de la lame<\/span><\/li>\n<li><span style=\"font-weight: 400;\">Longueur n\u00ba 2 : 29 cm&nbsp;<\/span><\/li>\n<li><span style=\"font-weight: 400;\">Longueur n\u00ba 3 : 31 cm<\/span><\/li>\n<li><span style=\"font-weight: 400;\">Longueur n\u00ba 4 : 36 cm<\/span><\/li>\n<li><span style=\"font-weight: 400;\">Tous les couteaux sont livr\u00e9s dans un \u00e9tui en plastique.<\/span><\/li>\n<\/ul>\n","protected":false},"excerpt":{"rendered":"<p><span style=\"font-weight: 400;\">Le couteau \u00e0 fileter est surtout utilis\u00e9 pour lever les filets de poisson. Mais il peut \u00e9galement \u00eatre utilis\u00e9 pour d\u00e9couper la viande en portions et pour couper les fruits et les l\u00e9gumes. Comme vous pouvez le constater, il s&rsquo;agit d&rsquo;un ustensile de cuisine tr\u00e8s polyvalent qui devrait faire partie de votre \u00e9quipement de base, m\u00eame si vous ne pratiquez la p\u00eache.<\/span><\/p>\n","protected":false},"featured_media":116409,"comment_status":"closed","ping_status":"closed","template":"","meta":{"inline_featured_image":false},"product_brand":[],"product_cat":[1035,1347],"product_tag":[1773],"class_list":{"0":"post-116405","1":"product","2":"type-product","3":"status-publish","4":"has-post-thumbnail","6":"product_cat-couteaux-machettes","7":"product_cat-accessoires-militaires-de-chasse","8":"product_tag-chasse-peche","10":"first","11":"instock","12":"taxable","13":"shipping-taxable","14":"purchasable","15":"product-type-simple"},"_links":{"self":[{"href":"https:\/\/metal-badge.ch\/fr\/wp-json\/wp\/v2\/product\/116405","targetHints":{"allow":["GET"]}}],"collection":[{"href":"https:\/\/metal-badge.ch\/fr\/wp-json\/wp\/v2\/product"}],"about":[{"href":"https:\/\/metal-badge.ch\/fr\/wp-json\/wp\/v2\/types\/product"}],"replies":[{"embeddable":true,"href":"https:\/\/metal-badge.ch\/fr\/wp-json\/wp\/v2\/comments?post=116405"}],"wp:featuredmedia":[{"embeddable":true,"href":"https:\/\/metal-badge.ch\/fr\/wp-json\/wp\/v2\/media\/116409"}],"wp:attachment":[{"href":"https:\/\/metal-badge.ch\/fr\/wp-json\/wp\/v2\/media?parent=116405"}],"wp:term":[{"taxonomy":"product_brand","embeddable":true,"href":"https:\/\/metal-badge.ch\/fr\/wp-json\/wp\/v2\/product_brand?post=116405"},{"taxonomy":"product_cat","embeddable":true,"href":"https:\/\/metal-badge.ch\/fr\/wp-json\/wp\/v2\/product_cat?post=116405"},{"taxonomy":"product_tag","embeddable":true,"href":"https:\/\/metal-badge.ch\/fr\/wp-json\/wp\/v2\/product_tag?post=116405"}],"curies":[{"name":"wp","href":"https:\/\/api.w.org\/{rel}","templated":true}]}}