{"id":116331,"date":"2021-11-18T00:16:16","date_gmt":"2021-11-17T23:16:16","guid":{"rendered":"https:\/\/shop.metal-badge.ch\/product\/116331\/couteau-a-fileter-avec-lame-flexible-et-manche-en-plastique-orange\/"},"modified":"2021-11-18T00:16:16","modified_gmt":"2021-11-17T23:16:16","slug":"couteau-a-fileter-avec-lame-flexible-et-manche-en-plastique-orange","status":"publish","type":"product","link":"https:\/\/metal-badge.ch\/fr\/product\/116331\/couteau-a-fileter-avec-lame-flexible-et-manche-en-plastique-orange\/","title":{"rendered":"Couteau \u00e0 fileter avec lame flexible et manche en plastique orange"},"content":{"rendered":"<p><span style=\"font-weight: 400;\">Le couteau \u00e0 fileter est surtout utilis\u00e9 pour lever les filets de poisson. Mais il peut \u00e9galement \u00eatre utilis\u00e9 pour d\u00e9couper la viande en portions et pour couper les fruits et les l\u00e9gumes. Comme vous pouvez le constater, il s&rsquo;agit d&rsquo;un ustensile de cuisine tr\u00e8s polyvalent qui devrait faire partie de votre \u00e9quipement de base, m\u00eame si vous ne pratiquez la p\u00eache.<\/span><\/p>\n<p><span style=\"font-weight: 400;\">La particularit\u00e9 de ce couteau r\u00e9side dans sa forme longue et fine. De plus, la plupart des couteaux \u00e0 poisson sont \u00e9lastiques. Cela permet de d\u00e9tacher pr\u00e9cis\u00e9ment les filets des os. Cependant, il faut toujours faire preuve de prudence. Les couteaux \u00e0 fileter sont tr\u00e8s tranchants.<\/span><\/p>\n<p><span style=\"font-weight: 400;\">Notre couteau \u00e0 fileter en acier flexible 420ss avec une lame de 16 cm ne vous d\u00e9cevra jamais. Le couteau avec son manche pratique en plastique orange est livr\u00e9 dans un \u00e9tui en plastique avec une pierre \u00e0 aiguiser int\u00e9gr\u00e9e.&nbsp;<\/span><\/p>\n<p><b>Informations sur le produit :<\/b><\/p>\n<ul>\n<li><span style=\"font-weight: 400;\">D\u00e9signation : Couteau \u00e0 fileter&nbsp;<\/span><\/li>\n<li><span style=\"font-weight: 400;\">Mat\u00e9riau : Acier inoxydable 420ss&nbsp;<\/span><\/li>\n<li><span style=\"font-weight: 400;\">Lame : flexible&nbsp;<\/span><\/li>\n<li><span style=\"font-weight: 400;\">Couleur de la lame : argent\u00e9e&nbsp;<\/span><\/li>\n<li><span style=\"font-weight: 400;\">Mat\u00e9riau poign\u00e9e : plastique TPR&nbsp;<\/span><\/li>\n<li><span style=\"font-weight: 400;\">Couloir poign\u00e9e : orange<\/span><\/li>\n<li><span style=\"font-weight: 400;\">Duret\u00e9 : HRC53<\/span><\/li>\n<li><span style=\"font-weight: 400;\">Longueur totale : 29 cm<\/span><\/li>\n<li><span style=\"font-weight: 400;\">Le couteau est livr\u00e9 dans un \u00e9tui en plastique avec une pierre \u00e0 aiguiser int\u00e9gr\u00e9e.<\/span><\/li>\n<\/ul>\n","protected":false},"excerpt":{"rendered":"<p><span style=\"font-weight: 400;\">Le couteau \u00e0 fileter est surtout utilis\u00e9 pour lever les filets de poisson. Mais il peut \u00e9galement \u00eatre utilis\u00e9 pour d\u00e9couper la viande en portions et pour couper les fruits et les l\u00e9gumes. Comme vous pouvez le constater, il s&rsquo;agit d&rsquo;un ustensile de cuisine tr\u00e8s polyvalent qui devrait faire partie de votre \u00e9quipement de base, m\u00eame si vous ne pratiquez la p\u00eache.<\/span><\/p>\n","protected":false},"featured_media":115187,"comment_status":"closed","ping_status":"closed","template":"","meta":{"inline_featured_image":false},"product_brand":[],"product_cat":[1347,1035],"product_tag":[],"class_list":{"0":"post-116331","1":"product","2":"type-product","3":"status-publish","4":"has-post-thumbnail","6":"product_cat-accessoires-militaires-de-chasse","7":"product_cat-couteaux-machettes","9":"first","10":"instock","11":"taxable","12":"shipping-taxable","13":"purchasable","14":"product-type-simple"},"_links":{"self":[{"href":"https:\/\/metal-badge.ch\/fr\/wp-json\/wp\/v2\/product\/116331","targetHints":{"allow":["GET"]}}],"collection":[{"href":"https:\/\/metal-badge.ch\/fr\/wp-json\/wp\/v2\/product"}],"about":[{"href":"https:\/\/metal-badge.ch\/fr\/wp-json\/wp\/v2\/types\/product"}],"replies":[{"embeddable":true,"href":"https:\/\/metal-badge.ch\/fr\/wp-json\/wp\/v2\/comments?post=116331"}],"wp:featuredmedia":[{"embeddable":true,"href":"https:\/\/metal-badge.ch\/fr\/wp-json\/wp\/v2\/media\/115187"}],"wp:attachment":[{"href":"https:\/\/metal-badge.ch\/fr\/wp-json\/wp\/v2\/media?parent=116331"}],"wp:term":[{"taxonomy":"product_brand","embeddable":true,"href":"https:\/\/metal-badge.ch\/fr\/wp-json\/wp\/v2\/product_brand?post=116331"},{"taxonomy":"product_cat","embeddable":true,"href":"https:\/\/metal-badge.ch\/fr\/wp-json\/wp\/v2\/product_cat?post=116331"},{"taxonomy":"product_tag","embeddable":true,"href":"https:\/\/metal-badge.ch\/fr\/wp-json\/wp\/v2\/product_tag?post=116331"}],"curies":[{"name":"wp","href":"https:\/\/api.w.org\/{rel}","templated":true}]}}