{"id":116311,"date":"2021-11-18T21:58:22","date_gmt":"2021-11-18T20:58:22","guid":{"rendered":"https:\/\/shop.metal-badge.ch\/product\/116311\/kit-de-couteaux-et-de-depecage-pour-la-chasse-avec-boite-rigide\/"},"modified":"2025-06-30T17:00:41","modified_gmt":"2025-06-30T15:00:41","slug":"kit-de-couteaux-et-de-depecage-pour-la-chasse-avec-boite-rigide","status":"publish","type":"product","link":"https:\/\/metal-badge.ch\/fr\/product\/116311\/kit-de-couteaux-et-de-depecage-pour-la-chasse-avec-boite-rigide\/","title":{"rendered":"Kit de couteaux et de d\u00e9pe\u00e7age pour la chasse avec bo\u00eete rigide"},"content":{"rendered":"<p><span style=\"font-weight: 400;\">Ce kit d\u2019outils de d\u00e9coupe pour la chasse est un ensemble d&rsquo;outils id\u00e9al pour la chasse. Le set complet comprend trois couteaux (couteau \u00e0 d\u00e9sosser, couteau \u00e0 fileter, skinner drop-point ainsi que scie \u00e0 os, \u00e9carteur de gibier et gants hygi\u00e9niques), rang\u00e9s de mani\u00e8re compacte et claire dans un coffret pratique. Les lames des couteaux sont fabriqu\u00e9es en acier 420 de construction Full-Tang. Les manches en TPR disposent ont une structure antid\u00e9rapante et offrent une prise en main agr\u00e9able et s\u00fbre.&nbsp;<\/span><\/p>\n<p><b>Informations sur le produit :<\/b><\/p>\n<ul>\n<li><span style=\"font-weight: 400;\">D\u00e9signation : Set d\u2019outils de chasse DB2119 avec malette<\/span><\/li>\n<li><span style=\"font-weight: 400;\">Couleur : Manche : orange&nbsp;<\/span><\/li>\n<li><span style=\"font-weight: 400;\">Couleur : Lame argent\u00e9e&nbsp;<\/span><\/li>\n<li><span style=\"font-weight: 400;\">Longueur totale de l\u2019\u00e9carteur de gibier : 28&nbsp;cm<\/span><\/li>\n<li><span style=\"font-weight: 400;\">Longueur de lame du couteau \u00e0 fileter : 12,7&nbsp;cm<\/span><\/li>\n<li><span style=\"font-weight: 400;\">Longueur de lame du couteau \u00e0 d\u00e9sosser : 9,3&nbsp;cm<\/span><\/li>\n<li><span style=\"font-weight: 400;\">Longueur de lame du skinner avec crochet de rupture : 10&nbsp;cm<\/span><\/li>\n<li><span style=\"font-weight: 400;\">Longueur de la scie : 15 cm&nbsp;<\/span><\/li>\n<li><span style=\"font-weight: 400;\">Poids de la scie : 98 g&nbsp;<\/span><\/li>\n<li><span style=\"font-weight: 400;\">\u00c9paisseur de la lame : 54 HRC<\/span><span style=\"font-weight: 400;\"><br \/>\n<\/span><\/li>\n<li><span style=\"font-weight: 400;\">Poids total avec malette : 850 g <\/span><span style=\"font-weight: 400;\"><br \/>\n<\/span><\/li>\n<li><span style=\"font-weight: 400;\">Mat\u00e9riau manche : PVC caoutchouc dur&nbsp;&nbsp;<\/span><\/li>\n<li><span style=\"font-weight: 400;\">Mat\u00e9riau de la lame : Acier inoxydable 420&nbsp;<\/span><\/li>\n<li><span style=\"font-weight: 400;\">Avec gants en nylon<\/span><span style=\"font-weight: 400;\"><br \/>\n<\/span><\/li>\n<\/ul>\n","protected":false},"excerpt":{"rendered":"<p><span style=\"font-weight: 400;\">Ce kit d\u2019outils de d\u00e9coupe pour la chasse est un ensemble d&rsquo;outils id\u00e9al pour la chasse. Le set complet comprend trois couteaux (couteau \u00e0 d\u00e9sosser, couteau \u00e0 fileter, skinner drop-point ainsi que scie \u00e0 os, \u00e9carteur de gibier et gants hygi\u00e9niques), rang\u00e9s de mani\u00e8re compacte et claire dans un coffret pratique. Les lames des couteaux sont fabriqu\u00e9es en acier 420 de construction Full-Tang. Les manches en TPR disposent ont une structure antid\u00e9rapante et offrent une prise en main agr\u00e9able et s\u00fbre.&nbsp;<\/span><\/p>\n","protected":false},"featured_media":115543,"comment_status":"closed","ping_status":"closed","template":"","meta":{"inline_featured_image":false},"product_brand":[],"product_cat":[1035,1347],"product_tag":[1773],"class_list":{"0":"post-116311","1":"product","2":"type-product","3":"status-publish","4":"has-post-thumbnail","6":"product_cat-couteaux-machettes","7":"product_cat-accessoires-militaires-de-chasse","8":"product_tag-chasse-peche","10":"first","11":"instock","12":"taxable","13":"shipping-taxable","14":"purchasable","15":"product-type-simple"},"_links":{"self":[{"href":"https:\/\/metal-badge.ch\/fr\/wp-json\/wp\/v2\/product\/116311","targetHints":{"allow":["GET"]}}],"collection":[{"href":"https:\/\/metal-badge.ch\/fr\/wp-json\/wp\/v2\/product"}],"about":[{"href":"https:\/\/metal-badge.ch\/fr\/wp-json\/wp\/v2\/types\/product"}],"replies":[{"embeddable":true,"href":"https:\/\/metal-badge.ch\/fr\/wp-json\/wp\/v2\/comments?post=116311"}],"wp:featuredmedia":[{"embeddable":true,"href":"https:\/\/metal-badge.ch\/fr\/wp-json\/wp\/v2\/media\/115543"}],"wp:attachment":[{"href":"https:\/\/metal-badge.ch\/fr\/wp-json\/wp\/v2\/media?parent=116311"}],"wp:term":[{"taxonomy":"product_brand","embeddable":true,"href":"https:\/\/metal-badge.ch\/fr\/wp-json\/wp\/v2\/product_brand?post=116311"},{"taxonomy":"product_cat","embeddable":true,"href":"https:\/\/metal-badge.ch\/fr\/wp-json\/wp\/v2\/product_cat?post=116311"},{"taxonomy":"product_tag","embeddable":true,"href":"https:\/\/metal-badge.ch\/fr\/wp-json\/wp\/v2\/product_tag?post=116311"}],"curies":[{"name":"wp","href":"https:\/\/api.w.org\/{rel}","templated":true}]}}