{"id":116308,"date":"2021-11-18T22:10:48","date_gmt":"2021-11-18T21:10:48","guid":{"rendered":"https:\/\/shop.metal-badge.ch\/product\/116308\/kit-de-couteaux-de-chasse-pour-chasseur-scie-a-os\/"},"modified":"2025-06-30T17:13:15","modified_gmt":"2025-06-30T15:13:15","slug":"kit-de-couteaux-de-chasse-pour-chasseur-scie-a-os","status":"publish","type":"product","link":"https:\/\/metal-badge.ch\/fr\/product\/116308\/kit-de-couteaux-de-chasse-pour-chasseur-scie-a-os\/","title":{"rendered":"Kit de couteaux de chasse pour chasseur, scie \u00e0 os"},"content":{"rendered":"<p><span style=\"font-weight: 400;\">Ce kit de couteaux de chasse est un ensemble d&rsquo;outils id\u00e9al pour la chasse. L&rsquo;\u00e9tui en nylon robuste avec attache pour la ceinture et boucle d&rsquo;ouverture contient deux couteaux et une scie, chacun \u00e9quip\u00e9 d&rsquo;un \u0153illet pour la courroie ainsi que de poign\u00e9es en caoutchouc dur, ce qui assure une prise en main s\u00fbre. Le grand couteau, avec sa lame de forme Skinner classique, offre une prise en main absolument s\u00fbre gr\u00e2ce au design de son manche et \u00e0 l&rsquo;appui pour le pouce stri\u00e9 au dos de la lame, ce qui permet de r\u00e9aliser les coupes n\u00e9cessaires en toute s\u00e9curit\u00e9. La lame robuste en acier inoxydable 440 est en outre dot\u00e9e d&rsquo;un \u00ab Gut Hook \u00bb, un crochet d&rsquo;arrachage permettant d&rsquo;aff\u00fbter la couverture du gibier. Le petit couteau tout aussi maniable et de la m\u00eame qualit\u00e9 permet d&rsquo;effectuer des travaux de d\u00e9coupe plus d\u00e9taill\u00e9s lors de l&rsquo;ouverture et de la d\u00e9coupe du gibier. Gr\u00e2ce \u00e0 l&rsquo;ergonomie bien pens\u00e9e de la lame et du manche, diff\u00e9rentes positions du couteau peuvent \u00eatre adopt\u00e9es dans la main du chasseur. Le kit de couteaux de chasse est id\u00e9alement compl\u00e9t\u00e9 par la scie compacte, qui tient bien en main et qui sera certainement appr\u00e9ci\u00e9e par tous les chasseurs.<\/span><\/p>\n<p><b>Informations sur le produit :<\/b><\/p>\n<ul>\n<li><span style=\"font-weight: 400;\">D\u00e9signation : Set d\u2019outils de chasse DB1105&nbsp;<\/span><\/li>\n<li><span style=\"font-weight: 400;\">Avec \u00e9tui en nylon solide avec fixation pour la ceinture et fermeture \u00e0 clic<\/span><\/li>\n<li><span style=\"font-weight: 400;\">Couleur : Manche : orange&nbsp;<\/span><\/li>\n<li><span style=\"font-weight: 400;\">Couleur : Lame argent\u00e9e<\/span><span style=\"font-weight: 400;\"><br \/>\n<\/span><\/li>\n<li><span style=\"font-weight: 400;\">Longueur totale du couteau avec crochet de d\u00e9coupe : 21 cm<\/span><\/li>\n<li><span style=\"font-weight: 400;\">Longueur de lame du couteau avec crochet de d\u00e9coupe : 9,5 cm<\/span><\/li>\n<li><span style=\"font-weight: 400;\">Poids du couteau avec crochet de d\u00e9coupe 115 g&nbsp;<\/span><\/li>\n<li><span style=\"font-weight: 400;\">Longueur de la lame, petit couteau&nbsp;: 9 cm<\/span><\/li>\n<li><span style=\"font-weight: 400;\">Poids petit couteau&nbsp;: 105 g&nbsp;<\/span><\/li>\n<li><span style=\"font-weight: 400;\">Longueur de la scie : 24 cm&nbsp;<\/span><\/li>\n<li><span style=\"font-weight: 400;\">Poids de la scie : 120 g&nbsp;<\/span><\/li>\n<li><span style=\"font-weight: 400;\">\u00c9paisseur de la lame : 54 HRC<\/span><span style=\"font-weight: 400;\"><br \/>\n<\/span><\/li>\n<li><span style=\"font-weight: 400;\">Poids total avec \u00e9tui : 560 g <\/span><span style=\"font-weight: 400;\"><br \/>\n<\/span><\/li>\n<li><span style=\"font-weight: 400;\">Mat\u00e9riau manche : PVC caoutchouc dur&nbsp;&nbsp;<\/span><\/li>\n<li><span style=\"font-weight: 400;\">Mat\u00e9riau de la lame : Acier inoxydable 440<\/span><\/li>\n<\/ul>\n","protected":false},"excerpt":{"rendered":"<p><span style=\"font-weight: 400;\">Ce kit de couteaux de chasse est un ensemble d&rsquo;outils id\u00e9al pour la chasse. L&rsquo;\u00e9tui en nylon robuste avec attache pour la ceinture et boucle d&rsquo;ouverture contient deux couteaux et une scie, chacun \u00e9quip\u00e9 d&rsquo;un \u0153illet pour la courroie ainsi que de poign\u00e9es en caoutchouc dur, ce qui assure une prise en main s\u00fbre. Le grand couteau, avec sa lame de forme Skinner classique, offre une prise en main absolument s\u00fbre gr\u00e2ce au design de son manche et \u00e0 l&rsquo;appui pour le pouce stri\u00e9 au dos de la lame, ce qui permet de r\u00e9aliser les coupes n\u00e9cessaires en toute s\u00e9curit\u00e9.<\/span><\/p>\n","protected":false},"featured_media":115612,"comment_status":"closed","ping_status":"closed","template":"","meta":{"inline_featured_image":false},"product_brand":[],"product_cat":[1035,1347],"product_tag":[1773],"class_list":{"0":"post-116308","1":"product","2":"type-product","3":"status-publish","4":"has-post-thumbnail","6":"product_cat-couteaux-machettes","7":"product_cat-accessoires-militaires-de-chasse","8":"product_tag-chasse-peche","10":"first","11":"instock","12":"taxable","13":"shipping-taxable","14":"purchasable","15":"product-type-simple"},"_links":{"self":[{"href":"https:\/\/metal-badge.ch\/fr\/wp-json\/wp\/v2\/product\/116308","targetHints":{"allow":["GET"]}}],"collection":[{"href":"https:\/\/metal-badge.ch\/fr\/wp-json\/wp\/v2\/product"}],"about":[{"href":"https:\/\/metal-badge.ch\/fr\/wp-json\/wp\/v2\/types\/product"}],"replies":[{"embeddable":true,"href":"https:\/\/metal-badge.ch\/fr\/wp-json\/wp\/v2\/comments?post=116308"}],"wp:featuredmedia":[{"embeddable":true,"href":"https:\/\/metal-badge.ch\/fr\/wp-json\/wp\/v2\/media\/115612"}],"wp:attachment":[{"href":"https:\/\/metal-badge.ch\/fr\/wp-json\/wp\/v2\/media?parent=116308"}],"wp:term":[{"taxonomy":"product_brand","embeddable":true,"href":"https:\/\/metal-badge.ch\/fr\/wp-json\/wp\/v2\/product_brand?post=116308"},{"taxonomy":"product_cat","embeddable":true,"href":"https:\/\/metal-badge.ch\/fr\/wp-json\/wp\/v2\/product_cat?post=116308"},{"taxonomy":"product_tag","embeddable":true,"href":"https:\/\/metal-badge.ch\/fr\/wp-json\/wp\/v2\/product_tag?post=116308"}],"curies":[{"name":"wp","href":"https:\/\/api.w.org\/{rel}","templated":true}]}}