{"id":116153,"date":"2021-11-19T13:59:36","date_gmt":"2021-11-19T12:59:36","guid":{"rendered":"https:\/\/shop.metal-badge.ch\/?post_type=product&#038;p=116153"},"modified":"2025-02-10T21:16:37","modified_gmt":"2025-02-10T20:16:37","slug":"civiere-durgence-et-fauteuil-roulant-en-un","status":"publish","type":"product","link":"https:\/\/metal-badge.ch\/fr\/product\/116153\/civiere-durgence-et-fauteuil-roulant-en-un\/","title":{"rendered":"Civi\u00e8re d&rsquo;urgence et fauteuil roulant en un"},"content":{"rendered":"<p><span style=\"font-weight: 400;\">Dispositif de transport bifonctionnel : un fauteuil roulant, un fauteuil d&rsquo;escalier et une civi\u00e8re pliable pour un stockage compact. Dispose d&rsquo;un design avec un dossier haut qui soutient la t\u00eate du patient. Des roues fixes ou pliantes de 4 pouces permettent un d\u00e9placement facile sur la plupart des surfaces. Le cadre en aluminium durci avec les articulations en acier verrouillables est extr\u00eamement robuste et peut supporter une charge maximale de 150 kg. Le brancard est \u00e9quip\u00e9 de deux sangles de s\u00e9curit\u00e9 avec fermeture rapide par clic pour s\u00e9curiser le patient. Elle est \u00e9galement \u00e9quip\u00e9e de deux poign\u00e9es caoutchout\u00e9es qui servent \u00e9galement de support au brancard. Les housses orange, lavables, sont en tissu PVC nylon r\u00e9sistant \u00e0 la d\u00e9chirure, aux bact\u00e9ries, aux taches et aux produits chimiques.&nbsp;<\/span><\/p>\n<p><b>Informations sur le produit :&nbsp;<\/b><\/p>\n<ul>\n<li><span style=\"font-weight: 400;\">D\u00e9signation : YXH-1N Fauteuil roulant pliable pour escaliers et civi\u00e8re d&rsquo;urgence fonctionnelle en un<\/span><\/li>\n<li><span style=\"font-weight: 400;\">Mat\u00e9riau du cadre : cadre en aluminium durci avec articulations en acier verrouillables pour le pliage<\/span><\/li>\n<li><span style=\"font-weight: 400;\">Mat\u00e9riau de rev\u00eatement : tissu PVC robuste<\/span><\/li>\n<li><span style=\"font-weight: 400;\">Couloir rev\u00eatement : orange&nbsp;<\/span><\/li>\n<li><span style=\"font-weight: 400;\">d\u00e9sinfectable, facile d\u2019entretien<\/span><\/li>\n<li><span style=\"font-weight: 400;\">2 sangles de s\u00e9curit\u00e9 r\u00e9glables pour les patients avec boucles \u00e0 d\u00e9clenchement rapide<\/span><\/li>\n<li><span style=\"font-weight: 400;\">2 pieds de caoutchouc, 19 cm de haut<\/span><\/li>\n<li><span style=\"font-weight: 400;\">2 roues repliables<\/span><\/li>\n<li><span style=\"font-weight: 400;\">Position de la chaise : Hauteur d&rsquo;assise 51 cm<\/span><\/li>\n<li><span style=\"font-weight: 400;\">Hauteur du dossier : 88 cm&nbsp;<\/span><\/li>\n<li><span style=\"font-weight: 400;\">Poign\u00e9es caoutchout\u00e9es robustes et confortables \u00e0 pousser qui, une fois d\u00e9pli\u00e9es, servent de support au sol.&nbsp;<\/span><\/li>\n<li><span style=\"font-weight: 400;\">Poids : 9 kg&nbsp;<\/span><\/li>\n<li><span style=\"font-weight: 400;\">Dimensions pli\u00e9 : longueur 100 cm x largeur 50 cm&nbsp;&nbsp;<\/span><\/li>\n<li><span style=\"font-weight: 400;\">Dimensions d\u00e9pli\u00e9 : longueur 200 cm x largeur 50 cm<\/span><\/li>\n<li><span style=\"font-weight: 400;\">Charge max. : 150 kg&nbsp; <\/span><\/li>\n<\/ul>\n","protected":false},"excerpt":{"rendered":"<p><span style=\"font-weight: 400;\">Dispositif de transport bifonctionnel : un fauteuil roulant, un fauteuil d&rsquo;escalier et une civi\u00e8re pliable pour un stockage compact. Dispose d&rsquo;un design avec un dossier haut qui soutient la t\u00eate du patient. Des roues fixes ou pliantes de 4 pouces permettent un d\u00e9placement facile sur la plupart des surfaces. Le cadre en aluminium durci avec les articulations en acier verrouillables est extr\u00eamement robuste et peut supporter une charge maximale de 150 kg. Le brancard est \u00e9quip\u00e9 de deux sangles de s\u00e9curit\u00e9 avec fermeture rapide par clic pour s\u00e9curiser le patient. Elle est \u00e9galement \u00e9quip\u00e9e de deux poign\u00e9es caoutchout\u00e9es qui servent \u00e9galement de support au brancard. Les housses orange, lavables, sont en tissu PVC nylon r\u00e9sistant \u00e0 la d\u00e9chirure, aux bact\u00e9ries, aux taches et aux produits chimiques.&nbsp;<\/span><\/p>\n","protected":false},"featured_media":116157,"comment_status":"closed","ping_status":"closed","template":"","meta":{"inline_featured_image":false},"product_brand":[],"product_cat":[1946],"product_tag":[1785],"class_list":{"0":"post-116153","1":"product","2":"type-product","3":"status-publish","4":"has-post-thumbnail","6":"product_cat-organisations-lumiere-bleue-securite","7":"product_tag-premiers-secours-sauvetage","8":"product_shipping_class-objets-encombrants","10":"first","11":"instock","12":"taxable","13":"shipping-taxable","14":"purchasable","15":"product-type-simple"},"_links":{"self":[{"href":"https:\/\/metal-badge.ch\/fr\/wp-json\/wp\/v2\/product\/116153","targetHints":{"allow":["GET"]}}],"collection":[{"href":"https:\/\/metal-badge.ch\/fr\/wp-json\/wp\/v2\/product"}],"about":[{"href":"https:\/\/metal-badge.ch\/fr\/wp-json\/wp\/v2\/types\/product"}],"replies":[{"embeddable":true,"href":"https:\/\/metal-badge.ch\/fr\/wp-json\/wp\/v2\/comments?post=116153"}],"wp:featuredmedia":[{"embeddable":true,"href":"https:\/\/metal-badge.ch\/fr\/wp-json\/wp\/v2\/media\/116157"}],"wp:attachment":[{"href":"https:\/\/metal-badge.ch\/fr\/wp-json\/wp\/v2\/media?parent=116153"}],"wp:term":[{"taxonomy":"product_brand","embeddable":true,"href":"https:\/\/metal-badge.ch\/fr\/wp-json\/wp\/v2\/product_brand?post=116153"},{"taxonomy":"product_cat","embeddable":true,"href":"https:\/\/metal-badge.ch\/fr\/wp-json\/wp\/v2\/product_cat?post=116153"},{"taxonomy":"product_tag","embeddable":true,"href":"https:\/\/metal-badge.ch\/fr\/wp-json\/wp\/v2\/product_tag?post=116153"}],"curies":[{"name":"wp","href":"https:\/\/api.w.org\/{rel}","templated":true}]}}