{"id":116125,"date":"2021-11-19T13:46:18","date_gmt":"2021-11-19T12:46:19","guid":{"rendered":"https:\/\/shop.metal-badge.ch\/?post_type=product&#038;p=116125"},"modified":"2025-02-08T01:42:15","modified_gmt":"2025-02-08T00:42:15","slug":"civiere-de-premiers-secours-civiere-durgence-pliable","status":"publish","type":"product","link":"https:\/\/metal-badge.ch\/fr\/product\/116125\/civiere-de-premiers-secours-civiere-durgence-pliable\/","title":{"rendered":"Civi\u00e8re de premiers secours \/ civi\u00e8re d&rsquo;urgence pliable"},"content":{"rendered":"<p><span style=\"font-weight: 400;\">Civi\u00e8re l\u00e9g\u00e8re et pliable pour un transport s\u00fbr en cas d&rsquo;urgence. La civi\u00e8re d&rsquo;urgence n&rsquo;a qu&rsquo;un faible poids propre, des poign\u00e9es de transport confortables et des sangles de s\u00e9curit\u00e9 pour fixer le patient ou la personne bless\u00e9e de mani\u00e8re fiable sur la civi\u00e8re. Cadre pliable en aluminium et joints en acier verrouillables, pliable une fois dans le sens de la longueur. Housse en nylon ind\u00e9chirable, tissu oxford, poign\u00e9es en caoutchouc antibact\u00e9rien, r\u00e9sistant aux taches, aux produits chimiques et \u00e0 la rupture. Lors de son utilisation, la civi\u00e8re de premiers secours peut \u00eatre d\u00e9pli\u00e9e en quelques secondes et est rapidement pr\u00eate \u00e0 servir.<\/span><\/p>\n<p><b>Informations sur le produit :&nbsp;<\/b><\/p>\n<ul>\n<li><span style=\"font-weight: 400;\">D\u00e9signation : Brancard pliable en aluminium YXH-1F3<\/span><\/li>\n<li><span style=\"font-weight: 400;\">Brancard avec cadre de base en alliage l\u00e9ger d&rsquo;aluminium<\/span><\/li>\n<li><span style=\"font-weight: 400;\">Charni\u00e8res solides en acier verrouillables qui se replient<\/span><\/li>\n<li><span style=\"font-weight: 400;\">2 sangles de s\u00e9curit\u00e9 r\u00e9glables pour les patients avec boucles \u00e0 d\u00e9clenchement rapide<\/span><\/li>\n<li><span style=\"font-weight: 400;\">4 pieds de caoutchouc, 13 cm de haut<\/span><\/li>\n<li><span style=\"font-weight: 400;\">Poign\u00e9es confortables et robustes en caoutchouc&nbsp;<\/span><\/li>\n<li><span style=\"font-weight: 400;\">Civi\u00e8re : Pliable lat\u00e9ralement<\/span><\/li>\n<li><span style=\"font-weight: 400;\">Mat\u00e9riau de couverture : tissu nylon oxford robuste<\/span><\/li>\n<li><span style=\"font-weight: 400;\">Poids : 3.9 kg&nbsp;<\/span><\/li>\n<li><span style=\"font-weight: 400;\">Couleur du rev\u00eatement : vert&nbsp;<\/span><\/li>\n<li><span style=\"font-weight: 400;\">d\u00e9sinfectable, facile d\u2019entretien<\/span><\/li>\n<li><span style=\"font-weight: 400;\">Dimensions pli\u00e9 : longueur 205 cm x largeur 10 cm&nbsp;&nbsp;<\/span><\/li>\n<li><span style=\"font-weight: 400;\">Dimensions d\u00e9pli\u00e9 : longueur 205 cm x largeur 25 cm<\/span><\/li>\n<li><span style=\"font-weight: 400;\">Longueur rev\u00eatement nylon : 180 cm&nbsp;<\/span><\/li>\n<li><span style=\"font-weight: 400;\">Hauteur des pieds : 13 cm&nbsp;<\/span><\/li>\n<li><span style=\"font-weight: 400;\">Charge max. : 160 kg&nbsp;&nbsp;<\/span><\/li>\n<\/ul>\n","protected":false},"excerpt":{"rendered":"<p><span style=\"font-weight: 400;\">Civi\u00e8re l\u00e9g\u00e8re et pliable pour un transport s\u00fbr en cas d&rsquo;urgence. La civi\u00e8re d&rsquo;urgence n&rsquo;a qu&rsquo;un faible poids propre, des poign\u00e9es de transport confortables et des sangles de s\u00e9curit\u00e9 pour fixer le patient ou la personne bless\u00e9e de mani\u00e8re fiable sur la civi\u00e8re. Cadre pliable en aluminium et joints en acier verrouillables, pliable une fois dans le sens de la longueur. Housse en nylon ind\u00e9chirable, tissu oxford, poign\u00e9es en caoutchouc antibact\u00e9rien, r\u00e9sistant aux taches, aux produits chimiques et \u00e0 la rupture. Lors de son utilisation, la civi\u00e8re de premiers secours peut \u00eatre d\u00e9pli\u00e9e en quelques secondes et est rapidement pr\u00eate \u00e0 servir.<\/span><\/p>\n","protected":false},"featured_media":116129,"comment_status":"closed","ping_status":"closed","template":"","meta":{"inline_featured_image":false},"product_brand":[],"product_cat":[1946],"product_tag":[1785],"class_list":{"0":"post-116125","1":"product","2":"type-product","3":"status-publish","4":"has-post-thumbnail","6":"product_cat-organisations-lumiere-bleue-securite","7":"product_tag-premiers-secours-sauvetage","8":"product_shipping_class-objets-encombrants","10":"first","11":"instock","12":"taxable","13":"shipping-taxable","14":"purchasable","15":"product-type-simple"},"_links":{"self":[{"href":"https:\/\/metal-badge.ch\/fr\/wp-json\/wp\/v2\/product\/116125","targetHints":{"allow":["GET"]}}],"collection":[{"href":"https:\/\/metal-badge.ch\/fr\/wp-json\/wp\/v2\/product"}],"about":[{"href":"https:\/\/metal-badge.ch\/fr\/wp-json\/wp\/v2\/types\/product"}],"replies":[{"embeddable":true,"href":"https:\/\/metal-badge.ch\/fr\/wp-json\/wp\/v2\/comments?post=116125"}],"wp:featuredmedia":[{"embeddable":true,"href":"https:\/\/metal-badge.ch\/fr\/wp-json\/wp\/v2\/media\/116129"}],"wp:attachment":[{"href":"https:\/\/metal-badge.ch\/fr\/wp-json\/wp\/v2\/media?parent=116125"}],"wp:term":[{"taxonomy":"product_brand","embeddable":true,"href":"https:\/\/metal-badge.ch\/fr\/wp-json\/wp\/v2\/product_brand?post=116125"},{"taxonomy":"product_cat","embeddable":true,"href":"https:\/\/metal-badge.ch\/fr\/wp-json\/wp\/v2\/product_cat?post=116125"},{"taxonomy":"product_tag","embeddable":true,"href":"https:\/\/metal-badge.ch\/fr\/wp-json\/wp\/v2\/product_tag?post=116125"}],"curies":[{"name":"wp","href":"https:\/\/api.w.org\/{rel}","templated":true}]}}