{"id":116032,"date":"2021-11-19T05:54:48","date_gmt":"2021-11-19T04:54:49","guid":{"rendered":"https:\/\/shop.metal-badge.ch\/?post_type=product&#038;p=116032"},"modified":"2023-08-01T19:32:00","modified_gmt":"2023-08-01T17:32:00","slug":"lit-de-camp-camping-pliant","status":"publish","type":"product","link":"https:\/\/metal-badge.ch\/fr\/product\/116032\/lit-de-camp-camping-pliant\/","title":{"rendered":"Lit de camp \/ camping pliant"},"content":{"rendered":"<p><span style=\"font-weight: 400;\">Lit de camp XL robuste, id\u00e9al pour les excursions, les activit\u00e9s de plein air comme le camping, la p\u00eache, ou simplement comme lit d&rsquo;appoint pour les visiteurs \u00e0 la maison. La housse verte est fabriqu\u00e9e en tissu nylon polyester r\u00e9sistant. Le lit de camp est \u00e9quip\u00e9 d&rsquo;un cadre en m\u00e9tal l\u00e9ger en aluminium ainsi que de deux croisillons et de trois pieds transversaux pliables, et peut \u00eatre rang\u00e9 sous forme compacte. Le lit de camp est livr\u00e9 avec un sac de transport robuste avec poign\u00e9e.<\/span><\/p>\n<p><b>Informations sur le produit :&nbsp;<\/b><\/p>\n<ul>\n<li><span style=\"font-weight: 400;\">D\u00e9signation : Lit de camp pliable YXH-1K<\/span><\/li>\n<li><span style=\"font-weight: 400;\">Charni\u00e8res solides en acier verrouillables qui se replient<\/span><\/li>\n<li><span style=\"font-weight: 400;\">6 pieds en caoutchouc : hauteur 44 cm<\/span><\/li>\n<li><span style=\"font-weight: 400;\">Avec support de t\u00eate et de pied ins\u00e9rable lat\u00e9ralement<\/span><\/li>\n<li><span style=\"font-weight: 400;\">Civi\u00e8re : Pliable lat\u00e9ralement<\/span><\/li>\n<li><span style=\"font-weight: 400;\">Mati\u00e8re&nbsp;: cadre en aluminium l\u00e9ger<\/span><\/li>\n<li><span style=\"font-weight: 400;\">Mat\u00e9riau de couverture : tissu nylon oxford robuste<\/span><\/li>\n<li><span style=\"font-weight: 400;\">Poids : 6,2 kg&nbsp;<\/span><\/li>\n<li><span style=\"font-weight: 400;\">Couleur du rev\u00eatement : vert&nbsp;<\/span><\/li>\n<li><span style=\"font-weight: 400;\">Pieds antid\u00e9rapants pour une tenue s\u00fbre<\/span><\/li>\n<li><span style=\"font-weight: 400;\">d\u00e9sinfectable, facile d\u2019entretien<\/span><\/li>\n<li><span style=\"font-weight: 400;\">Dimensions pli\u00e9 : longueur 100cm x largeur 18 cm&nbsp;&nbsp;<\/span><\/li>\n<li><span style=\"font-weight: 400;\">Dimensions d\u00e9pli\u00e9 : longueur 194cm x largeur 63 cm<\/span><\/li>\n<li><span style=\"font-weight: 400;\">Longueur rev\u00eatement nylon : 194 cm&nbsp;<\/span><\/li>\n<li><span style=\"font-weight: 400;\">Hauteur des pieds : 13 cm&nbsp;<\/span><\/li>\n<li><span style=\"font-weight: 400;\">Charge max. : 140 kg&nbsp; <\/span><\/li>\n<\/ul>\n","protected":false},"excerpt":{"rendered":"<p><span style=\"font-weight: 400;\">Lit de camp XL robuste, id\u00e9al pour les excursions, les activit\u00e9s de plein air comme le camping, la p\u00eache, ou simplement comme lit d&rsquo;appoint pour les visiteurs \u00e0 la maison. La housse verte est fabriqu\u00e9e en tissu nylon polyester r\u00e9sistant. Le lit de camp est \u00e9quip\u00e9 d&rsquo;un cadre en m\u00e9tal l\u00e9ger en aluminium ainsi que de deux croisillons et de trois pieds transversaux pliables, et peut \u00eatre rang\u00e9 sous forme compacte. Le lit de camp est livr\u00e9 avec un sac de transport robuste avec poign\u00e9e.<\/span><\/p>\n","protected":false},"featured_media":116036,"comment_status":"closed","ping_status":"closed","template":"","meta":{"inline_featured_image":false},"product_brand":[],"product_cat":[1946,1435],"product_tag":[1777,1785],"class_list":{"0":"post-116032","1":"product","2":"type-product","3":"status-publish","4":"has-post-thumbnail","6":"product_cat-organisations-lumiere-bleue-securite","7":"product_cat-camping-voyage","8":"product_tag-camping-voyage","9":"product_tag-premiers-secours-sauvetage","11":"first","12":"instock","13":"taxable","14":"shipping-taxable","15":"purchasable","16":"product-type-simple"},"_links":{"self":[{"href":"https:\/\/metal-badge.ch\/fr\/wp-json\/wp\/v2\/product\/116032","targetHints":{"allow":["GET"]}}],"collection":[{"href":"https:\/\/metal-badge.ch\/fr\/wp-json\/wp\/v2\/product"}],"about":[{"href":"https:\/\/metal-badge.ch\/fr\/wp-json\/wp\/v2\/types\/product"}],"replies":[{"embeddable":true,"href":"https:\/\/metal-badge.ch\/fr\/wp-json\/wp\/v2\/comments?post=116032"}],"wp:featuredmedia":[{"embeddable":true,"href":"https:\/\/metal-badge.ch\/fr\/wp-json\/wp\/v2\/media\/116036"}],"wp:attachment":[{"href":"https:\/\/metal-badge.ch\/fr\/wp-json\/wp\/v2\/media?parent=116032"}],"wp:term":[{"taxonomy":"product_brand","embeddable":true,"href":"https:\/\/metal-badge.ch\/fr\/wp-json\/wp\/v2\/product_brand?post=116032"},{"taxonomy":"product_cat","embeddable":true,"href":"https:\/\/metal-badge.ch\/fr\/wp-json\/wp\/v2\/product_cat?post=116032"},{"taxonomy":"product_tag","embeddable":true,"href":"https:\/\/metal-badge.ch\/fr\/wp-json\/wp\/v2\/product_tag?post=116032"}],"curies":[{"name":"wp","href":"https:\/\/api.w.org\/{rel}","templated":true}]}}