{"id":115809,"date":"2021-11-19T01:56:48","date_gmt":"2021-11-19T00:56:48","guid":{"rendered":"https:\/\/shop.metal-badge.ch\/product\/115809\/sac-de-sauvetage-a-lancer\/"},"modified":"2021-11-19T01:56:48","modified_gmt":"2021-11-19T00:56:48","slug":"sac-de-sauvetage-a-lancer","status":"publish","type":"product","link":"https:\/\/metal-badge.ch\/fr\/product\/115809\/sac-de-sauvetage-a-lancer\/","title":{"rendered":"Sac de sauvetage \u00e0 lancer"},"content":{"rendered":"<p><span style=\"font-weight: 400;\">L&rsquo;outil indispensable pour le sauvetage des personnes dans l&rsquo;eau. Le sac de sauvetage \u00e0 lancer avec ligne de sauvetage de 15 m\u00e8tres et 12 mm de diam\u00e8tre est un outil de sauvetage efficace. Le sac de sauvetage est auto-drainant et flottant. De plus, ce sac de sauvetage est tr\u00e8s compact et dispose d&rsquo;une sangle pour portage sur l&rsquo;\u00e9paule \/ de ceinture r\u00e9glable. Le sac de sauvetage est tenu \u00e0 l&rsquo;extr\u00e9mit\u00e9 de la ligne de lancement et jet\u00e9 dans l&rsquo;eau avec l&rsquo;autre main. D\u00e8s que la personne s&rsquo;accroche au sac de lancement, le sauveteur ram\u00e8ne la ligne depuis la rive ou son bateau. La corde doit \u00eatre s\u00e9ch\u00e9e avant d&rsquo;\u00eatre rang\u00e9e \u00e0 nouveau dans le sac de sauvetage \u00e0 lancer. Cela garantit une longue dur\u00e9e de vie au mat\u00e9riau. Domaine d&rsquo;application : sauvetage sur glace, rivi\u00e8re, lac, eau vive, rafting, kayak, voile, piscine. Le sac de sauvetage \u00e0 lancer est \u00e9galement un outil de sauvetage id\u00e9al pour les pompiers, la police, l&rsquo;arm\u00e9e et les services de secours.&nbsp;<\/span><\/p>\n<p><b>Informations sur le produit :<\/b><\/p>\n<ul>\n<li><span style=\"font-weight: 400;\">D\u00e9signation : Sac de sauvetage \u00e0 lancer<\/span><\/li>\n<li><span style=\"font-weight: 400;\">Cat\u00e9gorie : Dispositif de sauvetage<\/span><\/li>\n<li><span style=\"font-weight: 400;\">Couleur : Rouge avec des bandes r\u00e9fl\u00e9chissantes en jaune fluo<\/span><\/li>\n<li><span style=\"font-weight: 400;\">Dimensions du sac \u00e0 lancer : hauteur 30 cm \/ diam\u00e8tre 12 cm<\/span><\/li>\n<li><span style=\"font-weight: 400;\">Avec sangle pour portage sur l\u2019\u00e9paule \/ de ceinture<\/span><\/li>\n<li><span style=\"font-weight: 400;\">Longueur de la corde : 15 m\u00e8tres&nbsp;<\/span><\/li>\n<li><span style=\"font-weight: 400;\">Diam\u00e8tre corde : 12 mm&nbsp;<\/span><\/li>\n<li><span style=\"font-weight: 400;\">Poids, corde incluse : 1100 g <\/span><span style=\"font-weight: 400;\"><br \/>\n<\/span><span style=\"font-weight: 400;\">Couleur de la corde : orange&nbsp;<\/span><\/li>\n<li><span style=\"font-weight: 400;\">Convient \u00e9galement pour une utilisation sur les bateaux et les cano\u00ebs<\/span><\/li>\n<li><span style=\"font-weight: 400;\">Lancement facile et cibl\u00e9<\/span><\/li>\n<li><span style=\"font-weight: 400;\">Le sac de sauvetage est auto-drainant et flottant<\/span><\/li>\n<li><span style=\"font-weight: 400;\">Domaine d&rsquo;application : Sauvetage sur glace, rivi\u00e8re, lac, eau vive, rafting, kayak de mer, voile, piscine<\/span><\/li>\n<\/ul>\n","protected":false},"excerpt":{"rendered":"<p><span style=\"font-weight: 400;\">L&rsquo;outil indispensable pour le sauvetage des personnes dans l&rsquo;eau. Le sac de sauvetage \u00e0 lancer avec ligne de sauvetage de 15 m\u00e8tres et 12 mm de diam\u00e8tre est un outil de sauvetage efficace. Le sac de sauvetage est auto-drainant et flottant. De plus, ce sac de sauvetage est tr\u00e8s compact et dispose d&rsquo;une sangle pour portage sur l&rsquo;\u00e9paule \/ de ceinture r\u00e9glable. Le sac de sauvetage est tenu \u00e0 l&rsquo;extr\u00e9mit\u00e9 de la ligne de lancem<\/span><\/p>\n","protected":false},"featured_media":115774,"comment_status":"closed","ping_status":"closed","template":"","meta":{"inline_featured_image":false},"product_brand":[],"product_cat":[887,1678,1946],"product_tag":[1785],"class_list":{"0":"post-115809","1":"product","2":"type-product","3":"status-publish","4":"has-post-thumbnail","6":"product_cat-accessoires","7":"product_cat-cordes-securite","8":"product_cat-organisations-lumiere-bleue-securite","9":"product_tag-premiers-secours-sauvetage","11":"first","12":"instock","13":"taxable","14":"shipping-taxable","15":"purchasable","16":"product-type-simple"},"_links":{"self":[{"href":"https:\/\/metal-badge.ch\/fr\/wp-json\/wp\/v2\/product\/115809","targetHints":{"allow":["GET"]}}],"collection":[{"href":"https:\/\/metal-badge.ch\/fr\/wp-json\/wp\/v2\/product"}],"about":[{"href":"https:\/\/metal-badge.ch\/fr\/wp-json\/wp\/v2\/types\/product"}],"replies":[{"embeddable":true,"href":"https:\/\/metal-badge.ch\/fr\/wp-json\/wp\/v2\/comments?post=115809"}],"wp:featuredmedia":[{"embeddable":true,"href":"https:\/\/metal-badge.ch\/fr\/wp-json\/wp\/v2\/media\/115774"}],"wp:attachment":[{"href":"https:\/\/metal-badge.ch\/fr\/wp-json\/wp\/v2\/media?parent=115809"}],"wp:term":[{"taxonomy":"product_brand","embeddable":true,"href":"https:\/\/metal-badge.ch\/fr\/wp-json\/wp\/v2\/product_brand?post=115809"},{"taxonomy":"product_cat","embeddable":true,"href":"https:\/\/metal-badge.ch\/fr\/wp-json\/wp\/v2\/product_cat?post=115809"},{"taxonomy":"product_tag","embeddable":true,"href":"https:\/\/metal-badge.ch\/fr\/wp-json\/wp\/v2\/product_tag?post=115809"}],"curies":[{"name":"wp","href":"https:\/\/api.w.org\/{rel}","templated":true}]}}