{"id":115712,"date":"2021-11-18T23:38:17","date_gmt":"2021-11-18T22:38:17","guid":{"rendered":"https:\/\/shop.metal-badge.ch\/product\/115712\/sacs-modulaires-dl-378-2\/"},"modified":"2024-01-29T14:18:06","modified_gmt":"2024-01-29T13:18:06","slug":"sacs-modulaires-sac-systeme-molle","status":"publish","type":"product","link":"https:\/\/metal-badge.ch\/fr\/product\/115712\/sacs-modulaires-sac-systeme-molle\/","title":{"rendered":"Sacs modulaires \/ Sac syst\u00e8me Molle"},"content":{"rendered":"<p><span style=\"font-weight: 400;\">Disposez les sacs de mani\u00e8re syst\u00e9matique ou transformez votre sac \u00e0 dos ou de ville en sac de voyage.<\/span><\/p>\n<p><span style=\"font-weight: 400;\">Nos sacs modulaires sont fabriqu\u00e9s en nylon Cordura 1000 D durable.<\/span><\/p>\n<p><span style=\"font-weight: 400;\">Les sacs modulaires sont \u00e9quip\u00e9s de 2 boutons-poussoirs chacun pour le syst\u00e8me de fixation permettant une fixation et un d\u00e9tachement rapides des sacs. Taille r\u00e9glable gr\u00e2ce \u00e0 deux boutons pression chacun et des boucles r\u00e9glables. <\/span><span style=\"font-weight: 400;\"><br \/>\n<\/span><span style=\"font-weight: 400;\">Id\u00e9al pour une fixation lat\u00e9rale \u00e0 un baudrier ou \u00e0 une ceinture d&rsquo;intervention.&nbsp;<\/span><\/p>\n<p><span style=\"font-weight: 400;\">Les diff\u00e9rents compartiments int\u00e9rieurs et des boucles \u00e9lastiques offrent de nombreux espaces de rangement.<\/span><\/p>\n<p><span style=\"font-weight: 400;\">Mettez-y les objets que vous devez garder \u00e0 port\u00e9e de main mais pour lesquels vous n&rsquo;avez pas de sac sur mesure. Se ferme avec une fermeture \u00e9clair \u00e0 double sens.&nbsp; Boucles Molle \/ Sangle \u00e0 l&rsquo;avant pour fixer des poches suppl\u00e9mentaires et Velcro \u00e0 l&rsquo;avant.&nbsp;<\/span><\/p>\n<p><span style=\"font-weight: 400;\">MTS (MOLLE) &#8211; Sangle destin\u00e9e \u00e0 recevoir des \u00e9quipements suppl\u00e9mentaires tels que des chargeurs de fusil et de pistolet, un sac pour la radio, etc.<\/span><\/p>\n<ul>\n<li><strong>Petit sac: <\/strong><span style=\"font-weight: 400;\">Dimensions : hauteur 17.0 cm \/ largeur 15.0 cm \/ profondeur 6.0 cm&nbsp;<\/span><\/li>\n<li><strong>Moyen sac: <\/strong><span style=\"font-weight: 400;\">Dimensions : hauteur 22.0 cm \/ largeur 18.0 cm \/ profondeur 5.0 cm&nbsp;<\/span><\/li>\n<li><strong>Grand sac:&nbsp;<\/strong><span style=\"font-weight: 400;\">Dimensions : hauteur 25.0 cm \/ largeur 16.0 cm \/ profondeur 6.0 cm&nbsp;<\/span><\/li>\n<li><span style=\"font-weight: 400;\">Couleur : Noir&nbsp;<\/span><\/li>\n<li><span style=\"font-weight: 400;\">Mati\u00e8re&nbsp;: Nylon Cordura 1000 D&nbsp;<\/span><\/li>\n<li><span style=\"font-weight: 400;\">Poids : 180 g.<\/span><\/li>\n<\/ul>\n","protected":false},"excerpt":{"rendered":"<p><span style=\"font-weight: 400;\">Disposez les sacs de mani\u00e8re syst\u00e9matique ou transformez votre sac \u00e0 dos ou de ville en sac de voyage.<\/span><\/p>\n<p><span style=\"font-weight: 400;\">Nos sacs modulaires sont fabriqu\u00e9s en nylon Cordura 1000 D durable.<\/span><\/p>\n<p><span style=\"font-weight: 400;\">Les sacs modulaires sont \u00e9quip\u00e9s de 2 boutons-poussoirs chacun pour le syst\u00e8me de fixation permettant une fixation et un d\u00e9tachement rapides des sacs. Taille r\u00e9glable gr\u00e2ce \u00e0 deux boutons pression chacun et des boucles r\u00e9glables. <\/span><span style=\"font-weight: 400;\"><br \/>\n<\/span><span style=\"font-weight: 400;\">Id\u00e9al pour une fixation lat\u00e9rale \u00e0 un baudrier ou \u00e0 une ceinture d&rsquo;intervention.<\/span><\/p>\n","protected":false},"featured_media":115693,"comment_status":"closed","ping_status":"closed","template":"","meta":{"inline_featured_image":false},"product_brand":[],"product_cat":[1059,2291],"product_tag":[1773],"class_list":{"0":"post-115712","1":"product","2":"type-product","3":"status-publish","4":"has-post-thumbnail","6":"product_cat-sacs","7":"product_cat-sacs-modulaires","8":"product_tag-chasse-peche","10":"first","11":"instock","12":"taxable","13":"shipping-taxable","14":"purchasable","15":"product-type-simple"},"_links":{"self":[{"href":"https:\/\/metal-badge.ch\/fr\/wp-json\/wp\/v2\/product\/115712","targetHints":{"allow":["GET"]}}],"collection":[{"href":"https:\/\/metal-badge.ch\/fr\/wp-json\/wp\/v2\/product"}],"about":[{"href":"https:\/\/metal-badge.ch\/fr\/wp-json\/wp\/v2\/types\/product"}],"replies":[{"embeddable":true,"href":"https:\/\/metal-badge.ch\/fr\/wp-json\/wp\/v2\/comments?post=115712"}],"wp:featuredmedia":[{"embeddable":true,"href":"https:\/\/metal-badge.ch\/fr\/wp-json\/wp\/v2\/media\/115693"}],"wp:attachment":[{"href":"https:\/\/metal-badge.ch\/fr\/wp-json\/wp\/v2\/media?parent=115712"}],"wp:term":[{"taxonomy":"product_brand","embeddable":true,"href":"https:\/\/metal-badge.ch\/fr\/wp-json\/wp\/v2\/product_brand?post=115712"},{"taxonomy":"product_cat","embeddable":true,"href":"https:\/\/metal-badge.ch\/fr\/wp-json\/wp\/v2\/product_cat?post=115712"},{"taxonomy":"product_tag","embeddable":true,"href":"https:\/\/metal-badge.ch\/fr\/wp-json\/wp\/v2\/product_tag?post=115712"}],"curies":[{"name":"wp","href":"https:\/\/api.w.org\/{rel}","templated":true}]}}