{"id":115672,"date":"2021-11-18T23:02:29","date_gmt":"2021-11-18T22:02:29","guid":{"rendered":"https:\/\/shop.metal-badge.ch\/?post_type=product&#038;p=115672"},"modified":"2022-08-09T02:34:53","modified_gmt":"2022-08-09T00:34:53","slug":"bache-militaire-durable-de-couleur-camouflage","status":"publish","type":"product","link":"https:\/\/metal-badge.ch\/fr\/product\/115672\/bache-militaire-durable-de-couleur-camouflage\/","title":{"rendered":"B\u00e2che militaire durable de couleur camouflage"},"content":{"rendered":"<p><span style=\"font-weight: 400;\">Fabriqu\u00e9 en PU Oxford et PVC r\u00e9sistant \u00e0 la d\u00e9chirure, couleur camouflage, avec 12 \u0153illets en aluminium antirouille et un diam\u00e8tre de 15 mm. La b\u00e2che est enduite de PVC \u00e0 l&rsquo;int\u00e9rieur et faite de tissu Oxford \/ coton \u00e0 l&rsquo;ext\u00e9rieur. Cette b\u00e2che polyvalente, tr\u00e8s durable, absolument \u00e9tanche et r\u00e9sistante aux intemp\u00e9ries, est id\u00e9ale pour le camping, l&rsquo;ext\u00e9rieur, les toits solaires, les tentes d&rsquo;urgence, comme couverture pour les tas de bois, les machines, la voiture, les meubles de jardin et bien plus encore. La b\u00e2che de protection est \u00e9galement r\u00e9sistante aux moisissures et peut \u00eatre facilement nettoy\u00e9e.&nbsp;<\/span><\/p>\n<p><b>Informations sur le produit :<\/b><\/p>\n<ul>\n<li><span style=\"font-weight: 400;\">D\u00e9signation : B\u00e2che camouflage militaire couleur camouflage<\/span><\/li>\n<li><span style=\"font-weight: 400;\">universellement applicable<\/span><\/li>\n<li><span style=\"font-weight: 400;\">\u00e9quip\u00e9 de 12 \u0153illets en aluminium&nbsp;<\/span><\/li>\n<li><span style=\"font-weight: 400;\">avec coins renforc\u00e9s<\/span><\/li>\n<li><span style=\"font-weight: 400;\">Mat\u00e9riau : PU Oxford \/ rev\u00eatu en PVC<\/span><span style=\"font-weight: 400;\"><br \/>\n<\/span><\/li>\n<li><span style=\"font-weight: 400;\">Couleur : Camouflage Army<\/span><span style=\"font-weight: 400;\"><br \/>\n<\/span><\/li>\n<li><span style=\"font-weight: 400;\">Dimensions : 1,70 m x 1,70 m \/ 2.50 m x 2.50 m<\/span><\/li>\n<li><span style=\"font-weight: 400;\">Poids : 790 g \/ 850 g<\/span><\/li>\n<li><span style=\"font-weight: 400;\">Tr\u00e8s r\u00e9sistant aux d\u00e9chirures et \u00e0 l&rsquo;usure<\/span><\/li>\n<li><span style=\"font-weight: 400;\">Ourlet renforc\u00e9 gr\u00e2ce \u00e0 un cordon de tissu cousu.<\/span><\/li>\n<li><span style=\"font-weight: 400;\">Imperm\u00e9able et r\u00e9sistant aux intemp\u00e9ries<\/span><\/li>\n<li><span style=\"font-weight: 400;\">R\u00e9sistant aux UV<\/span><\/li>\n<li><span style=\"font-weight: 400;\">Lavable<\/span><\/li>\n<\/ul>\n<p><span style=\"font-weight: 400;\">Pour les commandes de 20 b\u00e2ches ou plus, nous proposons \u00e9galement d&rsquo;autres dimensions sur demande.<\/span><\/p>\n<p><span style=\"font-weight: 400;\">Nous avons \u00e9galement en stock des piquets de tente, des lignes paracordes et des sardines compatibles avec les b\u00e2ches. Voir sous le lien&nbsp;<\/span><span style=\"font-weight: 400;\">suivant :<br \/>\n<\/span><span style=\"color: #ff6600;\"><strong><a style=\"color: #ff6600;\" href=\"https:\/\/metal-badge.ch\/fr\/product\/43673\/sardine-en-titane-6-pieces\/\">\u00e9galement des sardines<\/a><\/strong><\/span><br \/>\n<span style=\"color: #ff6600;\"><strong><a style=\"color: #ff6600;\" href=\"https:\/\/metal-badge.ch\/fr\/product\/43654\/corde-paracord-olive\/\">cordes paracordes<\/a><\/strong><\/span><br \/>\n<strong><span style=\"color: #ff6600;\"><a style=\"color: #ff6600;\" href=\"https:\/\/metal-badge.ch\/fr\/product\/43664\/bache-en-pu-couleur-camouflage-bache-camouflage-3-x-260-m\/\">b\u00e2ches<\/a><\/span><\/strong><br \/>\n<span style=\"color: #ff6600;\"><a style=\"color: #ff6600;\" href=\"https:\/\/metal-badge.ch\/fr\/product\/43681\/tiges-de-tente-en-aluminium-eloxe-2\/\"><strong>tiges<\/strong><\/a><\/span><\/p>\n","protected":false},"excerpt":{"rendered":"<p><span style=\"font-weight: 400;\">Fabriqu\u00e9 en PU Oxford et PVC r\u00e9sistant \u00e0 la d\u00e9chirure, couleur camouflage, avec 12 \u0153illets en aluminium antirouille et un diam\u00e8tre de 15 mm. La b\u00e2che est enduite de PVC \u00e0 l&rsquo;int\u00e9rieur et faite de tissu Oxford \/ coton \u00e0 l&rsquo;ext\u00e9rieur. Cette b\u00e2che polyvalente, tr\u00e8s durable, absolument \u00e9tanche et r\u00e9sistante aux intemp\u00e9ries, est id\u00e9ale pour le camping, l&rsquo;ext\u00e9rieur, les toits solaires, les tentes d&rsquo;urgence, comme couverture pour les tas de bois, les machines, la voiture, les meubles de jardin et bien plus encore. La b\u00e2che de protection est \u00e9galement r\u00e9sistante aux moisissures et peut \u00eatre facilement nettoy\u00e9e.&nbsp;<\/span><\/p>\n","protected":false},"featured_media":115676,"comment_status":"closed","ping_status":"closed","template":"","meta":{"inline_featured_image":false},"product_brand":[],"product_cat":[1690,1435],"product_tag":[1773],"class_list":{"0":"post-115672","1":"product","2":"type-product","3":"status-publish","4":"has-post-thumbnail","6":"product_cat-baches-et-housses-de-protection","7":"product_cat-camping-voyage","8":"product_tag-chasse-peche","10":"first","11":"instock","12":"taxable","13":"shipping-taxable","14":"purchasable","15":"product-type-simple"},"_links":{"self":[{"href":"https:\/\/metal-badge.ch\/fr\/wp-json\/wp\/v2\/product\/115672","targetHints":{"allow":["GET"]}}],"collection":[{"href":"https:\/\/metal-badge.ch\/fr\/wp-json\/wp\/v2\/product"}],"about":[{"href":"https:\/\/metal-badge.ch\/fr\/wp-json\/wp\/v2\/types\/product"}],"replies":[{"embeddable":true,"href":"https:\/\/metal-badge.ch\/fr\/wp-json\/wp\/v2\/comments?post=115672"}],"wp:featuredmedia":[{"embeddable":true,"href":"https:\/\/metal-badge.ch\/fr\/wp-json\/wp\/v2\/media\/115676"}],"wp:attachment":[{"href":"https:\/\/metal-badge.ch\/fr\/wp-json\/wp\/v2\/media?parent=115672"}],"wp:term":[{"taxonomy":"product_brand","embeddable":true,"href":"https:\/\/metal-badge.ch\/fr\/wp-json\/wp\/v2\/product_brand?post=115672"},{"taxonomy":"product_cat","embeddable":true,"href":"https:\/\/metal-badge.ch\/fr\/wp-json\/wp\/v2\/product_cat?post=115672"},{"taxonomy":"product_tag","embeddable":true,"href":"https:\/\/metal-badge.ch\/fr\/wp-json\/wp\/v2\/product_tag?post=115672"}],"curies":[{"name":"wp","href":"https:\/\/api.w.org\/{rel}","templated":true}]}}