{"id":115011,"date":"2021-11-14T00:54:25","date_gmt":"2021-11-13T23:54:25","guid":{"rendered":"https:\/\/shop.metal-badge.ch\/product\/115011\/pompiers-panneaux-de-signalement-pliants-70-cm-avec-le-symbole-point-dangereux\/"},"modified":"2021-11-14T00:54:25","modified_gmt":"2021-11-13T23:54:25","slug":"pompiers-panneaux-de-signalement-pliants-70-cm-avec-le-symbole-point-dangereux","status":"publish","type":"product","link":"https:\/\/metal-badge.ch\/fr\/product\/115011\/pompiers-panneaux-de-signalement-pliants-70-cm-avec-le-symbole-point-dangereux\/","title":{"rendered":"Pompiers &#8211; Panneaux de signalement pliants 70 cm avec le symbole \u00ab Point dangereux \u00bb"},"content":{"rendered":"<p><span style=\"font-weight: 400;\">Signal de pliage complet avec housse de protection. Nos signaux pliants permettent de s\u00e9curiser clairement et rapidement les points dangereux. Ils sont faciles \u00e0 utiliser et prennent peu de place.&nbsp; La police, les pompiers, les services de secours, les entreprises de construction et de transport ainsi que de nombreux autres acteurs pour lesquels la s\u00e9curit\u00e9 routi\u00e8re est une pr\u00e9occupation centrale.<\/span><\/p>\n<p><b>Informations sur le produit :&nbsp;<\/b><\/p>\n<ul>\n<li><span style=\"font-weight: 400;\">Marquage clair d&rsquo;une intervention des pompiers avec le texte \u00ab Pompiers \u00bb et le symbole \u00ab Point dangereux \u00bb<\/span><\/li>\n<li><span style=\"font-weight: 400;\">Inscription : 3x Pompiers<\/span><\/li>\n<li><span style=\"font-weight: 400;\">Couleur : orange fluorescent \/ blanc<\/span><\/li>\n<li><span style=\"font-weight: 400;\">Complet avec housse<\/span><\/li>\n<li><span style=\"font-weight: 400;\">Solution de signalisation temporaire et \u00e0 court terme<\/span><\/li>\n<li><span style=\"font-weight: 400;\">S\u00e9curisez professionnellement les lieux d&rsquo;accidents par des signaux d&rsquo;alerte<\/span><\/li>\n<li><span style=\"font-weight: 400;\">Montage rapide<\/span><\/li>\n<li><span style=\"font-weight: 400;\">Poign\u00e9e en m\u00e9tal sur le dessus&nbsp;<\/span><\/li>\n<li><span style=\"font-weight: 400;\">Version :&nbsp;Normal (fluorescent \/ lumi\u00e8re du jour)<\/span><\/li>\n<li><span style=\"font-weight: 400;\">Faible encombrement<\/span><\/li>\n<li><span style=\"font-weight: 400;\">Qualit\u00e9 robuste<\/span><\/li>\n<li><span style=\"font-weight: 400;\">Les signaux mobiles pliants sont faciles \u00e0 monter et particuli\u00e8rement r\u00e9sistants au basculement<\/span><\/li>\n<li><span style=\"font-weight: 400;\">Flexible et pouvant \u00eatre utilis\u00e9 individuellement<\/span><\/li>\n<\/ul>\n<p><b>Donn\u00e9es techniques :<\/b><\/p>\n<ul>\n<li><span style=\"font-weight: 400;\">Longueur totale du c\u00f4t\u00e9 : 87 cm<\/span><\/li>\n<li><span style=\"font-weight: 400;\">Longueur du c\u00f4t\u00e9, uniquement panneau pliant : 68 cm<\/span><\/li>\n<li><span style=\"font-weight: 400;\">Hauteur debout non pli\u00e9 : 70 cm<\/span><span style=\"font-weight: 400;\"><br \/>\n<\/span><\/li>\n<li><span style=\"font-weight: 400;\">Plage d\u2019utilisation : jusqu\u2019\u00e0 -35 \u00baC<\/span><span style=\"font-weight: 400;\"><br \/>\n<\/span><\/li>\n<li><span style=\"font-weight: 400;\">Dimensions pli\u00e9 (L x l)&nbsp;: 92 cm x 20 cm<\/span><span style=\"font-weight: 400;\"><br \/>\n<\/span><\/li>\n<li><span style=\"font-weight: 400;\">Poids : 3,5 kg<\/span><\/li>\n<li><span style=\"font-weight: 400;\">Mat\u00e9riau : acier zingu\u00e9 \/ PVC<\/span><\/li>\n<\/ul>\n<p><span style=\"font-weight: 400;\">Nos signaux pliants sont disponibles dans diff\u00e9rentes tailles :&nbsp; 40 \/ 70 \/ 90 et 110 cm.&nbsp;Les panneaux pliants sont disponibles sur demande avec votre impression individuelle.<\/span><\/p>\n<p><span style=\"font-weight: 400;\">Inscription : POMPIERS &#8211; \u00e9galement disponible en allemand ou en italien (sur demande).<\/span><\/p>\n<p><span style=\"font-weight: 400;\">Autres symboles et inscriptions disponibles (sur demande)<\/span><\/p>\n<p><span style=\"font-weight: 400;\">Autres versions avec trois c\u00f4t\u00e9s diff\u00e9rents (version combi) ou version normale (fluorescente)<\/span><\/p>\n<p><span style=\"font-weight: 400;\">Vous pouvez choisir entre 3 versions de films r\u00e9fl\u00e9chissants :<\/span><\/p>\n<ul>\n<li style=\"font-weight: 400;\" aria-level=\"1\"><span style=\"font-weight: 400;\">Qualit\u00e9 N = lumi\u00e8re du jour<\/span><\/li>\n<li style=\"font-weight: 400;\" aria-level=\"1\"><span style=\"font-weight: 400;\">R1 = r\u00e9fl\u00e9chissant<\/span><\/li>\n<li style=\"font-weight: 400;\" aria-level=\"1\"><span style=\"font-weight: 400;\">R2 = fortement r\u00e9tror\u00e9fl\u00e9chissant<\/span><\/li>\n<\/ul>\n","protected":false},"excerpt":{"rendered":"<p><span style=\"font-weight: 400;\">Signal de pliage complet avec housse de protection. Nos signaux pliants permettent de s\u00e9curiser clairement et rapidement les points dangereux. Ils sont faciles \u00e0 utiliser et prennent peu de place.&nbsp; La police, les pompiers, les services de secours, les entreprises de construction et de transport ainsi que de nombreux autres acteurs pour lesquels la s\u00e9curit\u00e9 routi\u00e8re est une pr\u00e9occupation centrale.<\/span><\/p>\n<p>&nbsp;<\/p>\n","protected":false},"featured_media":114532,"comment_status":"closed","ping_status":"closed","template":"","meta":{"inline_featured_image":false},"product_brand":[],"product_cat":[1946],"product_tag":[1793],"class_list":{"0":"post-115011","1":"product","2":"type-product","3":"status-publish","4":"has-post-thumbnail","6":"product_cat-organisations-lumiere-bleue-securite","7":"product_tag-vehicule-route","9":"first","10":"instock","11":"taxable","12":"shipping-taxable","13":"purchasable","14":"product-type-simple"},"_links":{"self":[{"href":"https:\/\/metal-badge.ch\/fr\/wp-json\/wp\/v2\/product\/115011","targetHints":{"allow":["GET"]}}],"collection":[{"href":"https:\/\/metal-badge.ch\/fr\/wp-json\/wp\/v2\/product"}],"about":[{"href":"https:\/\/metal-badge.ch\/fr\/wp-json\/wp\/v2\/types\/product"}],"replies":[{"embeddable":true,"href":"https:\/\/metal-badge.ch\/fr\/wp-json\/wp\/v2\/comments?post=115011"}],"wp:featuredmedia":[{"embeddable":true,"href":"https:\/\/metal-badge.ch\/fr\/wp-json\/wp\/v2\/media\/114532"}],"wp:attachment":[{"href":"https:\/\/metal-badge.ch\/fr\/wp-json\/wp\/v2\/media?parent=115011"}],"wp:term":[{"taxonomy":"product_brand","embeddable":true,"href":"https:\/\/metal-badge.ch\/fr\/wp-json\/wp\/v2\/product_brand?post=115011"},{"taxonomy":"product_cat","embeddable":true,"href":"https:\/\/metal-badge.ch\/fr\/wp-json\/wp\/v2\/product_cat?post=115011"},{"taxonomy":"product_tag","embeddable":true,"href":"https:\/\/metal-badge.ch\/fr\/wp-json\/wp\/v2\/product_tag?post=115011"}],"curies":[{"name":"wp","href":"https:\/\/api.w.org\/{rel}","templated":true}]}}