{"id":114810,"date":"2021-11-15T22:40:00","date_gmt":"2021-11-15T21:40:00","guid":{"rendered":"https:\/\/shop.metal-badge.ch\/?post_type=product&#038;p=114810"},"modified":"2021-11-15T22:54:20","modified_gmt":"2021-11-15T21:54:20","slug":"bouteille-thermos-en-acier-inoxydable-a-double-paroi-isolee-sous-vide-au-design-en-bois-esthetique","status":"publish","type":"product","link":"https:\/\/metal-badge.ch\/fr\/product\/114810\/bouteille-thermos-en-acier-inoxydable-a-double-paroi-isolee-sous-vide-au-design-en-bois-esthetique\/","title":{"rendered":"Bouteille thermos en acier inoxydable \u00e0 double paroi, isol\u00e9e sous vide, au design en bois esth\u00e9tique"},"content":{"rendered":"<p><span style=\"font-weight: 400;\">Bouteille thermos \u00e0 double paroi, \u00e9tanche, en acier inoxydable avec une technologie sous vide de haute qualit\u00e9. Parfait \u00e0 emmener en d\u00e9placement ! Conserve votre boisson chaude jusqu&rsquo;\u00e0 12 heures ou froide jusqu&rsquo;\u00e0 24 heures. Cette bouteille thermos aspect bois&nbsp; a une capacit\u00e9 de 500 ml; c\u2019est le compagnon id\u00e9al pour vos d\u00e9placements. La bouteille est enti\u00e8rement exempte de substances nocives et de BPA, et extr\u00eamement robuste.&nbsp;<\/span><\/p>\n<p><b>Informations sur le produit :&nbsp;<\/b><\/p>\n<ul>\n<li><span style=\"font-weight: 400;\">D\u00e9signation : Bouteille thermos \u00e0 double paroi<\/span><\/li>\n<li><span style=\"font-weight: 400;\">Poids : 285 g&nbsp;<\/span><\/li>\n<li><span style=\"font-weight: 400;\">Couleur : Aspect bois<\/span><\/li>\n<li><span style=\"font-weight: 400;\">Capacit\u00e9&nbsp;: 500 ml&nbsp;<\/span><\/li>\n<li><span style=\"font-weight: 400;\">Dimensions : Hauteur 25 cm&nbsp;<\/span><\/li>\n<li><span style=\"font-weight: 400;\">Diam\u00e8tre : 6,5 cm&nbsp;<\/span><\/li>\n<li><span style=\"font-weight: 400;\">24 heures froid<\/span><\/li>\n<li><span style=\"font-weight: 400;\">12 heures chaud<\/span><\/li>\n<li><span style=\"font-weight: 400;\">R\u00e9sistant \u00e0 l&rsquo;acide carbonique \/ 100% \u00e9tanche<\/span><\/li>\n<li><span style=\"font-weight: 400;\">Sans go\u00fbt<\/span><\/li>\n<li><span style=\"font-weight: 400;\">Mat\u00e9riau : Acier inoxydable 304<\/span><\/li>\n<li><span style=\"font-weight: 400;\">Durable<\/span><\/li>\n<li><span style=\"font-weight: 400;\">Gourde sans BPA<\/span><\/li>\n<li><span style=\"font-weight: 400;\">Durable et de grande qualit\u00e9<\/span><\/li>\n<\/ul>\n","protected":false},"excerpt":{"rendered":"<p><span style=\"font-weight: 400;\">Bouteille thermos \u00e0 double paroi, \u00e9tanche, en acier inoxydable avec une technologie sous vide de haute qualit\u00e9. Parfait \u00e0 emmener en d\u00e9placement ! Conserve votre boisson chaude jusqu&rsquo;\u00e0 12 heures ou froide jusqu&rsquo;\u00e0 24 heures. Cette bouteille thermos aspect bois&nbsp; a une capacit\u00e9 de 500 ml; c\u2019est le compagnon id\u00e9al pour vos d\u00e9placements. La bouteille est enti\u00e8rement exempte de substances nocives et de BPA, et extr\u00eamement robuste.&nbsp;<\/span><\/p>\n","protected":false},"featured_media":114814,"comment_status":"closed","ping_status":"closed","template":"","meta":{"inline_featured_image":false},"product_brand":[],"product_cat":[1275],"product_tag":[],"class_list":{"0":"post-114810","1":"product","2":"type-product","3":"status-publish","4":"has-post-thumbnail","6":"product_cat-bouteilles-poele-recipient","8":"first","9":"instock","10":"taxable","11":"shipping-taxable","12":"purchasable","13":"product-type-simple"},"_links":{"self":[{"href":"https:\/\/metal-badge.ch\/fr\/wp-json\/wp\/v2\/product\/114810","targetHints":{"allow":["GET"]}}],"collection":[{"href":"https:\/\/metal-badge.ch\/fr\/wp-json\/wp\/v2\/product"}],"about":[{"href":"https:\/\/metal-badge.ch\/fr\/wp-json\/wp\/v2\/types\/product"}],"replies":[{"embeddable":true,"href":"https:\/\/metal-badge.ch\/fr\/wp-json\/wp\/v2\/comments?post=114810"}],"wp:featuredmedia":[{"embeddable":true,"href":"https:\/\/metal-badge.ch\/fr\/wp-json\/wp\/v2\/media\/114814"}],"wp:attachment":[{"href":"https:\/\/metal-badge.ch\/fr\/wp-json\/wp\/v2\/media?parent=114810"}],"wp:term":[{"taxonomy":"product_brand","embeddable":true,"href":"https:\/\/metal-badge.ch\/fr\/wp-json\/wp\/v2\/product_brand?post=114810"},{"taxonomy":"product_cat","embeddable":true,"href":"https:\/\/metal-badge.ch\/fr\/wp-json\/wp\/v2\/product_cat?post=114810"},{"taxonomy":"product_tag","embeddable":true,"href":"https:\/\/metal-badge.ch\/fr\/wp-json\/wp\/v2\/product_tag?post=114810"}],"curies":[{"name":"wp","href":"https:\/\/api.w.org\/{rel}","templated":true}]}}