{"id":114718,"date":"2021-11-15T06:36:04","date_gmt":"2021-11-15T05:36:04","guid":{"rendered":"https:\/\/shop.metal-badge.ch\/?post_type=product&#038;p=114718"},"modified":"2021-11-15T06:44:18","modified_gmt":"2021-11-15T05:44:18","slug":"bouteille-a-boire-en-acier-inoxydable-a-double-paroi-isolee-sous-vide-avec-poignee-de-transport","status":"publish","type":"product","link":"https:\/\/metal-badge.ch\/fr\/product\/114718\/bouteille-a-boire-en-acier-inoxydable-a-double-paroi-isolee-sous-vide-avec-poignee-de-transport\/","title":{"rendered":"Bouteille \u00e0 boire en acier inoxydable \u00e0 double paroi, isol\u00e9e sous vide avec poign\u00e9e de transport"},"content":{"rendered":"<p><span style=\"font-weight: 400;\">Cette superbe bouteille en acier inoxydable isol\u00e9e \u00e0 double paroi avec bouchon \u00e0 vis permet non seulement de conserver les boissons froides pendant un certain temps, mais elle est aussi id\u00e9ale pour les boissons chaudes. Elle est facile \u00e0 nettoyer \u00e0 la main et parfaite pour les d\u00e9placements, que ce soit dans votre sac de sport, en randonn\u00e9e ou en camping. La bouteille a une capacit\u00e9 de 530 ml est est enti\u00e8rement exempte de substances nocives et de BPA ; elle est extr\u00eamement robuste. Avec une petite ouverture pour boire et un grand bouchon \u00e0 vis. \u00c9quip\u00e9 d&rsquo;une poign\u00e9e de transport.<\/span><\/p>\n<p><b>Informations sur le produit :&nbsp;<\/b><\/p>\n<ul>\n<li><span style=\"font-weight: 400;\">D\u00e9signation : Bouteille thermos \u00e0 double paroi<\/span><\/li>\n<li><span style=\"font-weight: 400;\">Poids : 300 g&nbsp;<\/span><\/li>\n<li><span style=\"font-weight: 400;\">Couleur : noir<\/span><\/li>\n<li><span style=\"font-weight: 400;\">Capacit\u00e9&nbsp;: 530 ml&nbsp;<\/span><\/li>\n<li><span style=\"font-weight: 400;\">Dimensions : Hauteur 20 cm&nbsp;<\/span><\/li>\n<li><span style=\"font-weight: 400;\">Diam\u00e8tre : 7,0 cm&nbsp;<\/span><\/li>\n<li><span style=\"font-weight: 400;\">24 heures froid<\/span><\/li>\n<li><span style=\"font-weight: 400;\">12 heures chaud<\/span><\/li>\n<li><span style=\"font-weight: 400;\">R\u00e9sistant \u00e0 l&rsquo;acide carbonique \/ 100% \u00e9tanche<\/span><\/li>\n<li><span style=\"font-weight: 400;\">Sans go\u00fbt<\/span><\/li>\n<li><span style=\"font-weight: 400;\">Mat\u00e9riau : Acier inoxydable 304<\/span><\/li>\n<li><span style=\"font-weight: 400;\">Durable<\/span><\/li>\n<li><span style=\"font-weight: 400;\">Gourde sans BPA<\/span><\/li>\n<li><span style=\"font-weight: 400;\">Durable et de grande qualit\u00e9<\/span><\/li>\n<\/ul>\n","protected":false},"excerpt":{"rendered":"<p><span style=\"font-weight: 400;\">Cette superbe bouteille en acier inoxydable isol\u00e9e \u00e0 double paroi avec bouchon \u00e0 vis permet non seulement de conserver les boissons froides pendant un certain temps, mais elle est aussi id\u00e9ale pour les boissons chaudes. Elle est facile \u00e0 nettoyer \u00e0 la main et parfaite pour les d\u00e9placements, que ce soit dans votre sac de sport, en randonn\u00e9e ou en camping. La bouteille a une capacit\u00e9 de 530 ml est est enti\u00e8rement exempte de substances nocives et de BPA ; elle est extr\u00eamement robuste. Avec une petite ouverture pour boire et un grand bouchon \u00e0 vis. \u00c9quip\u00e9 d&rsquo;une poign\u00e9e de transport.<\/span><\/p>\n","protected":false},"featured_media":114722,"comment_status":"closed","ping_status":"closed","template":"","meta":{"inline_featured_image":false},"product_brand":[],"product_cat":[1275],"product_tag":[],"class_list":{"0":"post-114718","1":"product","2":"type-product","3":"status-publish","4":"has-post-thumbnail","6":"product_cat-bouteilles-poele-recipient","8":"first","9":"instock","10":"taxable","11":"shipping-taxable","12":"purchasable","13":"product-type-simple"},"_links":{"self":[{"href":"https:\/\/metal-badge.ch\/fr\/wp-json\/wp\/v2\/product\/114718","targetHints":{"allow":["GET"]}}],"collection":[{"href":"https:\/\/metal-badge.ch\/fr\/wp-json\/wp\/v2\/product"}],"about":[{"href":"https:\/\/metal-badge.ch\/fr\/wp-json\/wp\/v2\/types\/product"}],"replies":[{"embeddable":true,"href":"https:\/\/metal-badge.ch\/fr\/wp-json\/wp\/v2\/comments?post=114718"}],"wp:featuredmedia":[{"embeddable":true,"href":"https:\/\/metal-badge.ch\/fr\/wp-json\/wp\/v2\/media\/114722"}],"wp:attachment":[{"href":"https:\/\/metal-badge.ch\/fr\/wp-json\/wp\/v2\/media?parent=114718"}],"wp:term":[{"taxonomy":"product_brand","embeddable":true,"href":"https:\/\/metal-badge.ch\/fr\/wp-json\/wp\/v2\/product_brand?post=114718"},{"taxonomy":"product_cat","embeddable":true,"href":"https:\/\/metal-badge.ch\/fr\/wp-json\/wp\/v2\/product_cat?post=114718"},{"taxonomy":"product_tag","embeddable":true,"href":"https:\/\/metal-badge.ch\/fr\/wp-json\/wp\/v2\/product_tag?post=114718"}],"curies":[{"name":"wp","href":"https:\/\/api.w.org\/{rel}","templated":true}]}}