{"id":114702,"date":"2021-11-15T06:19:13","date_gmt":"2021-11-15T05:19:14","guid":{"rendered":"https:\/\/shop.metal-badge.ch\/?post_type=product&#038;p=114702"},"modified":"2021-11-15T06:26:18","modified_gmt":"2021-11-15T05:26:18","slug":"bouteille-thermos-a-isolation-sous-vide-de-500-ml-en-acier-inoxydable-de-haute-qualite-avec-paille-integree","status":"publish","type":"product","link":"https:\/\/metal-badge.ch\/fr\/product\/114702\/bouteille-thermos-a-isolation-sous-vide-de-500-ml-en-acier-inoxydable-de-haute-qualite-avec-paille-integree\/","title":{"rendered":"Bouteille thermos \u00e0 isolation sous vide de 500 ml en acier inoxydable de haute qualit\u00e9 avec paille int\u00e9gr\u00e9e"},"content":{"rendered":"<p><span style=\"font-weight: 400;\">Si cette bouteille est avec vous, vous n&rsquo;aurez plus jamais \u00e0 craindre soif. Fixez-la \u00e0 votre sac \u00e0 dos avec un mousqueton et partez en vadrouille ! En plus d&rsquo;un bouchon \u00e0 vis, il est \u00e9galement \u00e9quip\u00e9 d&rsquo;un embout pliable pour boire avec une paille incluse. La construction \u00e0 double paroi permet de maintenir longtemps la temp\u00e9rature des boissons chaudes et froides sans que la temp\u00e9rature ne soit perceptible sur la paroi ext\u00e9rieure. La bouteille \u00e0 la fermeture tendance est enti\u00e8rement exempte de substances nocives et de BPA, et extr\u00eamement robuste.&nbsp;<\/span><\/p>\n<p><b>Informations sur le produit :&nbsp;<\/b><\/p>\n<ul>\n<li><span style=\"font-weight: 400;\">D\u00e9signation : Bouteille thermos \u00e0 double paroi<\/span><\/li>\n<li><span style=\"font-weight: 400;\">Avec embout buccal pliable et paille int\u00e9gr\u00e9e<\/span><\/li>\n<li><span style=\"font-weight: 400;\">Poids : 250 g&nbsp;<\/span><\/li>\n<li><span style=\"font-weight: 400;\">Couleur : argent\u00e9<\/span><\/li>\n<li><span style=\"font-weight: 400;\">Capacit\u00e9&nbsp;: 500 ml&nbsp;<\/span><\/li>\n<li><span style=\"font-weight: 400;\">Dimensions : Hauteur 22 cm&nbsp;<\/span><\/li>\n<li><span style=\"font-weight: 400;\">Diam\u00e8tre : 7,0 cm&nbsp;<\/span><\/li>\n<li><span style=\"font-weight: 400;\">24 heures froid<\/span><span style=\"font-weight: 400;\"><br \/>\n<\/span><\/li>\n<li><span style=\"font-weight: 400;\">12 heures chaud<\/span><span style=\"font-weight: 400;\"><br \/>\n<\/span><\/li>\n<li><span style=\"font-weight: 400;\">R\u00e9sistant \u00e0 l&rsquo;acide carbonique \/ 100% \u00e9tanche<\/span><span style=\"font-weight: 400;\"><br \/>\n<\/span><\/li>\n<li><span style=\"font-weight: 400;\">Sans go\u00fbt<\/span><span style=\"font-weight: 400;\"><br \/>\n<\/span><\/li>\n<li><span style=\"font-weight: 400;\">Mat\u00e9riau : Acier inoxydable 304<\/span><span style=\"font-weight: 400;\"><br \/>\n<\/span><\/li>\n<li><span style=\"font-weight: 400;\">Durable<\/span><span style=\"font-weight: 400;\"><br \/>\n<\/span><\/li>\n<li><span style=\"font-weight: 400;\">Gourde sans BPA<\/span><\/li>\n<li><span style=\"font-weight: 400;\">Facile \u00e0 nettoyer, convient au lave-vaisselle<\/span><span style=\"font-weight: 400;\"><br \/>\n<\/span><\/li>\n<li><span style=\"font-weight: 400;\">Durable et de haute qualit\u00e9<\/span><\/li>\n<\/ul>\n","protected":false},"excerpt":{"rendered":"<p><span style=\"font-weight: 400;\">Si cette bouteille est avec vous, vous n&rsquo;aurez plus jamais \u00e0 craindre soif. Fixez-la \u00e0 votre sac \u00e0 dos avec un mousqueton et partez en vadrouille ! En plus d&rsquo;un bouchon \u00e0 vis, il est \u00e9galement \u00e9quip\u00e9 d&rsquo;un embout pliable pour boire avec une paille incluse. La construction \u00e0 double paroi permet de maintenir longtemps la temp\u00e9rature des boissons chaudes et froides sans que la temp\u00e9rature ne soit perceptible sur la paroi ext\u00e9rieure. La bouteille \u00e0 la fermeture tendance est enti\u00e8rement exempte de substances nocives et de BPA, et extr\u00eamement robuste.&nbsp;<\/span><\/p>\n","protected":false},"featured_media":114706,"comment_status":"closed","ping_status":"closed","template":"","meta":{"inline_featured_image":false},"product_brand":[],"product_cat":[1275],"product_tag":[],"class_list":{"0":"post-114702","1":"product","2":"type-product","3":"status-publish","4":"has-post-thumbnail","6":"product_cat-bouteilles-poele-recipient","8":"first","9":"instock","10":"taxable","11":"shipping-taxable","12":"purchasable","13":"product-type-simple"},"_links":{"self":[{"href":"https:\/\/metal-badge.ch\/fr\/wp-json\/wp\/v2\/product\/114702","targetHints":{"allow":["GET"]}}],"collection":[{"href":"https:\/\/metal-badge.ch\/fr\/wp-json\/wp\/v2\/product"}],"about":[{"href":"https:\/\/metal-badge.ch\/fr\/wp-json\/wp\/v2\/types\/product"}],"replies":[{"embeddable":true,"href":"https:\/\/metal-badge.ch\/fr\/wp-json\/wp\/v2\/comments?post=114702"}],"wp:featuredmedia":[{"embeddable":true,"href":"https:\/\/metal-badge.ch\/fr\/wp-json\/wp\/v2\/media\/114706"}],"wp:attachment":[{"href":"https:\/\/metal-badge.ch\/fr\/wp-json\/wp\/v2\/media?parent=114702"}],"wp:term":[{"taxonomy":"product_brand","embeddable":true,"href":"https:\/\/metal-badge.ch\/fr\/wp-json\/wp\/v2\/product_brand?post=114702"},{"taxonomy":"product_cat","embeddable":true,"href":"https:\/\/metal-badge.ch\/fr\/wp-json\/wp\/v2\/product_cat?post=114702"},{"taxonomy":"product_tag","embeddable":true,"href":"https:\/\/metal-badge.ch\/fr\/wp-json\/wp\/v2\/product_tag?post=114702"}],"curies":[{"name":"wp","href":"https:\/\/api.w.org\/{rel}","templated":true}]}}