{"id":114690,"date":"2021-11-15T06:00:31","date_gmt":"2021-11-15T05:00:32","guid":{"rendered":"https:\/\/shop.metal-badge.ch\/?post_type=product&#038;p=114690"},"modified":"2021-11-15T06:32:20","modified_gmt":"2021-11-15T05:32:20","slug":"gourde-a-isolation-sous-vide-de-500-ml-en-acier-inoxydable-de-haute-qualite","status":"publish","type":"product","link":"https:\/\/metal-badge.ch\/fr\/product\/114690\/gourde-a-isolation-sous-vide-de-500-ml-en-acier-inoxydable-de-haute-qualite\/","title":{"rendered":"Gourde \u00e0 isolation sous vide de 500 ml en acier inoxydable de haute qualit\u00e9"},"content":{"rendered":"<p><span style=\"font-weight: 400;\">Cette bouteille thermos de 500 ml est le compagnon id\u00e9al pour vos d\u00e9placements. La construction \u00e0 double paroi permet de maintenir longtemps la temp\u00e9rature des boissons chaudes et froides sans que la temp\u00e9rature ne soit perceptible sur la paroi ext\u00e9rieure. La bague d&rsquo;\u00e9tanch\u00e9it\u00e9 int\u00e9gr\u00e9e emp\u00eache la bouteille de sport de fuir. La bouteille \u00e0 la fermeture tendance est enti\u00e8rement exempte de substances nocives et de BPA, et extr\u00eamement robuste.&nbsp;<\/span><\/p>\n<p><b>Informations sur le produit :&nbsp;<\/b><\/p>\n<ul>\n<li><span style=\"font-weight: 400;\">D\u00e9signation : Bouteille thermos \u00e0 double paroi<\/span><\/li>\n<li><span style=\"font-weight: 400;\">Poids : 260 g&nbsp;<\/span><\/li>\n<li><span style=\"font-weight: 400;\">Couleur : noir mat<\/span><\/li>\n<li><span style=\"font-weight: 400;\">Capacit\u00e9&nbsp;: 500 ml&nbsp;<\/span><\/li>\n<li><span style=\"font-weight: 400;\">Dimensions : Hauteur 21 cm&nbsp;<\/span><\/li>\n<li><span style=\"font-weight: 400;\">Diam\u00e8tre : 7,0 cm&nbsp;<\/span><\/li>\n<li><span style=\"font-weight: 400;\">24 heures froid<\/span><\/li>\n<li><span style=\"font-weight: 400;\">12 heures chaud<\/span><\/li>\n<li><span style=\"font-weight: 400;\">R\u00e9sistant \u00e0 l&rsquo;acide carbonique \/ 100% \u00e9tanche<\/span><\/li>\n<li><span style=\"font-weight: 400;\">Sans go\u00fbt<\/span><\/li>\n<li><span style=\"font-weight: 400;\">Mat\u00e9riau : Acier inoxydable 304<\/span><\/li>\n<li><span style=\"font-weight: 400;\">Durable<\/span><\/li>\n<li><span style=\"font-weight: 400;\">Gourde sans BPA<\/span><\/li>\n<li><span style=\"font-weight: 400;\">Facile \u00e0 nettoyer, convient au lave-vaisselle<\/span><\/li>\n<li><span style=\"font-weight: 400;\">Durable et de haute qualit\u00e9<\/span><\/li>\n<\/ul>\n","protected":false},"excerpt":{"rendered":"<p><span style=\"font-weight: 400;\">Cette bouteille thermos de 500 ml est le compagnon id\u00e9al pour vos d\u00e9placements. La construction \u00e0 double paroi permet de maintenir longtemps la temp\u00e9rature des boissons chaudes et froides sans que la temp\u00e9rature ne soit perceptible sur la paroi ext\u00e9rieure. La bague d&rsquo;\u00e9tanch\u00e9it\u00e9 int\u00e9gr\u00e9e emp\u00eache la bouteille de sport de fuir. La bouteille \u00e0 la fermeture tendance est enti\u00e8rement exempte de substances nocives et de BPA, et extr\u00eamement robuste.&nbsp;<\/span><\/p>\n","protected":false},"featured_media":114694,"comment_status":"closed","ping_status":"closed","template":"","meta":{"inline_featured_image":false},"product_brand":[],"product_cat":[1275],"product_tag":[],"class_list":{"0":"post-114690","1":"product","2":"type-product","3":"status-publish","4":"has-post-thumbnail","6":"product_cat-bouteilles-poele-recipient","8":"first","9":"instock","10":"taxable","11":"shipping-taxable","12":"purchasable","13":"product-type-simple"},"_links":{"self":[{"href":"https:\/\/metal-badge.ch\/fr\/wp-json\/wp\/v2\/product\/114690","targetHints":{"allow":["GET"]}}],"collection":[{"href":"https:\/\/metal-badge.ch\/fr\/wp-json\/wp\/v2\/product"}],"about":[{"href":"https:\/\/metal-badge.ch\/fr\/wp-json\/wp\/v2\/types\/product"}],"replies":[{"embeddable":true,"href":"https:\/\/metal-badge.ch\/fr\/wp-json\/wp\/v2\/comments?post=114690"}],"wp:featuredmedia":[{"embeddable":true,"href":"https:\/\/metal-badge.ch\/fr\/wp-json\/wp\/v2\/media\/114694"}],"wp:attachment":[{"href":"https:\/\/metal-badge.ch\/fr\/wp-json\/wp\/v2\/media?parent=114690"}],"wp:term":[{"taxonomy":"product_brand","embeddable":true,"href":"https:\/\/metal-badge.ch\/fr\/wp-json\/wp\/v2\/product_brand?post=114690"},{"taxonomy":"product_cat","embeddable":true,"href":"https:\/\/metal-badge.ch\/fr\/wp-json\/wp\/v2\/product_cat?post=114690"},{"taxonomy":"product_tag","embeddable":true,"href":"https:\/\/metal-badge.ch\/fr\/wp-json\/wp\/v2\/product_tag?post=114690"}],"curies":[{"name":"wp","href":"https:\/\/api.w.org\/{rel}","templated":true}]}}