{"id":114462,"date":"2021-11-13T23:12:14","date_gmt":"2021-11-13T22:12:14","guid":{"rendered":"https:\/\/shop.metal-badge.ch\/?post_type=product&#038;p=114462"},"modified":"2021-11-13T23:26:14","modified_gmt":"2021-11-13T22:26:14","slug":"lunettes-de-soleil-pour-hommes-original-miroir-uv400-2","status":"publish","type":"product","link":"https:\/\/metal-badge.ch\/fr\/product\/114462\/lunettes-de-soleil-pour-hommes-original-miroir-uv400-2\/","title":{"rendered":"Lunettes de soleil pour hommes Original miroir UV400"},"content":{"rendered":"<p><span style=\"font-weight: 400;\">Lunettes de soleil de la marque <\/span><b>Dilicn <\/b><span style=\"font-weight: 400;\">avec \u00e9tui \u00e0 lunettes, chiffon en microfibres et \u00e9lastique \u00e0 lunettes. Lunettes \u00e9l\u00e9gantes avec une monture noire et des verres miroirs bleus. Les lunettes de soleil sont des lunettes de soleil r\u00e9tro carr\u00e9es de style vintage. Ces lunettes de soleil classiques sont le compagnon id\u00e9al pour la conduite, le sport, les festivals, le v\u00e9lo, le ski et la randonn\u00e9e.&nbsp;<\/span><\/p>\n<p><b>Informations sur le produit :&nbsp;<\/b><\/p>\n<ul>\n<li><span style=\"font-weight: 400;\">Marque : Dilicn<\/span><\/li>\n<li><span style=\"font-weight: 400;\">Mod\u00e8le : R\u00e9tro homme<\/span><\/li>\n<li><span style=\"font-weight: 400;\">Couleur de la monture&nbsp;: noir&nbsp;<\/span><\/li>\n<li><span style=\"font-weight: 400;\">Couleur des verres : bleu&nbsp;<\/span><\/li>\n<li><span style=\"font-weight: 400;\">Protection UV 400 (cat\u00e9gorie 3)<\/span><\/li>\n<li><span style=\"font-weight: 400;\">Forme angulaire avec verres miroirs et teint\u00e9s<\/span><\/li>\n<li><span style=\"font-weight: 400;\">Qualit\u00e9 sup\u00e9rieure<\/span><\/li>\n<li><span style=\"font-weight: 400;\">Poids : 25 g&nbsp;<\/span><\/li>\n<\/ul>\n<p><b>Mati\u00e8re&nbsp;:<\/b><span style=\"font-weight: 400;\"><br \/>\n<\/span><\/p>\n<ul>\n<li><span style=\"font-weight: 400;\">Monture : Plastique<\/span><span style=\"font-weight: 400;\"><br \/>\n<\/span><\/li>\n<li><span style=\"font-weight: 400;\">Verres : Polycarbonate UV 400<\/span><\/li>\n<\/ul>\n<p><b>Dimensions :<\/b><span style=\"font-weight: 400;\"><br \/>\n<\/span><\/p>\n<ul>\n<li><span style=\"font-weight: 400;\">Largeur de la monture : 145 mm<\/span><span style=\"font-weight: 400;\"><br \/>\n<\/span><\/li>\n<li><span style=\"font-weight: 400;\">Largeur du pont de nez&nbsp;: 17 mm<\/span><span style=\"font-weight: 400;\"><br \/>\n<\/span><\/li>\n<li><span style=\"font-weight: 400;\">Largeur du verre&nbsp;: 58 mm<\/span><span style=\"font-weight: 400;\"><br \/>\n<\/span><\/li>\n<li><span style=\"font-weight: 400;\">Hauteur du verre&nbsp;: 40 mm<\/span><span style=\"font-weight: 400;\"><br \/>\n<\/span><\/li>\n<li><span style=\"font-weight: 400;\">Longueur des branches&nbsp;: 135 mm<\/span><\/li>\n<li><span style=\"font-weight: 400;\">Comprend \u00e9tui \u00e0 lunettes,&nbsp; \u00e9lastiques \u00e0 lunettes et chiffon de nettoyage en microfibre <\/span><\/li>\n<\/ul>\n","protected":false},"excerpt":{"rendered":"<p><span style=\"font-weight: 400;\">Lunettes de soleil de la marque <\/span><b>Dilicn <\/b><span style=\"font-weight: 400;\">avec \u00e9tui \u00e0 lunettes, chiffon en microfibres et \u00e9lastique \u00e0 lunettes. Lunettes \u00e9l\u00e9gantes avec une monture noire et des verres miroirs bleus. Les lunettes de soleil sont des lunettes de soleil r\u00e9tro carr\u00e9es de style vintage. Ces lunettes de soleil classiques sont le compagnon id\u00e9al pour la conduite, le sport, les festivals, le v\u00e9lo, le ski et la randonn\u00e9e.&nbsp;<\/span><\/p>\n","protected":false},"featured_media":114466,"comment_status":"closed","ping_status":"closed","template":"","meta":{"inline_featured_image":false},"product_brand":[],"product_cat":[1115],"product_tag":[],"class_list":{"0":"post-114462","1":"product","2":"type-product","3":"status-publish","4":"has-post-thumbnail","6":"product_cat-lunettes-de-protection-lunettes-de-soleil","8":"first","9":"instock","10":"taxable","11":"shipping-taxable","12":"purchasable","13":"product-type-simple"},"_links":{"self":[{"href":"https:\/\/metal-badge.ch\/fr\/wp-json\/wp\/v2\/product\/114462","targetHints":{"allow":["GET"]}}],"collection":[{"href":"https:\/\/metal-badge.ch\/fr\/wp-json\/wp\/v2\/product"}],"about":[{"href":"https:\/\/metal-badge.ch\/fr\/wp-json\/wp\/v2\/types\/product"}],"replies":[{"embeddable":true,"href":"https:\/\/metal-badge.ch\/fr\/wp-json\/wp\/v2\/comments?post=114462"}],"wp:featuredmedia":[{"embeddable":true,"href":"https:\/\/metal-badge.ch\/fr\/wp-json\/wp\/v2\/media\/114466"}],"wp:attachment":[{"href":"https:\/\/metal-badge.ch\/fr\/wp-json\/wp\/v2\/media?parent=114462"}],"wp:term":[{"taxonomy":"product_brand","embeddable":true,"href":"https:\/\/metal-badge.ch\/fr\/wp-json\/wp\/v2\/product_brand?post=114462"},{"taxonomy":"product_cat","embeddable":true,"href":"https:\/\/metal-badge.ch\/fr\/wp-json\/wp\/v2\/product_cat?post=114462"},{"taxonomy":"product_tag","embeddable":true,"href":"https:\/\/metal-badge.ch\/fr\/wp-json\/wp\/v2\/product_tag?post=114462"}],"curies":[{"name":"wp","href":"https:\/\/api.w.org\/{rel}","templated":true}]}}