{"id":114390,"date":"2021-11-12T16:24:58","date_gmt":"2021-11-12T15:24:59","guid":{"rendered":"https:\/\/shop.metal-badge.ch\/?post_type=product&#038;p=114390"},"modified":"2021-11-12T16:40:20","modified_gmt":"2021-11-12T15:40:20","slug":"lunettes-de-sport-noires-uv-400","status":"publish","type":"product","link":"https:\/\/metal-badge.ch\/fr\/product\/114390\/lunettes-de-sport-noires-uv-400\/","title":{"rendered":"Lunettes de sport noires UV 400"},"content":{"rendered":"<p><span style=\"font-weight: 400;\">Design \u00e9l\u00e9gant et sportif, lunettes de sport modernes, ergonomiques et confortables&nbsp;<\/span><\/p>\n<p><span style=\"font-weight: 400;\">de la marque <\/span><b>Dilicn <\/b><span style=\"font-weight: 400;\">avec \u00e9tui \u00e0 lunettes, chiffon en microfibres et \u00e9lastique \u00e0 lunettes. Le cadre est fabriqu\u00e9 en plastique l\u00e9ger et durable. Les plaquettes nasales confortables et caoutchout\u00e9es garantissent un maintien s\u00fbr \u00e0 tout moment. Verres robustes en polycarbonate conformes \u00e0 la norme EN 166 avec traitement anti-rayures et incassable des deux c\u00f4t\u00e9s pour une qualit\u00e9 optique parfaite.<\/span><\/p>\n<p><b>Informations sur le produit :&nbsp;<\/b><\/p>\n<ul>\n<li><span style=\"font-weight: 400;\">Marque : Dilicn<\/span><\/li>\n<li><span style=\"font-weight: 400;\">Mod\u00e8le : Lunettes de soleil de sport pour hommes&nbsp;<\/span><\/li>\n<li><span style=\"font-weight: 400;\">Couleur de la monture&nbsp;: noir&nbsp;<\/span><\/li>\n<li><span style=\"font-weight: 400;\">Couleur des verres : sombre&nbsp;&nbsp;<\/span><\/li>\n<li><span style=\"font-weight: 400;\">Monture l\u00e9g\u00e8re \/ verres incassables et inrayables<\/span><\/li>\n<li><span style=\"font-weight: 400;\">Protection UV 400 (cat\u00e9gorie 3)<\/span><span style=\"font-weight: 400;\"><br \/>\n<\/span><\/li>\n<li><span style=\"font-weight: 400;\">Plaquettes nasales caoutchout\u00e9es<\/span><\/li>\n<li><span style=\"font-weight: 400;\">Poids : 24 g&nbsp;<\/span><\/li>\n<\/ul>\n<p><b>Mati\u00e8re&nbsp;:<\/b><span style=\"font-weight: 400;\"><br \/>\n<\/span><\/p>\n<ul>\n<li><span style=\"font-weight: 400;\">Monture : Plastique<\/span><span style=\"font-weight: 400;\"><br \/>\n<\/span><\/li>\n<li><span style=\"font-weight: 400;\">Verres : Polycarbonate UV 400<\/span><\/li>\n<\/ul>\n<p><b>Dimensions :<\/b><span style=\"font-weight: 400;\"><br \/>\n<\/span><\/p>\n<ul>\n<li><span style=\"font-weight: 400;\">Largeur de la monture : 145 mm<\/span><span style=\"font-weight: 400;\"><br \/>\n<\/span><\/li>\n<li><span style=\"font-weight: 400;\">Largeur du pont de nez&nbsp;: 14 mm<\/span><span style=\"font-weight: 400;\"><br \/>\n<\/span><\/li>\n<li><span style=\"font-weight: 400;\">Largeur du verre&nbsp;: 76 mm<\/span><b><br \/>\n<\/b><\/li>\n<li><span style=\"font-weight: 400;\">Hauteur du verre&nbsp;: 40 mm<\/span><span style=\"font-weight: 400;\"><br \/>\n<\/span><\/li>\n<li><span style=\"font-weight: 400;\">Longueur des branches&nbsp;: 122 mm<\/span><\/li>\n<li><span style=\"font-weight: 400;\">Comprend \u00e9tui \u00e0 lunettes,&nbsp; \u00e9lastiques \u00e0 lunettes et chiffon de nettoyage en microfibre<\/span><\/li>\n<\/ul>\n","protected":false},"excerpt":{"rendered":"<p><span style=\"font-weight: 400;\">Design \u00e9l\u00e9gant et sportif, lunettes de sport modernes, ergonomiques et confortables&nbsp;<\/span><\/p>\n<p><span style=\"font-weight: 400;\">de la marque <\/span><b>Dilicn <\/b><span style=\"font-weight: 400;\">avec \u00e9tui \u00e0 lunettes, chiffon en microfibres et \u00e9lastique \u00e0 lunettes. Le cadre est fabriqu\u00e9 en plastique l\u00e9ger et durable. Les plaquettes nasales confortables et caoutchout\u00e9es garantissent un maintien s\u00fbr \u00e0 tout moment. Verres robustes en polycarbonate conformes \u00e0 la norme EN 166 avec traitement anti-rayures et incassable des deux c\u00f4t\u00e9s pour une qualit\u00e9 optique parfaite.<\/span><\/p>\n","protected":false},"featured_media":114394,"comment_status":"closed","ping_status":"closed","template":"","meta":{"inline_featured_image":false},"product_brand":[],"product_cat":[1115],"product_tag":[],"class_list":{"0":"post-114390","1":"product","2":"type-product","3":"status-publish","4":"has-post-thumbnail","6":"product_cat-lunettes-de-protection-lunettes-de-soleil","8":"first","9":"instock","10":"taxable","11":"shipping-taxable","12":"purchasable","13":"product-type-simple"},"_links":{"self":[{"href":"https:\/\/metal-badge.ch\/fr\/wp-json\/wp\/v2\/product\/114390","targetHints":{"allow":["GET"]}}],"collection":[{"href":"https:\/\/metal-badge.ch\/fr\/wp-json\/wp\/v2\/product"}],"about":[{"href":"https:\/\/metal-badge.ch\/fr\/wp-json\/wp\/v2\/types\/product"}],"replies":[{"embeddable":true,"href":"https:\/\/metal-badge.ch\/fr\/wp-json\/wp\/v2\/comments?post=114390"}],"wp:featuredmedia":[{"embeddable":true,"href":"https:\/\/metal-badge.ch\/fr\/wp-json\/wp\/v2\/media\/114394"}],"wp:attachment":[{"href":"https:\/\/metal-badge.ch\/fr\/wp-json\/wp\/v2\/media?parent=114390"}],"wp:term":[{"taxonomy":"product_brand","embeddable":true,"href":"https:\/\/metal-badge.ch\/fr\/wp-json\/wp\/v2\/product_brand?post=114390"},{"taxonomy":"product_cat","embeddable":true,"href":"https:\/\/metal-badge.ch\/fr\/wp-json\/wp\/v2\/product_cat?post=114390"},{"taxonomy":"product_tag","embeddable":true,"href":"https:\/\/metal-badge.ch\/fr\/wp-json\/wp\/v2\/product_tag?post=114390"}],"curies":[{"name":"wp","href":"https:\/\/api.w.org\/{rel}","templated":true}]}}