{"id":114350,"date":"2021-11-12T15:07:52","date_gmt":"2021-11-12T14:07:53","guid":{"rendered":"https:\/\/shop.metal-badge.ch\/?post_type=product&#038;p=114350"},"modified":"2021-11-12T15:20:06","modified_gmt":"2021-11-12T14:20:06","slug":"lunettes-de-soleil-de-sport-uv-400-camouflage","status":"publish","type":"product","link":"https:\/\/metal-badge.ch\/fr\/product\/114350\/lunettes-de-soleil-de-sport-uv-400-camouflage\/","title":{"rendered":"Lunettes de soleil de sport UV 400 camouflage"},"content":{"rendered":"<p><span style=\"font-weight: 400;\">Lunettes de soleil camouflage comprenant un \u00e9tui \u00e0 lunettes, un chiffon en microfibre et une sangle pour lunettes. Monture au look camouflage avec des verres sombres de protection solaire UV 400. Le cadre est fabriqu\u00e9 en plastique l\u00e9ger et durable. Les plaquettes nasales confortables et caoutchout\u00e9es garantissent un maintien s\u00fbr \u00e0 tout moment. Ces lunettes de soleil sportives sont le compagnon id\u00e9al pour la chasse, la randonn\u00e9e et toutes les activit\u00e9s de plein air.&nbsp;<\/span><\/p>\n<p><b>Informations sur le produit :&nbsp;<\/b><\/p>\n<ul>\n<li><span style=\"font-weight: 400;\">Marque : Dilicn<\/span><\/li>\n<li><span style=\"font-weight: 400;\">Mod\u00e8le : Lunettes de soleil de sport pour hommes&nbsp;<\/span><\/li>\n<li><span style=\"font-weight: 400;\">Couleur de la monture&nbsp;: camouflage&nbsp;<\/span><\/li>\n<li><span style=\"font-weight: 400;\">Couleur des verres : sombre&nbsp;<\/span><\/li>\n<li><span style=\"font-weight: 400;\">Protection UV 400 (cat\u00e9gorie 3)<\/span><span style=\"font-weight: 400;\"><br \/>\n<\/span><\/li>\n<li><span style=\"font-weight: 400;\">Plaquettes nasales souples<\/span><\/li>\n<\/ul>\n<p><span style=\"font-weight: 400;\">Poids : 24 g&nbsp;<\/span><\/p>\n<p><b>Mati\u00e8re&nbsp;:<\/b><span style=\"font-weight: 400;\"><br \/>\n<\/span><\/p>\n<ul>\n<li><span style=\"font-weight: 400;\">Monture : Plastique<\/span><span style=\"font-weight: 400;\"><br \/>\n<\/span><\/li>\n<li><span style=\"font-weight: 400;\">Verres : Polycarbonate UV 400<\/span><\/li>\n<\/ul>\n<p><b>Dimensions :<\/b><span style=\"font-weight: 400;\"><br \/>\n<\/span><\/p>\n<ul>\n<li><span style=\"font-weight: 400;\">Largeur de la monture : 140 mm<\/span><span style=\"font-weight: 400;\"><br \/>\n<\/span><\/li>\n<li><span style=\"font-weight: 400;\">Largeur du pont de nez&nbsp;: 15 mm<\/span><span style=\"font-weight: 400;\"><br \/>\n<\/span><\/li>\n<li><span style=\"font-weight: 400;\">Largeur du verre&nbsp;: 70 mm<\/span><b><br \/>\n<\/b><\/li>\n<li><span style=\"font-weight: 400;\">Hauteur du verre&nbsp;: 40 mm<\/span><span style=\"font-weight: 400;\"><br \/>\n<\/span><\/li>\n<li><span style=\"font-weight: 400;\">Longueur des branches&nbsp;: 120 mm<\/span><\/li>\n<li><span style=\"font-weight: 400;\">Comprend \u00e9tui \u00e0 lunettes,&nbsp; \u00e9lastiques \u00e0 lunettes et chiffon de nettoyage en microfibre&nbsp;<\/span><\/li>\n<\/ul>\n","protected":false},"excerpt":{"rendered":"<p><span style=\"font-weight: 400;\">Lunettes de soleil de la marque <\/span><b>Dilicn <\/b><span style=\"font-weight: 400;\">avec \u00e9tui \u00e0 lunettes, chiffon en microfibres et \u00e9lastique \u00e0 lunettes. Monture grise tendance avec un design orange et des lentilles sombres de protection solaire UV 400. Les branches l\u00e9g\u00e8rement flexibles et souples s&rsquo;adaptent bien \u00e0 la forme de la t\u00eate et assurent une bonne tenue des lunettes. De plus, les branches fines \u00e0 deux couleurs donnent un look sportif. Les plaquettes nasales confortables et caoutchout\u00e9es garantissent un maintien s\u00fbr \u00e0 tout moment. Les lunettes de sport pour toutes les activit\u00e9s d\u2019ext\u00e9rieur.&nbsp;<\/span><\/p>\n","protected":false},"featured_media":114354,"comment_status":"closed","ping_status":"closed","template":"","meta":{"inline_featured_image":false},"product_brand":[],"product_cat":[1115],"product_tag":[],"class_list":{"0":"post-114350","1":"product","2":"type-product","3":"status-publish","4":"has-post-thumbnail","6":"product_cat-lunettes-de-protection-lunettes-de-soleil","8":"first","9":"instock","10":"taxable","11":"shipping-taxable","12":"purchasable","13":"product-type-simple"},"_links":{"self":[{"href":"https:\/\/metal-badge.ch\/fr\/wp-json\/wp\/v2\/product\/114350","targetHints":{"allow":["GET"]}}],"collection":[{"href":"https:\/\/metal-badge.ch\/fr\/wp-json\/wp\/v2\/product"}],"about":[{"href":"https:\/\/metal-badge.ch\/fr\/wp-json\/wp\/v2\/types\/product"}],"replies":[{"embeddable":true,"href":"https:\/\/metal-badge.ch\/fr\/wp-json\/wp\/v2\/comments?post=114350"}],"wp:featuredmedia":[{"embeddable":true,"href":"https:\/\/metal-badge.ch\/fr\/wp-json\/wp\/v2\/media\/114354"}],"wp:attachment":[{"href":"https:\/\/metal-badge.ch\/fr\/wp-json\/wp\/v2\/media?parent=114350"}],"wp:term":[{"taxonomy":"product_brand","embeddable":true,"href":"https:\/\/metal-badge.ch\/fr\/wp-json\/wp\/v2\/product_brand?post=114350"},{"taxonomy":"product_cat","embeddable":true,"href":"https:\/\/metal-badge.ch\/fr\/wp-json\/wp\/v2\/product_cat?post=114350"},{"taxonomy":"product_tag","embeddable":true,"href":"https:\/\/metal-badge.ch\/fr\/wp-json\/wp\/v2\/product_tag?post=114350"}],"curies":[{"name":"wp","href":"https:\/\/api.w.org\/{rel}","templated":true}]}}