{"id":114275,"date":"2021-11-10T04:09:08","date_gmt":"2021-11-10T03:09:09","guid":{"rendered":"https:\/\/shop.metal-badge.ch\/?post_type=product&#038;p=114275"},"modified":"2021-11-13T23:46:48","modified_gmt":"2021-11-13T22:46:48","slug":"lunettes-de-soleil-avec-filtre-polarisant-homme","status":"publish","type":"product","link":"https:\/\/metal-badge.ch\/fr\/product\/114275\/lunettes-de-soleil-avec-filtre-polarisant-homme\/","title":{"rendered":"Lunettes de soleil avec filtre polarisant homme"},"content":{"rendered":"<p><b>Dilicn<\/b><span style=\"font-weight: 400;\"> est une paire de lunettes de sport extr\u00eamement confortable avec un rembourrage int\u00e9rieur et garantissant confort et s\u00e9curit\u00e9. Les lunettes de soleil qui se comportent comme un cam\u00e9l\u00e9on avec leur filtre polarisant. Les verres photochromiques sont des verres qui s&rsquo;adaptent automatiquement aux conditions de luminosit\u00e9. Ils s&rsquo;assombrissent automatiquement lorsqu&rsquo;ils entrent en contact avec la lumi\u00e8re du soleil et redeviennent plus clairs en l&rsquo;absence de ceux-ci. Les verre auto-teintants s&rsquo;adaptent facilement \u00e0 toutes les conditions de visibilit\u00e9. Conception et fonctionnalit\u00e9 sportives ultimes. Convient \u00e0 vos yeux et \u00e0 une grande vari\u00e9t\u00e9 d&rsquo;environnements, que vous fassiez du v\u00e9lo, du ski, du golf, de la p\u00eache, de la randonn\u00e9e ou de la conduite. Avec ces lunettes, vous prot\u00e9gez vos yeux avec une protection UV de 100 % au plus haut niveau.<\/span><\/p>\n<p><b>Informations sur le produit :&nbsp;<\/b><\/p>\n<ul>\n<li><span style=\"font-weight: 400;\">Marque : Dilicn&nbsp;<\/span><\/li>\n<li><span style=\"font-weight: 400;\">D\u00e9signation : Lunettes de soleil de sport<\/span><\/li>\n<li><span style=\"font-weight: 400;\">Couleur de la monture&nbsp;: noir, bleu<\/span><\/li>\n<li><span style=\"font-weight: 400;\">Couleur des verres : polaris\u00e9s&nbsp;&nbsp;<\/span><\/li>\n<li><span style=\"font-weight: 400;\">Protection UV 400 <\/span><span style=\"font-weight: 400;\"><br \/>\n<\/span><\/li>\n<li><span style=\"font-weight: 400;\">Qualit\u00e9 sup\u00e9rieure avec rembourrage en mousse&nbsp;<\/span><\/li>\n<li><span style=\"font-weight: 400;\">Poids : 30 g&nbsp;<\/span><\/li>\n<\/ul>\n<p><b>Mati\u00e8re&nbsp;:<\/b><span style=\"font-weight: 400;\"><br \/>\n<\/span><\/p>\n<ul>\n<li><span style=\"font-weight: 400;\">Monture : Plastique<\/span><span style=\"font-weight: 400;\"><br \/>\n<\/span><\/li>\n<li><span style=\"font-weight: 400;\">Verres : polaris\u00e9s, polycarbonate UV 400<\/span><\/li>\n<\/ul>\n<p><b>Dimensions :<\/b><span style=\"font-weight: 400;\"><br \/>\n<\/span><\/p>\n<ul>\n<li><span style=\"font-weight: 400;\">Largeur de la monture : 140 mm<\/span><span style=\"font-weight: 400;\"><br \/>\n<\/span><\/li>\n<li><span style=\"font-weight: 400;\">Largeur du pont de nez&nbsp;: 15 mm<\/span><span style=\"font-weight: 400;\"><br \/>\n<\/span><\/li>\n<li><span style=\"font-weight: 400;\">Largeur du verre&nbsp;: 64 mm<\/span><span style=\"font-weight: 400;\"><br \/>\n<\/span><\/li>\n<li><span style=\"font-weight: 400;\">Hauteur du verre&nbsp;: 35 mm<\/span><span style=\"font-weight: 400;\"><br \/>\n<\/span><\/li>\n<li><span style=\"font-weight: 400;\">Longueur des branches&nbsp;: 130 mm<\/span><\/li>\n<li><span style=\"font-weight: 400;\">Comprend \u00e9tui \u00e0 lunettes,&nbsp; \u00e9lastiques \u00e0 lunettes et chiffon de nettoyage en microfibre <\/span><\/li>\n<\/ul>\n<p>&nbsp;<\/p>\n","protected":false},"excerpt":{"rendered":"<p><b>Dilicn<\/b><span style=\"font-weight: 400;\"> est une paire de lunettes de sport extr\u00eamement confortable avec un rembourrage int\u00e9rieur et garantissant confort et s\u00e9curit\u00e9. Les lunettes de soleil qui se comportent comme un cam\u00e9l\u00e9on avec leur filtre polarisant. Les verres photochromiques sont des verres qui s&rsquo;adaptent automatiquement aux conditions de luminosit\u00e9.<\/span><\/p>\n","protected":false},"featured_media":114279,"comment_status":"closed","ping_status":"closed","template":"","meta":{"inline_featured_image":false},"product_brand":[],"product_cat":[1115],"product_tag":[],"class_list":{"0":"post-114275","1":"product","2":"type-product","3":"status-publish","4":"has-post-thumbnail","6":"product_cat-lunettes-de-protection-lunettes-de-soleil","8":"first","9":"instock","10":"taxable","11":"shipping-taxable","12":"purchasable","13":"product-type-simple"},"_links":{"self":[{"href":"https:\/\/metal-badge.ch\/fr\/wp-json\/wp\/v2\/product\/114275","targetHints":{"allow":["GET"]}}],"collection":[{"href":"https:\/\/metal-badge.ch\/fr\/wp-json\/wp\/v2\/product"}],"about":[{"href":"https:\/\/metal-badge.ch\/fr\/wp-json\/wp\/v2\/types\/product"}],"replies":[{"embeddable":true,"href":"https:\/\/metal-badge.ch\/fr\/wp-json\/wp\/v2\/comments?post=114275"}],"wp:featuredmedia":[{"embeddable":true,"href":"https:\/\/metal-badge.ch\/fr\/wp-json\/wp\/v2\/media\/114279"}],"wp:attachment":[{"href":"https:\/\/metal-badge.ch\/fr\/wp-json\/wp\/v2\/media?parent=114275"}],"wp:term":[{"taxonomy":"product_brand","embeddable":true,"href":"https:\/\/metal-badge.ch\/fr\/wp-json\/wp\/v2\/product_brand?post=114275"},{"taxonomy":"product_cat","embeddable":true,"href":"https:\/\/metal-badge.ch\/fr\/wp-json\/wp\/v2\/product_cat?post=114275"},{"taxonomy":"product_tag","embeddable":true,"href":"https:\/\/metal-badge.ch\/fr\/wp-json\/wp\/v2\/product_tag?post=114275"}],"curies":[{"name":"wp","href":"https:\/\/api.w.org\/{rel}","templated":true}]}}