{"id":114239,"date":"2021-11-10T00:54:32","date_gmt":"2021-11-09T23:54:32","guid":{"rendered":"https:\/\/shop.metal-badge.ch\/?post_type=product&#038;p=114239"},"modified":"2021-11-10T01:05:47","modified_gmt":"2021-11-10T00:05:47","slug":"lunettes-de-soleil-pour-hommes-avec-protection-uv-400-noires-2","status":"publish","type":"product","link":"https:\/\/metal-badge.ch\/fr\/product\/114239\/lunettes-de-soleil-pour-hommes-avec-protection-uv-400-noires-2\/","title":{"rendered":"Lunettes de soleil pour hommes avec protection UV 400 noires"},"content":{"rendered":"<p><span style=\"font-weight: 400;\">Ces lunettes de soleil extr\u00eamement confortables garantissent confort et s\u00e9curit\u00e9.<\/span><\/p>\n<p><span style=\"font-weight: 400;\">Design sportif ultime comprenant un \u00e9tui \u00e0 lunettes, un chiffon en microfibre et une sangle pour lunettes. Ces lunettes \u00e9l\u00e9gantes sont dot\u00e9es d&rsquo;une monture noire et de verres miroirs pour un look tr\u00e8s tendance. Les plaquettes nasales confortables et caoutchout\u00e9es garantissent un maintien s\u00fbr \u00e0 tout moment. Le compagnon id\u00e9al pour la conduite, le sport, les festivals, le v\u00e9lo, le ski et la randonn\u00e9e.&nbsp;<\/span><\/p>\n<p><b>Informations sur le produit :&nbsp;<\/b><\/p>\n<ul>\n<li><span style=\"font-weight: 400;\">Marque : Dilicn&nbsp;<\/span><\/li>\n<li><span style=\"font-weight: 400;\">D\u00e9signation : Lunettes de sport 9309<\/span><\/li>\n<li><span style=\"font-weight: 400;\">Couleur de la monture&nbsp;: noir mat<\/span><\/li>\n<li><span style=\"font-weight: 400;\">Couleur : miroir&nbsp;&nbsp;&nbsp;<\/span><\/li>\n<li><span style=\"font-weight: 400;\">Protection UV 400&nbsp;<\/span><\/li>\n<li><span style=\"font-weight: 400;\">Plaquettes nasales souples<\/span><\/li>\n<li><span style=\"font-weight: 400;\">Poids : 28 g&nbsp;<\/span><\/li>\n<\/ul>\n<p><b>Mati\u00e8re&nbsp;:<\/b><span style=\"font-weight: 400;\"><br \/>\n<\/span><\/p>\n<ul>\n<li><span style=\"font-weight: 400;\">Monture : Plastique<\/span><span style=\"font-weight: 400;\"><br \/>\n<\/span><\/li>\n<li><span style=\"font-weight: 400;\">Verres : Polycarbonate UV 400<\/span><\/li>\n<\/ul>\n<p><b>Dimensions :<\/b><span style=\"font-weight: 400;\"><br \/>\n<\/span><\/p>\n<ul>\n<li><span style=\"font-weight: 400;\">Largeur de la monture : 145 mm<\/span><span style=\"font-weight: 400;\"><br \/>\n<\/span><\/li>\n<li><span style=\"font-weight: 400;\">Largeur du pont de nez&nbsp;: 17 mm<\/span><span style=\"font-weight: 400;\"><br \/>\n<\/span><\/li>\n<li><span style=\"font-weight: 400;\">Largeur du verre&nbsp;: 60 mm<\/span><span style=\"font-weight: 400;\"><br \/>\n<\/span><\/li>\n<li><span style=\"font-weight: 400;\">Hauteur du verre&nbsp;: 40 mm<\/span><span style=\"font-weight: 400;\"><br \/>\n<\/span><\/li>\n<li><span style=\"font-weight: 400;\">Longueur des branches&nbsp;: 125 mm<\/span><\/li>\n<li><span style=\"font-weight: 400;\">Comprend \u00e9tui \u00e0 lunettes,&nbsp; \u00e9lastiques \u00e0 lunettes et chiffon de nettoyage en microfibre&nbsp;<\/span><\/li>\n<\/ul>\n","protected":false},"excerpt":{"rendered":"<p><span style=\"font-weight: 400;\">Ces lunettes de soleil extr\u00eamement confortables garantissent confort et s\u00e9curit\u00e9.<\/span><\/p>\n<p><span style=\"font-weight: 400;\">Design sportif ultime comprenant un \u00e9tui \u00e0 lunettes, un chiffon en microfibre et une sangle pour lunettes. Ces lunettes \u00e9l\u00e9gantes sont dot\u00e9es d&rsquo;une monture noire et de verres miroirs pour un look tr\u00e8s tendance. Les plaquettes nasales confortables et caoutchout\u00e9es garantissent un maintien s\u00fbr \u00e0 tout moment. Le compagnon id\u00e9al pour la conduite, le sport, les festivals, le v\u00e9lo, le ski et la randonn\u00e9e.&nbsp;<\/span><\/p>\n","protected":false},"featured_media":114243,"comment_status":"closed","ping_status":"closed","template":"","meta":{"inline_featured_image":false},"product_brand":[],"product_cat":[1115],"product_tag":[],"class_list":{"0":"post-114239","1":"product","2":"type-product","3":"status-publish","4":"has-post-thumbnail","6":"product_cat-lunettes-de-protection-lunettes-de-soleil","8":"first","9":"instock","10":"taxable","11":"shipping-taxable","12":"purchasable","13":"product-type-simple"},"_links":{"self":[{"href":"https:\/\/metal-badge.ch\/fr\/wp-json\/wp\/v2\/product\/114239","targetHints":{"allow":["GET"]}}],"collection":[{"href":"https:\/\/metal-badge.ch\/fr\/wp-json\/wp\/v2\/product"}],"about":[{"href":"https:\/\/metal-badge.ch\/fr\/wp-json\/wp\/v2\/types\/product"}],"replies":[{"embeddable":true,"href":"https:\/\/metal-badge.ch\/fr\/wp-json\/wp\/v2\/comments?post=114239"}],"wp:featuredmedia":[{"embeddable":true,"href":"https:\/\/metal-badge.ch\/fr\/wp-json\/wp\/v2\/media\/114243"}],"wp:attachment":[{"href":"https:\/\/metal-badge.ch\/fr\/wp-json\/wp\/v2\/media?parent=114239"}],"wp:term":[{"taxonomy":"product_brand","embeddable":true,"href":"https:\/\/metal-badge.ch\/fr\/wp-json\/wp\/v2\/product_brand?post=114239"},{"taxonomy":"product_cat","embeddable":true,"href":"https:\/\/metal-badge.ch\/fr\/wp-json\/wp\/v2\/product_cat?post=114239"},{"taxonomy":"product_tag","embeddable":true,"href":"https:\/\/metal-badge.ch\/fr\/wp-json\/wp\/v2\/product_tag?post=114239"}],"curies":[{"name":"wp","href":"https:\/\/api.w.org\/{rel}","templated":true}]}}