{"id":114039,"date":"2021-11-08T23:38:51","date_gmt":"2021-11-08T22:38:51","guid":{"rendered":"https:\/\/shop.metal-badge.ch\/product\/114039\/dossier-de-conference-porte-documents-avec-poignees-retractables\/"},"modified":"2021-11-08T23:38:51","modified_gmt":"2021-11-08T22:38:51","slug":"dossier-de-conference-porte-documents-avec-poignees-retractables","status":"publish","type":"product","link":"https:\/\/metal-badge.ch\/fr\/product\/114039\/dossier-de-conference-porte-documents-avec-poignees-retractables\/","title":{"rendered":"Dossier de conf\u00e9rence, porte-documents avec poign\u00e9es r\u00e9tractables"},"content":{"rendered":"<p><span style=\"font-weight: 400;\">\u00c9l\u00e9gant dossier de conf\u00e9rence, porte-documents, organiseur et mallette tout en un.<\/span> <span style=\"font-weight: 400;\">En similicuir, format A4, avec fermeture \u00e9clair. <\/span><span style=\"font-weight: 400;\">Avec m\u00e9canisme d&rsquo;anneau amovible et compartiments pour tablette \/ Ipad 14&Prime;, t\u00e9l\u00e9phone portable, banque d&rsquo;alimentation, cl\u00e9s USB, cartes de visite, calculatrice et stylo-bille.<\/span><span style=\"font-weight: 400;\"> Gr\u00e2ce \u00e0 ses poign\u00e9es r\u00e9tractables, ce dossier peut \u00e9galement \u00eatre utilis\u00e9 comme porte-documents. Fourni avec un bloc-notes A4 \u00e0 carreaux. Cette mallette offre un grand espace de rangement et se concentre \u00e9galement sur les petits d\u00e9tails.&nbsp;<\/span><\/p>\n<p><b>Informations sur le produit :&nbsp;<\/b><\/p>\n<ul>\n<li><span style=\"font-weight: 400;\">D\u00e9signation : Dossier de r\u00e9daction \/ de conf\u00e9rence&nbsp;<\/span><\/li>\n<li><span style=\"font-weight: 400;\">Mati\u00e8re&nbsp;: Similicuir<\/span><\/li>\n<li><span style=\"font-weight: 400;\">Couleur : ext\u00e9rieur brun \/ int\u00e9rieur noir<\/span><\/li>\n<li><span style=\"font-weight: 400;\">Type de fermeture : fermeture \u00e9clair&nbsp;<\/span><\/li>\n<li><span style=\"font-weight: 400;\">Caract\u00e9ristiques : Compartiment pour cartes de visite, pochettes, compartiment A4, boucles pour stylos, pochette pour cartes d&rsquo;identit\u00e9, etc.&nbsp;<\/span><\/li>\n<li><span style=\"font-weight: 400;\">Poign\u00e9es : repliables gr\u00e2ce \u00e0 un aimant.&nbsp;<\/span><\/li>\n<li><span style=\"font-weight: 400;\">Nombreux compartiments et fentes<\/span><\/li>\n<li><span style=\"font-weight: 400;\">Avec syst\u00e8me d&rsquo;anneau quadruple<\/span><\/li>\n<li><span style=\"font-weight: 400;\">Bloc-notes A4 inclus<\/span><\/li>\n<li><span style=\"font-weight: 400;\">Dimensions : largeur 25 cm x hauteur 34 cm x profondeur 5 cm<\/span><\/li>\n<li><span style=\"font-weight: 400;\">Poids : 990 g enti\u00e8rement \u00e9quip\u00e9<\/span><\/li>\n<li><span style=\"font-weight: 400;\">Comprend une calculatrice, des stylos-bille en m\u00e9tal de haute qualit\u00e9 et un bloc-notes A4.<\/span><\/li>\n<\/ul>\n","protected":false},"excerpt":{"rendered":"<p><span style=\"font-weight: 400;\">\u00c9l\u00e9gant dossier de conf\u00e9rence, porte-documents, organiseur et mallette tout en un.<\/span> <span style=\"font-weight: 400;\">En similicuir, format A4, avec fermeture \u00e9clair. <\/span><span style=\"font-weight: 400;\">Avec m\u00e9canisme d&rsquo;anneau amovible et compartiments pour tablette \/ Ipad 14&Prime;, t\u00e9l\u00e9phone portable, banque d&rsquo;alimentation, cl\u00e9s USB, cartes de visite, calculatrice et stylo-bille.<\/span><span style=\"font-weight: 400;\"> Gr\u00e2ce \u00e0 ses poign\u00e9es r\u00e9tractables, ce dossier peut \u00e9galement \u00eatre utilis\u00e9 comme porte-documents. Fourni avec un bloc-notes A4 \u00e0 carreaux. Cette mallette offre un grand espace de rangement et se concentre \u00e9galement sur les petits d\u00e9tails.<\/span><\/p>\n","protected":false},"featured_media":113932,"comment_status":"closed","ping_status":"closed","template":"","meta":{"inline_featured_image":false},"product_brand":[],"product_cat":[887],"product_tag":[1781],"class_list":{"0":"post-114039","1":"product","2":"type-product","3":"status-publish","4":"has-post-thumbnail","6":"product_cat-accessoires","7":"product_tag-police-securite","9":"first","10":"instock","11":"taxable","12":"shipping-taxable","13":"purchasable","14":"product-type-simple"},"_links":{"self":[{"href":"https:\/\/metal-badge.ch\/fr\/wp-json\/wp\/v2\/product\/114039","targetHints":{"allow":["GET"]}}],"collection":[{"href":"https:\/\/metal-badge.ch\/fr\/wp-json\/wp\/v2\/product"}],"about":[{"href":"https:\/\/metal-badge.ch\/fr\/wp-json\/wp\/v2\/types\/product"}],"replies":[{"embeddable":true,"href":"https:\/\/metal-badge.ch\/fr\/wp-json\/wp\/v2\/comments?post=114039"}],"wp:featuredmedia":[{"embeddable":true,"href":"https:\/\/metal-badge.ch\/fr\/wp-json\/wp\/v2\/media\/113932"}],"wp:attachment":[{"href":"https:\/\/metal-badge.ch\/fr\/wp-json\/wp\/v2\/media?parent=114039"}],"wp:term":[{"taxonomy":"product_brand","embeddable":true,"href":"https:\/\/metal-badge.ch\/fr\/wp-json\/wp\/v2\/product_brand?post=114039"},{"taxonomy":"product_cat","embeddable":true,"href":"https:\/\/metal-badge.ch\/fr\/wp-json\/wp\/v2\/product_cat?post=114039"},{"taxonomy":"product_tag","embeddable":true,"href":"https:\/\/metal-badge.ch\/fr\/wp-json\/wp\/v2\/product_tag?post=114039"}],"curies":[{"name":"wp","href":"https:\/\/api.w.org\/{rel}","templated":true}]}}