{"id":114000,"date":"2021-11-09T00:48:45","date_gmt":"2021-11-08T23:48:46","guid":{"rendered":"https:\/\/shop.metal-badge.ch\/?post_type=product&#038;p=114000"},"modified":"2021-11-09T01:03:01","modified_gmt":"2021-11-09T00:03:01","slug":"lunettes-de-soleil-de-moto-effet-miroir-uv-400","status":"publish","type":"product","link":"https:\/\/metal-badge.ch\/fr\/product\/114000\/lunettes-de-soleil-de-moto-effet-miroir-uv-400\/","title":{"rendered":"Lunettes de soleil de moto effet miroir UV 400"},"content":{"rendered":"<p><span style=\"font-weight: 400;\">Lunettes de soleil de moto pratiques au design sportif, avec masque anti-vent en mousse amovible qui offre une excellente protection contre le vent et un ajustement optimal. Le rembourrage en mousse assurent un ajustement confortable et emp\u00eachent la poussi\u00e8re et autres de p\u00e9n\u00e9trer. Le masque int\u00e9rieur est facile \u00e0 retirer, de sorte que vous disposez de lunettes de soleil sportives normales et l\u00e9g\u00e8res avec deux fonctions. Les lunettes de soleil sont livr\u00e9es avec un \u00e9tui \u00e0 lunettes, un chiffon en microfibres et une sangle pour lunettes. Le cadre est fabriqu\u00e9 en plastique l\u00e9ger et durable. Verres robustes en polycarbonate r\u00e9fl\u00e9chissant conformes \u00e0 la norme EN 166 avec traitement anti-rayures des deux c\u00f4t\u00e9s pour une qualit\u00e9 optique parfaite.<\/span><\/p>\n<p><b>Informations sur le produit :&nbsp;<\/b><\/p>\n<ul>\n<li><span style=\"font-weight: 400;\">Marque : Dilicn<\/span><\/li>\n<li><span style=\"font-weight: 400;\">Mod\u00e8le : Lunettes de soleil de sport pour hommes 1208<\/span><\/li>\n<li><span style=\"font-weight: 400;\">Couleur de la monture : blanc \/ rouge&nbsp;&nbsp;<\/span><\/li>\n<li><span style=\"font-weight: 400;\">Couleur des verres : miroir&nbsp;&nbsp;&nbsp;<\/span><\/li>\n<li><span style=\"font-weight: 400;\">Monture l\u00e9g\u00e8re \/ verres incassables et inrayables<\/span><\/li>\n<li><span style=\"font-weight: 400;\">Protection UV 400<\/span><span style=\"font-weight: 400;\"><br \/>\n<\/span><span style=\"font-weight: 400;\">Poids avec masque int\u00e9rieur : 40 g&nbsp;<\/span><\/li>\n<li><span style=\"font-weight: 400;\">Poids sans masque int\u00e9rieur : 26 g.&nbsp;<\/span><\/li>\n<\/ul>\n<p><b>Mati\u00e8re&nbsp;:<\/b><span style=\"font-weight: 400;\"><br \/>\n<\/span><\/p>\n<ul>\n<li><span style=\"font-weight: 400;\">Monture : Plastique<\/span><span style=\"font-weight: 400;\"><br \/>\n<\/span><\/li>\n<li><span style=\"font-weight: 400;\">Verres : Polycarbonate UV 400 effet miroir&nbsp;<\/span><\/li>\n<\/ul>\n<p><b>Dimensions :<\/b><span style=\"font-weight: 400;\"><br \/>\n<\/span><\/p>\n<ul>\n<li><span style=\"font-weight: 400;\">Largeur de la monture : 140 mm<\/span><span style=\"font-weight: 400;\"><br \/>\n<\/span><\/li>\n<li><span style=\"font-weight: 400;\">Largeur du pont de nez&nbsp;: 20 mm<\/span><span style=\"font-weight: 400;\"><br \/>\n<\/span><\/li>\n<li><span style=\"font-weight: 400;\">Largeur du verre&nbsp;: 65 mm<\/span><b><br \/>\n<\/b><\/li>\n<li><span style=\"font-weight: 400;\">Hauteur du verre&nbsp;: 40 mm<\/span><span style=\"font-weight: 400;\"><br \/>\n<\/span><\/li>\n<li><span style=\"font-weight: 400;\">Longueur des branches&nbsp;: 120 mm<\/span><\/li>\n<li><span style=\"font-weight: 400;\">Comprend \u00e9tui \u00e0 lunettes,&nbsp; \u00e9lastiques \u00e0 lunettes et chiffon de nettoyage en microfibre<\/span><\/li>\n<\/ul>\n<p>&nbsp;<\/p>\n","protected":false},"excerpt":{"rendered":"<p><span style=\"font-weight: 400;\">Lunettes de soleil de moto pratiques au design sportif, avec masque anti-vent en mousse amovible qui offre une excellente protection contre le vent et un ajustement optimal. Le rembourrage en mousse assurent un ajustement confortable et emp\u00eachent la poussi\u00e8re et autres de p\u00e9n\u00e9trer. Le masque int\u00e9rieur est facile \u00e0 retirer, de sorte que vous disposez de lunettes de soleil sportives normales et l\u00e9g\u00e8res avec deux fonctions. Les lunettes de soleil sont livr\u00e9es avec un \u00e9tui \u00e0 lunettes, un chiffon en microfibres et une sangle pour lunettes. Le cadre est fabriqu\u00e9 en plastique l\u00e9ger et durable. Verres robustes en polycarbonate r\u00e9fl\u00e9chissant conformes \u00e0 la norme EN 166 avec traitement anti-rayures des deux c\u00f4t\u00e9s pour une qualit\u00e9 optique parfaite.<\/span><\/p>\n","protected":false},"featured_media":114004,"comment_status":"closed","ping_status":"closed","template":"","meta":{"inline_featured_image":false},"product_brand":[],"product_cat":[1115],"product_tag":[],"class_list":{"0":"post-114000","1":"product","2":"type-product","3":"status-publish","4":"has-post-thumbnail","6":"product_cat-lunettes-de-protection-lunettes-de-soleil","8":"first","9":"instock","10":"taxable","11":"shipping-taxable","12":"purchasable","13":"product-type-simple"},"_links":{"self":[{"href":"https:\/\/metal-badge.ch\/fr\/wp-json\/wp\/v2\/product\/114000","targetHints":{"allow":["GET"]}}],"collection":[{"href":"https:\/\/metal-badge.ch\/fr\/wp-json\/wp\/v2\/product"}],"about":[{"href":"https:\/\/metal-badge.ch\/fr\/wp-json\/wp\/v2\/types\/product"}],"replies":[{"embeddable":true,"href":"https:\/\/metal-badge.ch\/fr\/wp-json\/wp\/v2\/comments?post=114000"}],"wp:featuredmedia":[{"embeddable":true,"href":"https:\/\/metal-badge.ch\/fr\/wp-json\/wp\/v2\/media\/114004"}],"wp:attachment":[{"href":"https:\/\/metal-badge.ch\/fr\/wp-json\/wp\/v2\/media?parent=114000"}],"wp:term":[{"taxonomy":"product_brand","embeddable":true,"href":"https:\/\/metal-badge.ch\/fr\/wp-json\/wp\/v2\/product_brand?post=114000"},{"taxonomy":"product_cat","embeddable":true,"href":"https:\/\/metal-badge.ch\/fr\/wp-json\/wp\/v2\/product_cat?post=114000"},{"taxonomy":"product_tag","embeddable":true,"href":"https:\/\/metal-badge.ch\/fr\/wp-json\/wp\/v2\/product_tag?post=114000"}],"curies":[{"name":"wp","href":"https:\/\/api.w.org\/{rel}","templated":true}]}}